{"id":52395,"date":"2024-08-13T16:24:43","date_gmt":"2024-08-13T21:24:43","guid":{"rendered":"https:\/\/bibliaherramientas.com\/libreria\/?post_type=product&#038;p=52395"},"modified":"2026-01-06T13:32:29","modified_gmt":"2026-01-06T19:32:29","slug":"libro-manso-y-humilde-dane-ortlund-9781087736259","status":"publish","type":"product","link":"https:\/\/bibliaherramientas.com\/libreria\/producto\/libro-manso-y-humilde-dane-ortlund-9781087736259\/","title":{"rendered":"Libro Manso Y Humilde &#8211; Dane Ortlund"},"content":{"rendered":"<p>LIBRO NUEVO<\/p>\n<p>Los cristianos conocen lo que Cristo Jes\u00fas ha hecho, pero, \u00bfQui\u00e9n es \u00c9l? \u00bfCu\u00e1l es Su coraz\u00f3n para Su pueblo, el cual va fatigado y vacilante en su jornada hacia el cielo? Jes\u00fas dijo que \u00c9l es \u00abmanso y humilde de coraz\u00f3n\u00bb. Este libro refleja esas palabras, y revela una verdad central, aunque ignorada, sobre qui\u00e9n es \u00c9l para los pecadores y las personas que sufren hoy en d\u00eda.<br \/>\n&#8212;&#8212;&#8212;&#8212;&#8212;&#8212;&#8212;&#8212;&#8212;&#8212;<br \/>\nAutor: Dane C. Ortlund (Doctorado de Wheaton College) sirve como pastor principal de la Iglesia Presbiterana de Naperville. Dane y su esposa tienen Stacey tienen 5 hijos y residen en Naperville, Illinois.<br \/>\n&#8212;&#8212;&#8212;&#8212;&#8212;&#8212;&#8212;&#8212;&#8212;&#8212;<br \/>\nCualquier duda estamos a tus \u00f3rdenes. Bendiciones!<\/p>\n","protected":false},"excerpt":{"rendered":"<p>Los cristianos conocen lo que Cristo Jes\u00fas ha hecho, pero, \u00bfQui\u00e9n es \u00c9l? \u00bfCu\u00e1l es Su coraz\u00f3n para Su pueblo, el cual va fatigado y vacilante en su jornada hacia el cielo?<\/p>\n","protected":false},"featured_media":52397,"comment_status":"open","ping_status":"closed","template":"","meta":{"_acf_changed":false},"product_brand":[],"product_cat":[735,666,533],"product_tag":[],"class_list":{"0":"post-52395","1":"product","2":"type-product","3":"status-publish","4":"has-post-thumbnail","6":"product_cat-editoriales-bh-espanol","7":"product_cat-crecimiento-espiritual","8":"product_cat-libros-general","10":"first","11":"instock","12":"purchasable","13":"product-type-simple"},"acf":[],"_links":{"self":[{"href":"https:\/\/bibliaherramientas.com\/libreria\/wp-json\/wp\/v2\/product\/52395","targetHints":{"allow":["GET"]}}],"collection":[{"href":"https:\/\/bibliaherramientas.com\/libreria\/wp-json\/wp\/v2\/product"}],"about":[{"href":"https:\/\/bibliaherramientas.com\/libreria\/wp-json\/wp\/v2\/types\/product"}],"replies":[{"embeddable":true,"href":"https:\/\/bibliaherramientas.com\/libreria\/wp-json\/wp\/v2\/comments?post=52395"}],"wp:featuredmedia":[{"embeddable":true,"href":"https:\/\/bibliaherramientas.com\/libreria\/wp-json\/wp\/v2\/media\/52397"}],"wp:attachment":[{"href":"https:\/\/bibliaherramientas.com\/libreria\/wp-json\/wp\/v2\/media?parent=52395"}],"wp:term":[{"taxonomy":"product_brand","embeddable":true,"href":"https:\/\/bibliaherramientas.com\/libreria\/wp-json\/wp\/v2\/product_brand?post=52395"},{"taxonomy":"product_cat","embeddable":true,"href":"https:\/\/bibliaherramientas.com\/libreria\/wp-json\/wp\/v2\/product_cat?post=52395"},{"taxonomy":"product_tag","embeddable":true,"href":"https:\/\/bibliaherramientas.com\/libreria\/wp-json\/wp\/v2\/product_tag?post=52395"}],"curies":[{"name":"wp","href":"https:\/\/api.w.org\/{rel}","templated":true}]}}