{"id":52316,"date":"2024-08-12T17:22:13","date_gmt":"2024-08-12T22:22:13","guid":{"rendered":"https:\/\/bibliaherramientas.com\/libreria\/?post_type=product&#038;p=52316"},"modified":"2026-01-06T13:32:27","modified_gmt":"2026-01-06T19:32:27","slug":"biblia-reina-valera-1960-ultrafina-indice-cierre-cafe-9788941291152","status":"publish","type":"product","link":"https:\/\/bibliaherramientas.com\/libreria\/producto\/biblia-reina-valera-1960-ultrafina-indice-cierre-cafe-9788941291152\/","title":{"rendered":"Biblia Reina Valera 1960 Ultrafina \u00cdndice Cierre Caf\u00e9"},"content":{"rendered":"<p>RECURSO NUEVO<br \/>\n&#8211; Qu\u00e9 se encuentra en la Biblia.<br \/>\n&#8211; C\u00f3mo leer la Biblia.<br \/>\n&#8211; Plan para leer la Biblia en un a\u00f1o.<br \/>\n&#8211; Lecturas para d\u00edas especiales.<br \/>\n&#8211; Referencias.<br \/>\n&#8211; Concordancia.<br \/>\n&#8211; C\u00f3mo encontrar ayuda en la Biblia.<br \/>\n&#8211; Calendario Hebreo.<br \/>\n&#8211; Nombres de Dios en Hebreo y Griego.<br \/>\n&#8211; Medidas 22.3 x 15.24 x 2.54 cms.<br \/>\n&#8211; Tama\u00f1o de la letra es de 10 Puntos.<\/p>\n<p>&#8212;&#8212;&#8212;&#8212;&#8212;&#8212;&#8212;&#8211;<\/p>\n<p>Cualquier duda estamos a tus \u00f3rdenes. Bendiciones!<\/p>\n","protected":false},"excerpt":{"rendered":"<p>Biblia con Qu\u00e9 se encuentra en la Biblia, C\u00f3mo leer la Biblia y Plan para leer la Biblia en un a\u00f1o.<\/p>\n","protected":false},"featured_media":52320,"comment_status":"open","ping_status":"closed","template":"","meta":{"_acf_changed":false},"product_brand":[],"product_cat":[872,877,867,498,884,748],"product_tag":[],"class_list":{"0":"post-52316","1":"product","2":"type-product","3":"status-publish","4":"has-post-thumbnail","6":"product_cat-biblias-10-11-puntos","7":"product_cat-biblias-imitacion-piel","8":"product_cat-biblias-medianas","9":"product_cat-biblias-personales","10":"product_cat-biblias-rvr1960","11":"product_cat-editoriales-sociedades-biblicas-unidas","13":"first","14":"outofstock","15":"purchasable","16":"product-type-simple"},"acf":[],"_links":{"self":[{"href":"https:\/\/bibliaherramientas.com\/libreria\/wp-json\/wp\/v2\/product\/52316","targetHints":{"allow":["GET"]}}],"collection":[{"href":"https:\/\/bibliaherramientas.com\/libreria\/wp-json\/wp\/v2\/product"}],"about":[{"href":"https:\/\/bibliaherramientas.com\/libreria\/wp-json\/wp\/v2\/types\/product"}],"replies":[{"embeddable":true,"href":"https:\/\/bibliaherramientas.com\/libreria\/wp-json\/wp\/v2\/comments?post=52316"}],"wp:featuredmedia":[{"embeddable":true,"href":"https:\/\/bibliaherramientas.com\/libreria\/wp-json\/wp\/v2\/media\/52320"}],"wp:attachment":[{"href":"https:\/\/bibliaherramientas.com\/libreria\/wp-json\/wp\/v2\/media?parent=52316"}],"wp:term":[{"taxonomy":"product_brand","embeddable":true,"href":"https:\/\/bibliaherramientas.com\/libreria\/wp-json\/wp\/v2\/product_brand?post=52316"},{"taxonomy":"product_cat","embeddable":true,"href":"https:\/\/bibliaherramientas.com\/libreria\/wp-json\/wp\/v2\/product_cat?post=52316"},{"taxonomy":"product_tag","embeddable":true,"href":"https:\/\/bibliaherramientas.com\/libreria\/wp-json\/wp\/v2\/product_tag?post=52316"}],"curies":[{"name":"wp","href":"https:\/\/api.w.org\/{rel}","templated":true}]}}