{"id":52305,"date":"2024-08-12T16:47:11","date_gmt":"2024-08-12T21:47:11","guid":{"rendered":"https:\/\/bibliaherramientas.com\/libreria\/?post_type=product&#038;p=52305"},"modified":"2026-01-06T13:32:26","modified_gmt":"2026-01-06T19:32:26","slug":"biblia-reina-valera-1960-compacta-floreada-fiusha-simil-piel-9789587456387","status":"publish","type":"product","link":"https:\/\/bibliaherramientas.com\/libreria\/producto\/biblia-reina-valera-1960-compacta-floreada-fiusha-simil-piel-9789587456387\/","title":{"rendered":"Biblia Reina Valera 1960 Compacta Floreada Fiusha S\u00edmil Piel"},"content":{"rendered":"<p>BIBLIA NUEVA<\/p>\n<p>CARACTER\u00cdSTICAS:<br \/>\nMedidas: 13 X 18 x 2,5 cm.<br \/>\nPeso: 575g.<br \/>\nTapa flexible s\u00edmil piel estampado con cierre.<br \/>\nTama\u00f1o de letra 10 puntos.<br \/>\nP\u00e1ginas: 1760.<\/p>\n<p>CONTIENE:<br \/>\n&#8211; Concordancia.<br \/>\n&#8211; Palabras de Cristo resaltadas.<br \/>\n&#8211; Referencias.<br \/>\n&#8211; Cinta marcadora.<br \/>\n&#8211; Lo que se encuentra en la Biblia.<br \/>\n&#8211; C\u00f3mo leer la Biblia.<br \/>\n&#8211; Pasajes famosos en Biblia.<br \/>\n&#8211; La Biblia en un a\u00f1o.<br \/>\n&#8211; C\u00f3mo est\u00e1 formada la Biblia.<br \/>\n&#8211; Hojas para notas.<br \/>\n&#8211; 17 Mapas B\/N.<\/p>\n<p>Contenido extra a trav\u00e9s de C\u00f3digos QR con v\u00eddeos explicativos como:<br \/>\n&#8211; Qu\u00e9 es la Biblia.<br \/>\n&#8211; Estructura de la Biblia.<br \/>\n&#8211; Buscar un pasaje en la Biblia.<br \/>\n&#8211; Mensaje principal de la Biblia.<br \/>\n&#8211; Idiomas en que se escribi\u00f3 la Biblia.<br \/>\n&#8211; Formaci\u00f3n de la Biblia.<br \/>\n&#8211; Beneficios de leer la Biblia.<br \/>\n&#8211; Interpretaci\u00f3n que Jes\u00fas hac\u00eda de las Escrituras.<\/p>\n<p>QR para profundizar en las Escrituras:<br \/>\n&#8211; Introducci\u00f3n al AT y el Pentateuco.<br \/>\n&#8211; Introducci\u00f3n al NT y los Evang\u00e9licos.<br \/>\n&#8211; Introducci\u00f3n a cada libro de la Biblia.<br \/>\n&#8211; Panorama General de los libros de la Biblia.<br \/>\n&#8211; Divisi\u00f3n del d\u00eda.<br \/>\n&#8211; Calendario Hebreo (incluido fiestas).<br \/>\n&#8212;&#8212;&#8212;&#8212;&#8212;&#8212;&#8212;&#8212;&#8212;&#8212;-<br \/>\nCualquier duda estamos a tus \u00f3rdenes. Bendiciones!<\/p>\n","protected":false},"excerpt":{"rendered":"<p>Biblia con concordancia, palabras de Cristo resaltadas, referencias y cinta marcadora.<\/p>\n","protected":false},"featured_media":52311,"comment_status":"open","ping_status":"closed","template":"","meta":{"_acf_changed":false},"product_brand":[],"product_cat":[872,866,877,498,884,748],"product_tag":[],"class_list":{"0":"post-52305","1":"product","2":"type-product","3":"status-publish","4":"has-post-thumbnail","6":"product_cat-biblias-10-11-puntos","7":"product_cat-biblias-compactas","8":"product_cat-biblias-imitacion-piel","9":"product_cat-biblias-personales","10":"product_cat-biblias-rvr1960","11":"product_cat-editoriales-sociedades-biblicas-unidas","13":"first","14":"instock","15":"purchasable","16":"product-type-simple"},"acf":[],"_links":{"self":[{"href":"https:\/\/bibliaherramientas.com\/libreria\/wp-json\/wp\/v2\/product\/52305","targetHints":{"allow":["GET"]}}],"collection":[{"href":"https:\/\/bibliaherramientas.com\/libreria\/wp-json\/wp\/v2\/product"}],"about":[{"href":"https:\/\/bibliaherramientas.com\/libreria\/wp-json\/wp\/v2\/types\/product"}],"replies":[{"embeddable":true,"href":"https:\/\/bibliaherramientas.com\/libreria\/wp-json\/wp\/v2\/comments?post=52305"}],"wp:featuredmedia":[{"embeddable":true,"href":"https:\/\/bibliaherramientas.com\/libreria\/wp-json\/wp\/v2\/media\/52311"}],"wp:attachment":[{"href":"https:\/\/bibliaherramientas.com\/libreria\/wp-json\/wp\/v2\/media?parent=52305"}],"wp:term":[{"taxonomy":"product_brand","embeddable":true,"href":"https:\/\/bibliaherramientas.com\/libreria\/wp-json\/wp\/v2\/product_brand?post=52305"},{"taxonomy":"product_cat","embeddable":true,"href":"https:\/\/bibliaherramientas.com\/libreria\/wp-json\/wp\/v2\/product_cat?post=52305"},{"taxonomy":"product_tag","embeddable":true,"href":"https:\/\/bibliaherramientas.com\/libreria\/wp-json\/wp\/v2\/product_tag?post=52305"}],"curies":[{"name":"wp","href":"https:\/\/api.w.org\/{rel}","templated":true}]}}