{"id":52302,"date":"2024-08-10T13:51:15","date_gmt":"2024-08-10T18:51:15","guid":{"rendered":"https:\/\/bibliaherramientas.com\/libreria\/?post_type=product&#038;p=52302"},"modified":"2026-01-06T13:32:26","modified_gmt":"2026-01-06T19:32:26","slug":"libro-victoria-sobre-la-oscuridad-bolsillo-neil-t-anderson-9780789919182","status":"publish","type":"product","link":"https:\/\/bibliaherramientas.com\/libreria\/producto\/libro-victoria-sobre-la-oscuridad-bolsillo-neil-t-anderson-9780789919182\/","title":{"rendered":"Libro Victoria Sobre La Oscuridad (bolsillo) Neil T Anderson"},"content":{"rendered":"<p>RECURSO NUEVO<br \/>\n&#8211; Dimensiones: 10.8 x 1.3 x 16.5 cms.<br \/>\n&#8211; Tama\u00f1o de letra: Normal.<br \/>\n&#8211; Tipo de pasta: Suave.<br \/>\n&#8211; P\u00e1ginas: 256.<br \/>\n&#8211; Peso: 140 g.<\/p>\n<p>\u00a1DESCUBRE QUI\u00c9N ERES EN CRISTO!<br \/>\n&#8220;Y conocer\u00e9is la verdad, y la verdad os har\u00e1 libres&#8221; Juan 8:32.<\/p>\n<p>Esta es la promesa de Jes\u00fas para ti &#8211; la promesa que vivir\u00e1s en victoria. Pero, \u00bfQu\u00e9 impide realmente caminar en el gozo del Se\u00f1or? Los poderes de la oscuridad nos atacan a diario, pero el doctor Neil Anderson nos demuestra en &#8220;Victoria sobre la oscuridad&#8221;, que puedes tener el poder de conquistarlos al saber qui\u00e9n eres en Cristo. En &#8220;Victoria sobre la oscuridad&#8221; aprender\u00e1s a:<\/p>\n<p>&#8211; Conocer el poder de tu identidad en Cristo.<br \/>\n&#8211; A liberarte de las cargas de tu pasado.<br \/>\n&#8211; Estar firme contra las fuerzas espirituales de este mundo.<br \/>\n&#8211; Ganar la batalla para tu mente.<br \/>\n&#8211; Llegar a ser la persona espiritual que desea ser.<br \/>\n&#8211; Descubrir la verdad acerca de c\u00f3mo Dios te ve.<\/p>\n<p>Neil Anderson ha ampliado y actualizado su \u00e9xito de librer\u00eda Victoria sobre la oscuridad para una nueva generaci\u00f3n de lectores, explicando con claridad maneras pr\u00e1cticas y productivas para el crecimiento espiritual basadas en la promesa de Cristo. Aprende a aplicar las verdades de las escrituras como el fundamento para renovar tu mente y convertirte en la persona que Cristo desea que t\u00fa seas.<\/p>\n<p>RECOMENDACIONES DEL LIBRO<\/p>\n<p>&#8220;Innumerables personas han encontrado verdadera libertad en Cristo a trav\u00e9s de la sabidur\u00eda que Dios la ha otorgado a Neil Anderson. Entre ellos se encuentra el mayor de mis hijos&#8221;.<\/p>\n<p>&#8220;El Se\u00f1or le ha dado a Neil Anderson un maravilloso modelo de asesoramiento y discipulado, que ha representado ser una geniuna bendici\u00f3n para el Cuerpo de Cristo&#8221;.<\/p>\n<p>&#8220;\u00a1Neil Anderson toca uno de los puntos neurol\u00f3gicos y de gran necesidad en el Cuerpo de Cristo! En la esfera del crecimiento espiritual, su ministerio demuestra solidez, confianza y, por encima de todo, su fundamento es b\u00edblico y cristoc\u00e9ntrico. Lo recomiendo a \u00e9l y a la obra que desempe\u00f1a&#8221;.<\/p>\n<p>\u2014\u2014\u2014\u2014\u2014\u2014\u2014\u2014\u2014\u2014\u2014\u2014\u2014<\/p>\n<p>Neil T. Anderson es fundador y presidente em\u00e9rito del Ministerio Libertad en Cristo, con representaci\u00f3n en m\u00e1s de setenta pa\u00edses. Antiguo profesor de Teolog\u00eda Talbot, es autor o coautor de setenta libres, que incluyen &#8220;Victoria sobre la oscuridad, Discipulado en consejer\u00eda, Libre del miedo, Controla tu ira, Restaurado y C\u00f3mo ganar la guerra espiritual&#8221;<\/p>\n<p>&#8212;&#8212;&#8212;&#8212;&#8212;&#8212;&#8212;&#8212;&#8212;&#8211;<\/p>\n<p>Cualquier duda estamos a tus \u00f3rdenes. Bendiciones!<\/p>\n","protected":false},"excerpt":{"rendered":"<p>Esta es la promesa de Jes\u00fas para ti &#8211; la promesa que vivir\u00e1s en victoria. Pero, \u00bfQu\u00e9 impide realmente caminar en el gozo del Se\u00f1or? Los poderes de la oscuridad nos atacan a diario, pero el doctor Neil Anderson nos demuestra en &#8220;Victoria sobre la oscuridad&#8221;, que puedes tener el poder de conquistarlos al saber qui\u00e9n eres en Cristo.<\/p>\n","protected":false},"featured_media":52303,"comment_status":"open","ping_status":"closed","template":"","meta":{"_acf_changed":false},"product_brand":[],"product_cat":[665,666,533,743],"product_tag":[],"class_list":{"0":"post-52302","1":"product","2":"type-product","3":"status-publish","4":"has-post-thumbnail","6":"product_cat-ayuda","7":"product_cat-crecimiento-espiritual","8":"product_cat-libros-general","9":"product_cat-editoriales-unilit","11":"first","12":"instock","13":"purchasable","14":"product-type-simple"},"acf":[],"_links":{"self":[{"href":"https:\/\/bibliaherramientas.com\/libreria\/wp-json\/wp\/v2\/product\/52302","targetHints":{"allow":["GET"]}}],"collection":[{"href":"https:\/\/bibliaherramientas.com\/libreria\/wp-json\/wp\/v2\/product"}],"about":[{"href":"https:\/\/bibliaherramientas.com\/libreria\/wp-json\/wp\/v2\/types\/product"}],"replies":[{"embeddable":true,"href":"https:\/\/bibliaherramientas.com\/libreria\/wp-json\/wp\/v2\/comments?post=52302"}],"wp:featuredmedia":[{"embeddable":true,"href":"https:\/\/bibliaherramientas.com\/libreria\/wp-json\/wp\/v2\/media\/52303"}],"wp:attachment":[{"href":"https:\/\/bibliaherramientas.com\/libreria\/wp-json\/wp\/v2\/media?parent=52302"}],"wp:term":[{"taxonomy":"product_brand","embeddable":true,"href":"https:\/\/bibliaherramientas.com\/libreria\/wp-json\/wp\/v2\/product_brand?post=52302"},{"taxonomy":"product_cat","embeddable":true,"href":"https:\/\/bibliaherramientas.com\/libreria\/wp-json\/wp\/v2\/product_cat?post=52302"},{"taxonomy":"product_tag","embeddable":true,"href":"https:\/\/bibliaherramientas.com\/libreria\/wp-json\/wp\/v2\/product_tag?post=52302"}],"curies":[{"name":"wp","href":"https:\/\/api.w.org\/{rel}","templated":true}]}}