{"id":52279,"date":"2024-08-10T12:02:20","date_gmt":"2024-08-10T17:02:20","guid":{"rendered":"https:\/\/bibliaherramientas.com\/libreria\/?post_type=product&#038;p=52279"},"modified":"2026-01-06T13:32:25","modified_gmt":"2026-01-06T19:32:25","slug":"biblia-de-apuntes-generacion-joven-rvc-tapa-dura-9781598778250","status":"publish","type":"product","link":"https:\/\/bibliaherramientas.com\/libreria\/producto\/biblia-de-apuntes-generacion-joven-rvc-tapa-dura-9781598778250\/","title":{"rendered":"Biblia De Apuntes Generaci\u00f3n Joven Rvc Tapa Dura"},"content":{"rendered":"<div>BIBLIA NUEVA<\/div>\n<div><\/div>\n<div>La Biblia que tienes en tus manos contiene la versi\u00f3n Reina Valera Contempor\u00e1nea, con un mont\u00f3n de notas y ayudas adicionales creadas especialmente para ti. No importa si has le\u00eddo la Biblias antes, o cuan conectado estas con Dios, esta Biblia es para ti.<\/div>\n<div><\/div>\n<div>Con la ayuda de j\u00f3venes, nos ayudaron a realizarla. Mira todo lo que tiene:<\/div>\n<div><\/div>\n<div>&#8211; Enlace a 30 videos de temas actuales y contrast\u00e1ndolo con la Biblia a trav\u00e9s del QR.<\/div>\n<div>&#8211; Cientos de elementos interactivas que te inspiran a profundizar la palabra de Dios.<\/div>\n<div>&#8211; Espacio para escribir y dibujar.<\/div>\n<div>&#8211; Introducci\u00f3n a cada libro de la Biblia.<\/div>\n<div>&#8211; 32 P\u00e1ginas con cuestiones claves de la Biblia.<\/div>\n<div>&#8211; Grandes temas lo que dice la Biblia sobre: La creaci\u00f3n, medio ambiente, preocupaci\u00f3n, ansiedad y bullying.<\/div>\n<div>&#8211; Referencias.<\/div>\n<div>&#8211; Cinta separadora.<\/div>\n<div>&#8211; Canto azul.<\/div>\n<div>&#8211; Sin \u00edndice.<\/div>\n<div>&#8212;&#8212;&#8212;&#8212;&#8212;&#8212;&#8212;&#8212;&#8212;&#8212;&#8212;-<\/div>\n<div>Cualquier duda estamos a tus \u00f3rdenes. Bendiciones!<\/div>\n","protected":false},"excerpt":{"rendered":"<p>La Biblia que tienes en tus manos contiene la versi\u00f3n Reina Valera Contempor\u00e1nea, con un mont\u00f3n de notas y ayudas adicionales creadas especialmente para ti. No importa si has le\u00eddo la Biblias antes, o cuan conectado estas con Dios, esta Biblia es para ti.<\/p>\n","protected":false},"featured_media":52280,"comment_status":"open","ping_status":"closed","template":"","meta":{"_acf_changed":false},"product_brand":[],"product_cat":[872,463,868,494,890,879,748],"product_tag":[],"class_list":{"0":"post-52279","1":"product","2":"type-product","3":"status-publish","4":"has-post-thumbnail","6":"product_cat-biblias-10-11-puntos","7":"product_cat-biblias-estudio","8":"product_cat-biblias-grandes","9":"product_cat-biblias-juveniles","10":"product_cat-biblias-rvc","11":"product_cat-biblias-tapa-dura","12":"product_cat-editoriales-sociedades-biblicas-unidas","14":"first","15":"instock","16":"purchasable","17":"product-type-simple"},"acf":[],"_links":{"self":[{"href":"https:\/\/bibliaherramientas.com\/libreria\/wp-json\/wp\/v2\/product\/52279","targetHints":{"allow":["GET"]}}],"collection":[{"href":"https:\/\/bibliaherramientas.com\/libreria\/wp-json\/wp\/v2\/product"}],"about":[{"href":"https:\/\/bibliaherramientas.com\/libreria\/wp-json\/wp\/v2\/types\/product"}],"replies":[{"embeddable":true,"href":"https:\/\/bibliaherramientas.com\/libreria\/wp-json\/wp\/v2\/comments?post=52279"}],"wp:featuredmedia":[{"embeddable":true,"href":"https:\/\/bibliaherramientas.com\/libreria\/wp-json\/wp\/v2\/media\/52280"}],"wp:attachment":[{"href":"https:\/\/bibliaherramientas.com\/libreria\/wp-json\/wp\/v2\/media?parent=52279"}],"wp:term":[{"taxonomy":"product_brand","embeddable":true,"href":"https:\/\/bibliaherramientas.com\/libreria\/wp-json\/wp\/v2\/product_brand?post=52279"},{"taxonomy":"product_cat","embeddable":true,"href":"https:\/\/bibliaherramientas.com\/libreria\/wp-json\/wp\/v2\/product_cat?post=52279"},{"taxonomy":"product_tag","embeddable":true,"href":"https:\/\/bibliaherramientas.com\/libreria\/wp-json\/wp\/v2\/product_tag?post=52279"}],"curies":[{"name":"wp","href":"https:\/\/api.w.org\/{rel}","templated":true}]}}