{"id":52257,"date":"2024-08-08T16:40:51","date_gmt":"2024-08-08T21:40:51","guid":{"rendered":"https:\/\/bibliaherramientas.com\/libreria\/?post_type=product&#038;p=52257"},"modified":"2026-01-06T01:32:38","modified_gmt":"2026-01-06T07:32:38","slug":"diccionario-enciclopedico-biblico-ilustrado-9788418204067","status":"publish","type":"product","link":"https:\/\/bibliaherramientas.com\/libreria\/producto\/diccionario-enciclopedico-biblico-ilustrado-9788418204067\/","title":{"rendered":"Diccionario Enciclop\u00e9dico B\u00edblico Ilustrado"},"content":{"rendered":"<p>RECURSO NUEVO<br \/>\n&#8211; Dimensiones: 16.5 x 23.3 x 6.9 cms.<br \/>\n&#8211; Tama\u00f1o de letra: Normal.<br \/>\n&#8211; Tipo de pasta: Dura.<br \/>\n&#8211; P\u00e1ginas: 1632.<br \/>\n&#8211; Peso: 2.7 kg.<\/p>\n<p>La nueva edici\u00f3n del Diccionario enciclop\u00e9dico b\u00edblico ilustrado ha sido actualizada para su edici\u00f3n del 2021. Cuenta con las aportaciones acad\u00e9micas de las ciencias b\u00edblicas m\u00e1s recientes, diferenci\u00e1ndolo de otros Diccionarios incluyendo el formato ePub del Diccionario manual b\u00edblico totalmente gratis.<\/p>\n<p>El Diccionario enciclop\u00e9dico b\u00edblico ilustrado es el m\u00e1s actual, completo y \u00fatil por su calidad y contenido en el que se ha conseguido integrar y combinar im\u00e1genes e ilustraciones con informaci\u00f3n detallada de sus t\u00e9rminos. Incluye:<\/p>\n<p>CONTENIDO:<br \/>\n&#8211; Traducci\u00f3n de los t\u00e9rminos originales de las lenguas b\u00edblicas.<br \/>\n&#8211; Numeraci\u00f3n en correspondencia a la Concordancia de Strong.<br \/>\n&#8211; Historia b\u00edblica y pol\u00edtica de los pueblos vecinos y contempor\u00e1neos.<br \/>\n&#8211; Arqueolog\u00eda y geograf\u00eda. Pa\u00edses, regiones, valles, montes, r\u00edos y desiertos.<br \/>\n&#8211; Flora y fauna. Animales y plantas mencionadas tanto en sentido natural como simb\u00f3lico.<br \/>\n&#8211; Personajes principales y secundarios. Atenci\u00f3n especial a los m\u00e1s importantes por su acci\u00f3n o su relevancia en la historia de la salvaci\u00f3n.<br \/>\n&#8211; Doctrina y teolog\u00eda.<br \/>\n&#8211; Hermen\u00e9utica.<br \/>\n&#8211; Costumbres y religi\u00f3n.<br \/>\n&#8211; Visi\u00f3n can\u00f3nica de la historia b\u00edblica. Estudio del origen y desarrollo de las ideas y creencias jud\u00edas.<br \/>\n&#8211; Ilustrado con m\u00e1s de 500 fotograf\u00edas.<br \/>\n&#8211; M\u00e1s de 50 mapas a color.<br \/>\n&#8211; Referencias cruzadas.<br \/>\n&#8211; Rotulado alfab\u00e9tico.<\/p>\n<p>Cualquier lector aprovechar\u00e1 esta obra para informarse de un modo general o para formarse a un nivel detallado y profundo.<\/p>\n<p>\u2014\u2014\u2014\u2014\u2014\u2014\u2014\u2014\u2014\u2014\u2014\u2014\u2014\u2014\u2014\u2014<\/p>\n<p>Alfonso Ropero<\/p>\n<p>PH.D. (St. Alcuin House University, Oxford Term. Inglaterra. St Anselm of Canterbury College); Th.M. (Centro Superior de Estudios Teol\u00f3gicos, CEIBI, Santa Cruz de Tenerife). Fundador y pastor durante 20 a\u00f1os de la Iglesia Evang\u00e9lica de Tomelloso (Ciudad Real, Espa\u00f1a). Imparti\u00f3 clases de Historia de la Iglesia en el Colegio B\u00edblico de la Gracia (Ciudad Real). Profesor de Historia de la Filosof\u00eda en el CEIBI. En la actualidad es Director Editorial de CLIE.<\/p>\n<p>En su ciudad natal fund\u00f3 y dirigi\u00f3 la revista Pasos, la revista del coraz\u00f3n de la Mancha; public\u00f3 diversas monograf\u00edas en El Heraldo del Pueblo, dedicados a \u201cLa Ley y el Sistema Penitenciario\u201d y \u201cEl descubrimiento de Am\u00e9rica\u201d. Ha elaborado entre otros redactores espa\u00f1oles e hispanoamericanos un Diccionario Teol\u00f3gico Ilustrado (2001) del que es tambi\u00e9n editor junto con Francisco Lacueva.<\/p>\n<p>Ha publicado gran n\u00famero de estudios b\u00edblicos y teol\u00f3gicos en revistas especializadas, y ha dado conferencias y seminarios en varios pa\u00edses de Europa y Am\u00e9rica. Como escritor ha sido galardonado con varios premios literarios (de narracci\u00f3n F\u00e9lix Grande, y de periodismo Francisco Mart\u00ednez).<\/p>\n<p>Autor de varias obras de historia, teolog\u00eda y filosof\u00eda, actualmente est\u00e1 dirigiendo y coordinador en la redacci\u00f3n del Gran Diccionario Enciclop\u00e9dico de la Biblia, recientemente publicado por la Editorial CLIE.<\/p>\n","protected":false},"excerpt":{"rendered":"<p>El Diccionario enciclop\u00e9dico b\u00edblico ilustrado es el m\u00e1s actual, completo y \u00fatil por su calidad y contenido en el que se ha conseguido integrar y combinar im\u00e1genes e ilustraciones con informaci\u00f3n detallada de sus t\u00e9rminos.<\/p>\n","protected":false},"featured_media":52259,"comment_status":"open","ping_status":"closed","template":"","meta":{"_acf_changed":false},"product_brand":[],"product_cat":[736,518,522],"product_tag":[],"class_list":{"0":"post-52257","1":"product","2":"type-product","3":"status-publish","4":"has-post-thumbnail","6":"product_cat-editoriales-clie","7":"product_cat-diccionarios","8":"product_cat-enciclopedias","10":"first","11":"instock","12":"purchasable","13":"product-type-simple"},"acf":[],"_links":{"self":[{"href":"https:\/\/bibliaherramientas.com\/libreria\/wp-json\/wp\/v2\/product\/52257","targetHints":{"allow":["GET"]}}],"collection":[{"href":"https:\/\/bibliaherramientas.com\/libreria\/wp-json\/wp\/v2\/product"}],"about":[{"href":"https:\/\/bibliaherramientas.com\/libreria\/wp-json\/wp\/v2\/types\/product"}],"replies":[{"embeddable":true,"href":"https:\/\/bibliaherramientas.com\/libreria\/wp-json\/wp\/v2\/comments?post=52257"}],"wp:featuredmedia":[{"embeddable":true,"href":"https:\/\/bibliaherramientas.com\/libreria\/wp-json\/wp\/v2\/media\/52259"}],"wp:attachment":[{"href":"https:\/\/bibliaherramientas.com\/libreria\/wp-json\/wp\/v2\/media?parent=52257"}],"wp:term":[{"taxonomy":"product_brand","embeddable":true,"href":"https:\/\/bibliaherramientas.com\/libreria\/wp-json\/wp\/v2\/product_brand?post=52257"},{"taxonomy":"product_cat","embeddable":true,"href":"https:\/\/bibliaherramientas.com\/libreria\/wp-json\/wp\/v2\/product_cat?post=52257"},{"taxonomy":"product_tag","embeddable":true,"href":"https:\/\/bibliaherramientas.com\/libreria\/wp-json\/wp\/v2\/product_tag?post=52257"}],"curies":[{"name":"wp","href":"https:\/\/api.w.org\/{rel}","templated":true}]}}