{"id":52235,"date":"2024-08-08T12:46:09","date_gmt":"2024-08-08T17:46:09","guid":{"rendered":"https:\/\/bibliaherramientas.com\/libreria\/?post_type=product&#038;p=52235"},"modified":"2026-01-06T13:32:03","modified_gmt":"2026-01-06T19:32:03","slug":"libro-teologia-biblica-y-sistematica-9780829713725","status":"publish","type":"product","link":"https:\/\/bibliaherramientas.com\/libreria\/producto\/libro-teologia-biblica-y-sistematica-9780829713725\/","title":{"rendered":"Libro Teolog\u00eda B\u00edblica Y Sistem\u00e1tica"},"content":{"rendered":"<p>LIBRO NUEVO<\/p>\n<p>Teolog\u00eda b\u00edblica y sistem\u00e1tica examina la naturaleza de la doctrina, el valor de \u00e9sta, su clasificaci\u00f3n y sistematizaci\u00f3n. Es un libro que todo pastor, maestro y estudiante de la Palabra de Dios debe tener en su biblioteca.<br \/>\nA trav\u00e9s de Teolog\u00eda B\u00edblica y Sistem\u00e1tica, la doctrina descubre el lugar que merece en el pensamiento y la educaci\u00f3n cristiana. Es de suma importancia que cada cristiano conozca la verdad convincente y cristalina que emana de la Palabra de Dios. Si desea profundizar en el estudio de las doctrinas b\u00edblicas, este libro es para usted.<\/p>\n<p>Entre otros, encontrar\u00e1 los siguientes temas:<br \/>\n&#8211; La existencia, los atributos, la naturaleza y la Trinidad de Dios.<br \/>\n&#8211; Los \u00e1ngeles y Satan\u00e1s.<br \/>\n&#8211; El origen y la naturaleza del hombre.<br \/>\n&#8211; La realidad, el origen y las consecuencias del pecado.<br \/>\n&#8211; La expiaci\u00f3n en el Antiguo y el Nuevo Testamento.<br \/>\n&#8211; La naturaleza y la seguridad de la salvaci\u00f3n.<br \/>\n&#8211; La muerte, la resurrecci\u00f3n y la vida futura.<br \/>\n&#8211; Adem\u00e1s, incluye un estudio profundo sobre el Esp\u00edritu Santo.<br \/>\n&#8212;&#8212;&#8212;&#8212;&#8212;&#8212;&#8212;&#8212;&#8212;&#8212;&#8212;-<br \/>\nCualquier duda estamos a tus \u00f3rdenes. Bendiciones!<\/p>\n","protected":false},"excerpt":{"rendered":"<p>Teolog\u00eda b\u00edblica y sistem\u00e1tica examina la naturaleza de la doctrina, el valor de \u00e9sta, su clasificaci\u00f3n y sistematizaci\u00f3n. Es un libro que todo pastor, maestro y estudiante de la Palabra de Dios debe tener en su biblioteca.<\/p>\n","protected":false},"featured_media":52236,"comment_status":"open","ping_status":"closed","template":"","meta":{"_acf_changed":false},"product_brand":[],"product_cat":[520,533,744],"product_tag":[],"class_list":{"0":"post-52235","1":"product","2":"type-product","3":"status-publish","4":"has-post-thumbnail","6":"product_cat-doctrina-teologia","7":"product_cat-libros-general","8":"product_cat-editoriales-vida","10":"first","11":"instock","12":"purchasable","13":"product-type-simple"},"acf":[],"_links":{"self":[{"href":"https:\/\/bibliaherramientas.com\/libreria\/wp-json\/wp\/v2\/product\/52235","targetHints":{"allow":["GET"]}}],"collection":[{"href":"https:\/\/bibliaherramientas.com\/libreria\/wp-json\/wp\/v2\/product"}],"about":[{"href":"https:\/\/bibliaherramientas.com\/libreria\/wp-json\/wp\/v2\/types\/product"}],"replies":[{"embeddable":true,"href":"https:\/\/bibliaherramientas.com\/libreria\/wp-json\/wp\/v2\/comments?post=52235"}],"wp:featuredmedia":[{"embeddable":true,"href":"https:\/\/bibliaherramientas.com\/libreria\/wp-json\/wp\/v2\/media\/52236"}],"wp:attachment":[{"href":"https:\/\/bibliaherramientas.com\/libreria\/wp-json\/wp\/v2\/media?parent=52235"}],"wp:term":[{"taxonomy":"product_brand","embeddable":true,"href":"https:\/\/bibliaherramientas.com\/libreria\/wp-json\/wp\/v2\/product_brand?post=52235"},{"taxonomy":"product_cat","embeddable":true,"href":"https:\/\/bibliaherramientas.com\/libreria\/wp-json\/wp\/v2\/product_cat?post=52235"},{"taxonomy":"product_tag","embeddable":true,"href":"https:\/\/bibliaherramientas.com\/libreria\/wp-json\/wp\/v2\/product_tag?post=52235"}],"curies":[{"name":"wp","href":"https:\/\/api.w.org\/{rel}","templated":true}]}}