{"id":52165,"date":"2024-08-06T13:25:29","date_gmt":"2024-08-06T18:25:29","guid":{"rendered":"https:\/\/bibliaherramientas.com\/libreria\/?post_type=product&#038;p=52165"},"modified":"2026-01-06T13:31:58","modified_gmt":"2026-01-06T19:31:58","slug":"libro-cuando-lo-que-dios-hace-no-tiene-sentido-bolsillo-9780789910806","status":"publish","type":"product","link":"https:\/\/bibliaherramientas.com\/libreria\/producto\/libro-cuando-lo-que-dios-hace-no-tiene-sentido-bolsillo-9780789910806\/","title":{"rendered":"Libro Cuando Lo Que Dios Hace No Tiene Sentido (bolsillo)"},"content":{"rendered":"<p>RECURSO NUEVO<\/p>\n<p>Un libro muy pr\u00e1ctico para quienes luchan con pruebas y aflicciones que no pueden entender. \u00bfPor qu\u00e9 las enfermedades, los desastres naturales, el divorcio, el rechazo, la muerte o alg\u00fan otro dolor que se presentan en nuestra vida cuando tratamos de servir al Se\u00f1or? En realidad, \u00a1no parece justo!<\/p>\n<p>Este libro analiza sin vacilar la pregunta m\u00e1s inquietante de la vida&#8230; el impresionante &#8220;\u00bfPor qu\u00e9?&#8221;. Basado en su larga experiencia como psic\u00f3logo cristiano y consejero de la familia, el Dr. Dobson trae esperanza a los que est\u00e1n a punto de darse por vencidos. &#8220;Cuando lo que Dios hace no tiene sentido&#8221; tambi\u00e9n ayuda a los creyentes a evitar la barrera de la traici\u00f3n, la sensaci\u00f3n de que Dios los abandona en medio de las tormentas de la vida.<\/p>\n<p>&#8220;Esta obra es un sensible, compasivo y penetrante enfoque sobre la cuesti\u00f3n del sufrimiento. El Dr. Dobson se ocupa de las profundas luchas emocionales que tenemos en nuestra relaci\u00f3n con Dios cuando nos golpea el dolor y el sufrimiento&#8221; &#8211; Dr R. C. Sproul.<\/p>\n<p>&#8220;Realista y reverente (&#8230;) Este es un libro que recomendar\u00eda con mucho gusto a cualquier persona&#8221; &#8211; Dr. J. I. Packer.<\/p>\n<p>&#8212;&#8212;&#8212;&#8212;&#8212;&#8212;&#8212;&#8211;<\/p>\n<p>James Dobson, presentador del programa radial Family Talk with Dr. James Dobson, es fundador y presidente em\u00e9rito de Enfoque a la familia, una organizaci\u00f3n sin fines de lucro que produce sus programas de radio distribuidos a nivel internacional, donde le escuchan m\u00e1s de 200 millones de personas cada d\u00eda en 160 pa\u00edses. Dobson es psic\u00f3logo y consejero certificado para el matrimonio, la familia y los ni\u00f1os, y miembro de la Asociaci\u00f3n Estadounidense para la Terapia del Matrimonio y la Familia. Fu\u00e9 profesor cl\u00ednico asociado de pedriatr\u00eda, y trabaj\u00f3 en la Divisi\u00f3n de Desarrollo infantil y Gen\u00e9tica M\u00e9dica en el Hospital infantil de los \u00c1ngeles. Es autor de m\u00e1s de treinta libros, y ha estado muy involucrado en actividades gubernamentales relacionadas con la familia. El Dr. Dobson est\u00e1 casado con Shirley y es padre de dos hijos adultos, Danae y Ryan, y el abuelo de Lincoln. Los Dobson residen en Colorado.<\/p>\n<p>&#8212;&#8212;&#8212;&#8212;&#8212;&#8212;&#8212;&#8212;&#8211;<br \/>\nCualquier duda estamos a tus \u00f3rdenes. Bendiciones!<\/p>\n","protected":false},"excerpt":{"rendered":"<p>Un libro muy pr\u00e1ctico para quienes luchan con pruebas y aflicciones que no pueden entender.<\/p>\n","protected":false},"featured_media":52166,"comment_status":"open","ping_status":"closed","template":"","meta":{"_acf_changed":false},"product_brand":[],"product_cat":[666,533,743],"product_tag":[],"class_list":{"0":"post-52165","1":"product","2":"type-product","3":"status-publish","4":"has-post-thumbnail","6":"product_cat-crecimiento-espiritual","7":"product_cat-libros-general","8":"product_cat-editoriales-unilit","10":"first","11":"instock","12":"purchasable","13":"product-type-simple"},"acf":[],"_links":{"self":[{"href":"https:\/\/bibliaherramientas.com\/libreria\/wp-json\/wp\/v2\/product\/52165","targetHints":{"allow":["GET"]}}],"collection":[{"href":"https:\/\/bibliaherramientas.com\/libreria\/wp-json\/wp\/v2\/product"}],"about":[{"href":"https:\/\/bibliaherramientas.com\/libreria\/wp-json\/wp\/v2\/types\/product"}],"replies":[{"embeddable":true,"href":"https:\/\/bibliaherramientas.com\/libreria\/wp-json\/wp\/v2\/comments?post=52165"}],"wp:featuredmedia":[{"embeddable":true,"href":"https:\/\/bibliaherramientas.com\/libreria\/wp-json\/wp\/v2\/media\/52166"}],"wp:attachment":[{"href":"https:\/\/bibliaherramientas.com\/libreria\/wp-json\/wp\/v2\/media?parent=52165"}],"wp:term":[{"taxonomy":"product_brand","embeddable":true,"href":"https:\/\/bibliaherramientas.com\/libreria\/wp-json\/wp\/v2\/product_brand?post=52165"},{"taxonomy":"product_cat","embeddable":true,"href":"https:\/\/bibliaherramientas.com\/libreria\/wp-json\/wp\/v2\/product_cat?post=52165"},{"taxonomy":"product_tag","embeddable":true,"href":"https:\/\/bibliaherramientas.com\/libreria\/wp-json\/wp\/v2\/product_tag?post=52165"}],"curies":[{"name":"wp","href":"https:\/\/api.w.org\/{rel}","templated":true}]}}