{"id":52156,"date":"2024-08-06T12:32:42","date_gmt":"2024-08-06T17:32:42","guid":{"rendered":"https:\/\/bibliaherramientas.com\/libreria\/?post_type=product&#038;p=52156"},"modified":"2026-01-06T13:31:58","modified_gmt":"2026-01-06T19:31:58","slug":"biblia-thompson-de-estudio-rvr1960-ed-especial-tapa-dura-9780829757866","status":"publish","type":"product","link":"https:\/\/bibliaherramientas.com\/libreria\/producto\/biblia-thompson-de-estudio-rvr1960-ed-especial-tapa-dura-9780829757866\/","title":{"rendered":"Biblia Thompson De Estudio Rvr1960 Ed. Especial &#8211; Tapa Dura"},"content":{"rendered":"<p>BIBLIA NUEVA<\/p>\n<p>La Biblia Thompson de estudio contiene 1600 temas que abordan temas de la vida cotidiana en un formato simple. Muchas de las ayudas fueron trasladadas a la Escritura. Los mapas, gr\u00e1ficas y estudios de los personajes se hacen mas relevantes al pasaje que se esta leyendo.<\/p>\n<p>La Santa Biblia Thompson Edici\u00f3n Especial para el Estudio B\u00edblico RVR 1960, ofrece una serie de herramientas enriquecedoras al momento de analizar cada rinc\u00f3n de la Palabra de Dios. Algo que hace \u00e9sta Biblia \u00fanica son las notas en cadena escritas por el Dr. Thompson, contribuyendo a\u00fan m\u00e1s al entendimiento de las Escrituras.<\/p>\n<p>Entre el material que brinda, el lector encontrar\u00e1 una secci\u00f3n de temas de la vida cotidiana que lo guiar\u00e1n a aplicar los principios de Dios de manera pr\u00e1ctica y sencilla. El lector tambi\u00e9n descubrir\u00e1 semblanzas de personajes b\u00edblicos, notas arqueol\u00f3gicas, entre otros temas de gran ayuda. Igualmente cuenta con un \u00fatil buscador tem\u00e1tico, siendo esta una caracter\u00edstica importante de esta Biblia.<\/p>\n<p>Sin lugar a dudas, es una Biblia especial para estudiar a detalle y de manera profunda todos aquellos temas y personajes de inter\u00e9s para el crecimiento espiritual.<\/p>\n<p>CARACTER\u00cdSTICAS:<br \/>\n&#8211; M\u00e1s de 1,600 t\u00f3picos relacionados con la vida diaria que lo guiar\u00e1n a vers\u00edculos conectados a un t\u00f3pico.<br \/>\n&#8211; 100 tablas en cadena de las Escrituras.<br \/>\n&#8211; Notas arqueol\u00f3gicas.<br \/>\n&#8211; Semblanzas de los personajes prominentes de la Biblia.<br \/>\n&#8211; Lista de profec\u00edas cumplidas acerca de Jes\u00fas.<br \/>\n&#8211; Tablas de personajes.<br \/>\n&#8211; Mapas a todo color.<br \/>\n&#8211; Introducci\u00f3n a cada libro de la Biblia.<br \/>\n&#8211; Buscador tem\u00e1tico.<br \/>\n&#8211; Introducciones a la Biblia.<br \/>\n&#8211; Ayudas para el estudio.<br \/>\n&#8211; Calendario diario para el Estudio b\u00edblico.<br \/>\n&#8211; Referencias en margen.<br \/>\n&#8211; \u00cdndice alfab\u00e9tico de los t\u00f3picos encadenados.<br \/>\n&#8211; Tabal de pesas, medidas y monedas.<br \/>\n&#8211; Origen y crecimiento de la Biblia en espa\u00f1ol.<br \/>\n&#8211; Presentaci\u00f3n condesada de la Biblia.<br \/>\n&#8211; Contraste entre en Antiguo y Nuevo Testamento.<br \/>\n&#8211; Periodos de la historia b\u00edblica.<br \/>\n&#8211; Reyes, reinas y profetas del Antiguo Testamento.<br \/>\n&#8211; Planos del templo de Herodes.<br \/>\n&#8211; Bosquejo de la historia de la iglesia primitiva.<br \/>\n&#8211; Distancias desde Jerusal\u00e9n.<br \/>\n&#8211; Bosquejo hist\u00f3rico de los ap\u00f3stoles.<br \/>\n&#8211; Profec\u00edas de Jes\u00fas y sus cumplimientos en orden cronol\u00f3gico.<br \/>\n&#8211; Mapas.<br \/>\n&#8211; Canto blanco.<br \/>\n&#8211; Sin \u00edndice.<\/p>\n<p>&#8212;&#8212;&#8212;&#8212;&#8212;&#8212;&#8212;&#8212;&#8212;&#8212;<\/p>\n<p>Frank Charles Thompson. Compilador de la famosa \u201cBiblia de Estudio Thompson\u201d.<\/p>\n<p>Naci\u00f3 en 1858, en Elmira, Nueva York, y fue ordenado en 1879. Su esposa era Laura Thompson Boughton. Insatisfecho con las Biblias que las sociedades b\u00edblicas de su \u00e9poca proporcionaban para los predicadores, y convencido de que una buena cadena de referencias dentro de la Biblia ser\u00eda de mucha ayuda comenz\u00f3 a trabajar en ese proyecto.<\/p>\n<p>Cre\u00eda que las Biblias para los predicadores deb\u00edan contar con un sistema de referencias lo m\u00e1s amplio y organizado posible De modo que comenz\u00f3 el trabajo en 1890, y estuvo trabajando en ello el resto de su vida. Si idea fue la de enlazar conceptos conectando textos y formando una cadena de referencias ideol\u00f3gicas o enlaces tem\u00e1ticos numerados que son el coraz\u00f3n del sistema de la Biblia de Estudio Thompson.<\/p>\n<p>La primera edici\u00f3n vio la luz en 1908 publicada por la Methodist Book Concern of Dobbs Ferry, New York. Y cinco a\u00f1os despu\u00e9s, en 1913 Thompson se asoci\u00f3 con B.B. Kirkbride de Indianapolis, y entre ambos fundaron la Kirkbride Bible Company con el prop\u00f3sito de difundir y mejorar su proyecto.<\/p>\n<p>Las primeras ediciones se basaban en ingl\u00e9s en el texto de la King James Versi\u00f3n. Hoy en d\u00eda hay versiones de la Biblia de Estudio Thompson en todo tipo de versiones, en distintos idiomas, incluyendo por supuesto el espa\u00f1ol. Hasta el d\u00eda de hoy se calcula que se han vendido cerca de 5.000.000 de ejemplares.<\/p>\n<p>&#8212;&#8212;&#8212;&#8212;&#8212;&#8212;&#8212;&#8212;&#8212;&#8212;<br \/>\nCualquier duda estamos a tus \u00f3rdenes. Bendiciones!<\/p>\n","protected":false},"excerpt":{"rendered":"<p>La Santa Biblia Thompson Edici\u00f3n Especial para el Estudio B\u00edblico RVR 1960, ofrece una serie de herramientas enriquecedoras al momento de analizar cada rinc\u00f3n de la Palabra de Dios.<\/p>\n","protected":false},"featured_media":52157,"comment_status":"open","ping_status":"closed","template":"","meta":{"_acf_changed":false},"product_brand":[],"product_cat":[872,463,868,884,879,706,624,618,744],"product_tag":[],"class_list":{"0":"post-52156","1":"product","2":"type-product","3":"status-publish","4":"has-post-thumbnail","6":"product_cat-biblias-10-11-puntos","7":"product_cat-biblias-estudio","8":"product_cat-biblias-grandes","9":"product_cat-biblias-rvr1960","10":"product_cat-biblias-tapa-dura","11":"product_cat-escritores-frank-charles-thompson","12":"product_cat-biblias-frank-charles-thompson","13":"product_cat-biblias-por-comentarista","14":"product_cat-editoriales-vida","16":"first","17":"outofstock","18":"purchasable","19":"product-type-simple"},"acf":[],"_links":{"self":[{"href":"https:\/\/bibliaherramientas.com\/libreria\/wp-json\/wp\/v2\/product\/52156","targetHints":{"allow":["GET"]}}],"collection":[{"href":"https:\/\/bibliaherramientas.com\/libreria\/wp-json\/wp\/v2\/product"}],"about":[{"href":"https:\/\/bibliaherramientas.com\/libreria\/wp-json\/wp\/v2\/types\/product"}],"replies":[{"embeddable":true,"href":"https:\/\/bibliaherramientas.com\/libreria\/wp-json\/wp\/v2\/comments?post=52156"}],"wp:featuredmedia":[{"embeddable":true,"href":"https:\/\/bibliaherramientas.com\/libreria\/wp-json\/wp\/v2\/media\/52157"}],"wp:attachment":[{"href":"https:\/\/bibliaherramientas.com\/libreria\/wp-json\/wp\/v2\/media?parent=52156"}],"wp:term":[{"taxonomy":"product_brand","embeddable":true,"href":"https:\/\/bibliaherramientas.com\/libreria\/wp-json\/wp\/v2\/product_brand?post=52156"},{"taxonomy":"product_cat","embeddable":true,"href":"https:\/\/bibliaherramientas.com\/libreria\/wp-json\/wp\/v2\/product_cat?post=52156"},{"taxonomy":"product_tag","embeddable":true,"href":"https:\/\/bibliaherramientas.com\/libreria\/wp-json\/wp\/v2\/product_tag?post=52156"}],"curies":[{"name":"wp","href":"https:\/\/api.w.org\/{rel}","templated":true}]}}