{"id":52100,"date":"2024-08-05T17:43:25","date_gmt":"2024-08-05T22:43:25","guid":{"rendered":"https:\/\/bibliaherramientas.com\/libreria\/?post_type=product&#038;p=52100"},"modified":"2026-01-06T13:31:57","modified_gmt":"2026-01-06T19:31:57","slug":"biblia-tamano-cartera-reina-valera-1960-con-cierre-imit-piel","status":"publish","type":"product","link":"https:\/\/bibliaherramientas.com\/libreria\/producto\/biblia-tamano-cartera-reina-valera-1960-con-cierre-imit-piel\/","title":{"rendered":"Biblia Tama\u00f1o Cartera Reina Valera 1960 Con Cierre Imit Piel"},"content":{"rendered":"<p>RECURSO NUEVO<br \/>\n&#8211; Dimensiones: 17.4 \u00d7 10.8 \u00d7 3.4 cms.<br \/>\n&#8211; Tama\u00f1o de letra: Chica.<br \/>\n&#8211; Tipo de pasta: Imitaci\u00f3n piel.<br \/>\n&#8211; P\u00e1ginas: 1504.<br \/>\n&#8211; Peso: 369 g.<\/p>\n<p>Biblia tama\u00f1o cartera color azul con cierre para cerrarse e \u00edndice adem\u00e1s de las palabras de Cristo en rojo, versi\u00f3n RVR1960 con letra peque\u00f1a. Pasta s\u00edmil piel. Ideal para llevar en alguna mochila.<\/p>\n<p>CARACTER\u00cdSTICAS:<br \/>\n&#8211; Palabras de Jes\u00fas en rojo (PJR).<br \/>\n&#8211; Con referencias.<\/p>\n<p>AYUDAS ESPECIALES:<br \/>\n&#8211; C\u00f3mo leer la Biblia.<br \/>\n&#8211; Concordancia con 2,671 palabras de consulta y referencia.<br \/>\n&#8211; Lo que dice la Biblia acerca del perd\u00f3n de Dios.<\/p>\n<p>\u2014\u2014\u2014\u2014\u2014\u2014\u2014\u2014-<\/p>\n","protected":false},"excerpt":{"rendered":"<p>RECURSO NUEVO &#8211; Dimensiones: 17.4 \u00d7 10.8 \u00d7 3.4 cms. &#8211; Tama\u00f1o de letra: Chica. &#8211; Tipo de pasta: Imitaci\u00f3n piel. &#8211; P\u00e1ginas: 1504. &#8211; Peso: 369 g. Biblia tama\u00f1o cartera color azul con cierre para cerrarse e \u00edndice adem\u00e1s de las palabras de Cristo en rojo, versi\u00f3n RVR1960 con letra peque\u00f1a. Pasta s\u00edmil piel. [&#8230;]\n","protected":false},"featured_media":52101,"comment_status":"open","ping_status":"closed","template":"","meta":{"_acf_changed":false},"product_brand":[],"product_cat":[871,865,884,748],"product_tag":[],"class_list":{"0":"post-52100","1":"product","2":"type-product","3":"status-publish","4":"has-post-thumbnail","6":"product_cat-biblias-8-9-puntos","7":"product_cat-biblias-de-bolsillo","8":"product_cat-biblias-rvr1960","9":"product_cat-editoriales-sociedades-biblicas-unidas","11":"first","12":"outofstock","13":"purchasable","14":"product-type-simple"},"acf":[],"_links":{"self":[{"href":"https:\/\/bibliaherramientas.com\/libreria\/wp-json\/wp\/v2\/product\/52100","targetHints":{"allow":["GET"]}}],"collection":[{"href":"https:\/\/bibliaherramientas.com\/libreria\/wp-json\/wp\/v2\/product"}],"about":[{"href":"https:\/\/bibliaherramientas.com\/libreria\/wp-json\/wp\/v2\/types\/product"}],"replies":[{"embeddable":true,"href":"https:\/\/bibliaherramientas.com\/libreria\/wp-json\/wp\/v2\/comments?post=52100"}],"wp:featuredmedia":[{"embeddable":true,"href":"https:\/\/bibliaherramientas.com\/libreria\/wp-json\/wp\/v2\/media\/52101"}],"wp:attachment":[{"href":"https:\/\/bibliaherramientas.com\/libreria\/wp-json\/wp\/v2\/media?parent=52100"}],"wp:term":[{"taxonomy":"product_brand","embeddable":true,"href":"https:\/\/bibliaherramientas.com\/libreria\/wp-json\/wp\/v2\/product_brand?post=52100"},{"taxonomy":"product_cat","embeddable":true,"href":"https:\/\/bibliaherramientas.com\/libreria\/wp-json\/wp\/v2\/product_cat?post=52100"},{"taxonomy":"product_tag","embeddable":true,"href":"https:\/\/bibliaherramientas.com\/libreria\/wp-json\/wp\/v2\/product_tag?post=52100"}],"curies":[{"name":"wp","href":"https:\/\/api.w.org\/{rel}","templated":true}]}}