{"id":52094,"date":"2024-08-05T17:21:33","date_gmt":"2024-08-05T22:21:33","guid":{"rendered":"https:\/\/bibliaherramientas.com\/libreria\/?post_type=product&#038;p=52094"},"modified":"2026-01-06T13:31:56","modified_gmt":"2026-01-06T19:31:56","slug":"biblia-rvr-crear-1960-letra-grande-tapa-dura-espiral-flores","status":"publish","type":"product","link":"https:\/\/bibliaherramientas.com\/libreria\/producto\/biblia-rvr-crear-1960-letra-grande-tapa-dura-espiral-flores\/","title":{"rendered":"Biblia Rvr Crear 1960 Letra Grande Tapa Dura Espiral Flores"},"content":{"rendered":"<p>RECURSO NUEVO<\/p>\n<p>La Biblia Crear RVR1960 es una excelente opci\u00f3n para aquellos que desean una Biblia con letra grande, dise\u00f1o atractivo y herramientas \u00fatiles para el estudio. Esta edici\u00f3n incluye p\u00e1ginas adicionales con espacio para notas, dibujos o reflexiones personales, fomentando la inspiraci\u00f3n y la creatividad.<\/p>\n<p>Explora y crea: Los amplios espacios en blanco te invitan a plasmar notas, dibujos o reflexiones personales, permitiendo que la Biblia inspire tu lado art\u00edstico y libere tu creatividad.<\/p>\n<p>Personaliza tu Biblia: Dale un toque \u00fanico a tu Biblia con adhesivos incluidos para decorar, resaltar y organizar tu experiencia de lectura a tu gusto.<\/p>\n<p>Descubre las palabras de Jes\u00fas: Sus palabras est\u00e1n resaltadas en rojo para una r\u00e1pida identificaci\u00f3n y comprensi\u00f3n m\u00e1s profunda de su mensaje.<\/p>\n<p>Profundiza en tu estudio: Encuentra referencias cruzadas, cuadros de di\u00e1logo y espacio para apuntes que te ayudar\u00e1n a profundizar en tu estudio de la Biblia.<\/p>\n<p>Recursos esenciales: Concordancia, stickers, mapas y tabla de pesos y medidas acompa\u00f1an tu aprendizaje.<\/p>\n<p>M\u00e1s que una Biblia, una experiencia: Con un formato ideal de letra grande y dise\u00f1o elegante en tapa dura de dos tonos (azul y verde), esta Biblia ofrece una lectura c\u00f3moda y agradable.<\/p>\n<p>Gu\u00eda y acompa\u00f1amiento: Un plan de lectura anual te ofrece un estudio constante y enriquecedor.<\/p>\n<p>Perfecta para personas amantes del arte y la creatividad, estudiantes de la Biblia y aquellos que buscan profundizar en su vida cristiana y la fe, la Biblia Crear RVR1960 te invita a tiempos de reflexi\u00f3n y crecimiento espiritual. No esperes m\u00e1s y comienza a explorar la Biblia como nunca antes.<\/p>\n<p>CARACTER\u00cdSTICAS:<\/p>\n<p>&#8211; Concordancia.<br \/>\n&#8211; Letra grande.<br \/>\n&#8211; Tapa dura y resistente con dise\u00f1o atractivo.<br \/>\n&#8211; Stickers.<br \/>\n&#8211; Mapas y tabla de pesos\/medidas.<br \/>\n&#8211; Amplios espacios en blanco para plasmar notas, dibujos o reflexiones personales.<br \/>\n&#8211; Plan de lectura a un a\u00f1o.<br \/>\n&#8211; Adhesivos incluidos para decorar, resaltar y organizar tu experiencia de lectura.<br \/>\n&#8212;&#8212;&#8212;&#8212;&#8212;&#8212;&#8212;&#8212;&#8212;&#8212;<br \/>\nCualquier duda estamos a tus \u00f3rdenes. Bendiciones!<\/p>\n","protected":false},"excerpt":{"rendered":"<p>RECURSO NUEVO La Biblia Crear RVR1960 es una excelente opci\u00f3n para aquellos que desean una Biblia con letra grande, dise\u00f1o atractivo y herramientas \u00fatiles para el estudio. Esta edici\u00f3n incluye p\u00e1ginas adicionales con espacio para notas, dibujos o reflexiones personales, fomentando la inspiraci\u00f3n y la creatividad. Explora y crea: Los amplios espacios en blanco te [&#8230;]\n","protected":false},"featured_media":52095,"comment_status":"open","ping_status":"closed","template":"","meta":{"_acf_changed":false},"product_brand":[],"product_cat":[463,868,464,879,748],"product_tag":[],"class_list":{"0":"post-52094","1":"product","2":"type-product","3":"status-publish","4":"has-post-thumbnail","6":"product_cat-biblias-estudio","7":"product_cat-biblias-grandes","8":"product_cat-biblias-mujeres","9":"product_cat-biblias-tapa-dura","10":"product_cat-editoriales-sociedades-biblicas-unidas","12":"first","13":"instock","14":"purchasable","15":"product-type-simple"},"acf":[],"_links":{"self":[{"href":"https:\/\/bibliaherramientas.com\/libreria\/wp-json\/wp\/v2\/product\/52094","targetHints":{"allow":["GET"]}}],"collection":[{"href":"https:\/\/bibliaherramientas.com\/libreria\/wp-json\/wp\/v2\/product"}],"about":[{"href":"https:\/\/bibliaherramientas.com\/libreria\/wp-json\/wp\/v2\/types\/product"}],"replies":[{"embeddable":true,"href":"https:\/\/bibliaherramientas.com\/libreria\/wp-json\/wp\/v2\/comments?post=52094"}],"wp:featuredmedia":[{"embeddable":true,"href":"https:\/\/bibliaherramientas.com\/libreria\/wp-json\/wp\/v2\/media\/52095"}],"wp:attachment":[{"href":"https:\/\/bibliaherramientas.com\/libreria\/wp-json\/wp\/v2\/media?parent=52094"}],"wp:term":[{"taxonomy":"product_brand","embeddable":true,"href":"https:\/\/bibliaherramientas.com\/libreria\/wp-json\/wp\/v2\/product_brand?post=52094"},{"taxonomy":"product_cat","embeddable":true,"href":"https:\/\/bibliaherramientas.com\/libreria\/wp-json\/wp\/v2\/product_cat?post=52094"},{"taxonomy":"product_tag","embeddable":true,"href":"https:\/\/bibliaherramientas.com\/libreria\/wp-json\/wp\/v2\/product_tag?post=52094"}],"curies":[{"name":"wp","href":"https:\/\/api.w.org\/{rel}","templated":true}]}}