{"id":52087,"date":"2024-08-06T10:42:30","date_gmt":"2024-08-06T15:42:30","guid":{"rendered":"https:\/\/bibliaherramientas.com\/libreria\/?post_type=product&#038;p=52087"},"modified":"2026-01-06T13:31:56","modified_gmt":"2026-01-06T19:31:56","slug":"biblia-economica-compacta-para-boda-reina-valera-1960-9781598771435","status":"publish","type":"product","link":"https:\/\/bibliaherramientas.com\/libreria\/producto\/biblia-economica-compacta-para-boda-reina-valera-1960-9781598771435\/","title":{"rendered":"Biblia Econ\u00f3mica Compacta Para Boda Reina Valera 1960"},"content":{"rendered":"<p>BIBLIA NUEVA<\/p>\n<p>En 1946 las Sociedades B\u00edblicas Unidas observ\u00f3 que surge la necesidad de realizar una revisi\u00f3n de la Biblia Reina Valera dada la necesidad de facilitar el lenguaje para los pa\u00edses de habla hispana.<\/p>\n<p>BENEFICIOS:<br \/>\n&#8211; Conserva el estilo tradicional de la lengua espa\u00f1ola.<br \/>\n&#8211; Simplifica la escritura de los nombres propios.<br \/>\n&#8211; Suprimi\u00f3 eventos obsoletos y t\u00e9rminos desconocidos que pudieran ser mal interpretados.<\/p>\n<p>CARACTER\u00cdSTICAS:<br \/>\n&#8211; Excelente Biblia para Bodas.<br \/>\n&#8211; Referencias a pie de p\u00e1gina.<br \/>\n&#8211; Tabla de pesos y medidas.<br \/>\n&#8211; Glosario.<br \/>\n&#8211; Concordancia.<br \/>\n&#8211; Canto Dorado.<br \/>\n&#8211; Cinta separadora.<br \/>\n&#8211; RVR045C \u2013 Blanco.<br \/>\n&#8212;&#8212;&#8212;&#8212;&#8212;&#8212;&#8212;&#8212;&#8212;&#8212;&#8212;-<br \/>\nCualquier duda estamos a tus \u00f3rdenes. Bendiciones!<\/p>\n","protected":false},"excerpt":{"rendered":"<p>Excelente Biblia para Bodas al estilo tradicional de la lengua espa\u00f1ola. Con canto dorado, cinta separadora y referencias a pie de p\u00e1gina.<\/p>\n","protected":false},"featured_media":52112,"comment_status":"open","ping_status":"closed","template":"","meta":{"_acf_changed":false},"product_brand":[],"product_cat":[871,877,867,496,884,748],"product_tag":[],"class_list":{"0":"post-52087","1":"product","2":"type-product","3":"status-publish","4":"has-post-thumbnail","6":"product_cat-biblias-8-9-puntos","7":"product_cat-biblias-imitacion-piel","8":"product_cat-biblias-medianas","9":"product_cat-biblias-para-eventos-especiales","10":"product_cat-biblias-rvr1960","11":"product_cat-editoriales-sociedades-biblicas-unidas","13":"first","14":"outofstock","15":"purchasable","16":"product-type-simple"},"acf":[],"_links":{"self":[{"href":"https:\/\/bibliaherramientas.com\/libreria\/wp-json\/wp\/v2\/product\/52087","targetHints":{"allow":["GET"]}}],"collection":[{"href":"https:\/\/bibliaherramientas.com\/libreria\/wp-json\/wp\/v2\/product"}],"about":[{"href":"https:\/\/bibliaherramientas.com\/libreria\/wp-json\/wp\/v2\/types\/product"}],"replies":[{"embeddable":true,"href":"https:\/\/bibliaherramientas.com\/libreria\/wp-json\/wp\/v2\/comments?post=52087"}],"wp:featuredmedia":[{"embeddable":true,"href":"https:\/\/bibliaherramientas.com\/libreria\/wp-json\/wp\/v2\/media\/52112"}],"wp:attachment":[{"href":"https:\/\/bibliaherramientas.com\/libreria\/wp-json\/wp\/v2\/media?parent=52087"}],"wp:term":[{"taxonomy":"product_brand","embeddable":true,"href":"https:\/\/bibliaherramientas.com\/libreria\/wp-json\/wp\/v2\/product_brand?post=52087"},{"taxonomy":"product_cat","embeddable":true,"href":"https:\/\/bibliaherramientas.com\/libreria\/wp-json\/wp\/v2\/product_cat?post=52087"},{"taxonomy":"product_tag","embeddable":true,"href":"https:\/\/bibliaherramientas.com\/libreria\/wp-json\/wp\/v2\/product_tag?post=52087"}],"curies":[{"name":"wp","href":"https:\/\/api.w.org\/{rel}","templated":true}]}}