{"id":52070,"date":"2024-08-05T16:04:39","date_gmt":"2024-08-05T21:04:39","guid":{"rendered":"https:\/\/bibliaherramientas.com\/libreria\/?post_type=product&#038;p=52070"},"modified":"2026-01-06T13:31:53","modified_gmt":"2026-01-06T19:31:53","slug":"biblia-de-una-joven-conforme-al-corazon-de-dios-tapa-dura-9780825458163","status":"publish","type":"product","link":"https:\/\/bibliaherramientas.com\/libreria\/producto\/biblia-de-una-joven-conforme-al-corazon-de-dios-tapa-dura-9780825458163\/","title":{"rendered":"Biblia De Una Joven Conforme Al Coraz\u00f3n De Dios Tapa Dura"},"content":{"rendered":"<p>RECURSO NUEVO<\/p>\n<p>&#8211; Dimensiones: 15.24 x 3.86 x 21.59 cms.<br \/>\n&#8211; Tama\u00f1o de letra: Normal 10 puntos.<br \/>\n&#8211; Tipo de pasta: Tapa Dura.<br \/>\n&#8211; P\u00e1ginas: 1416.<br \/>\n&#8211; Cinta marcadora.<br \/>\n&#8211; Peso: 1.077 kg.<\/p>\n<p>Una Biblia que integra pensamientos devocionales y otros recursos adicionales dise\u00f1ados para ayudar a las mujeres de entre 16 y 25 a\u00f1os a descubrir el poder transformador de la Palabra de Dios. Las lectoras j\u00f3venes ser\u00e1n inspiradas, ampliar\u00e1n su comprensi\u00f3n y recibir\u00e1n aliento a trav\u00e9s de los 365 devocionales incluidos y diversas herramientas de estudio integral como 350 notas de estudio que incluyen datos y perspectivas para entender el contexto de la Escritura y facilitar su aplicaci\u00f3n, biograf\u00edas, promesas y una introducci\u00f3n a cada libro de la Biblia. Todas las notas y herramientas fueron escritas o desarrolladas por Elizabeth George.<\/p>\n<p>ESTA BIBLIA INCLUYE:<br \/>\n&#8211; La versi\u00f3n Reina-Valera 1960.<br \/>\n&#8211; 66 introducciones a los libros de la Biblia.<br \/>\n&#8211; 66 res\u00famenes con las ense\u00f1anzas m\u00e1s importantes de cada libro de la Biblia, donde puedes incluir tus propias notas con &#8220;Lo que has aprendido&#8221;.<br \/>\n&#8211; 50 biograf\u00edas de mujeres de la Biblia.<br \/>\n&#8211; M\u00e1s de 350 notas de estudio relacionadas con personajes, lugares y sucesos relevantes en la Biblia.<br \/>\n&#8211; 50 art\u00edculos de sabidur\u00eda sobre temas de inter\u00e9s para hacerte reflexionar y aprender a afrontar los retos de la vida.<br \/>\n&#8211; 365 lecturas devocionales con una oraci\u00f3n que puedes personalizar y convertirla en tu diario de oraci\u00f3n personal.<br \/>\n&#8211; Un plan para leer la Biblia en un a\u00f1o.<br \/>\n&#8211; 100 promesas de Dios aplicadas a la realidad que vives hoy.<br \/>\n&#8211; 150 recuadros de &#8220;Tu coraz\u00f3n&#8221; con mensajes clave que te ayudar\u00e1n a fortalecer tu car\u00e1cter y tu relaci\u00f3n con Jes\u00fas.<br \/>\n&#8211; M\u00e1s de 250 vers\u00edculos resaltados en el texto b\u00edblico para f\u00e1cil memorizaci\u00f3n.<br \/>\n&#8211; M\u00e1s de 30 mapas y diagramas.<\/p>\n<p>&#8212;&#8212;&#8212;&#8212;&#8212;&#8212;&#8212;&#8212;-<\/p>\n<p>Editora: Elizabeth George es maestra y autora de m\u00e1s de 60 libros, incluyendo Gu\u00eda de una mujer para las buenas decisiones y Una esposa conforme al coraz\u00f3n de Dios, y es la editora general de la Biblia de la mujer conforme al coraz\u00f3n de Dios. Su pasi\u00f3n es ense\u00f1ar la Biblia para ver transformada la vida de las mujeres. Ella y su esposo Jim son padres y abuelos, y han servido en el ministerio por m\u00e1s de 30 a\u00f1os.<\/p>\n<p>&#8212;&#8212;&#8212;&#8212;&#8212;&#8212;&#8212;&#8212;&#8212;&#8212;<\/p>\n<p>Cualquier duda estamos a tus \u00f3rdenes. Bendiciones!<\/p>\n","protected":false},"excerpt":{"rendered":"<p>Una Biblia que integra pensamientos devocionales y otros recursos adicionales dise\u00f1ados para ayudar a las mujeres de entre 16 y 25 a\u00f1os a descubrir el poder transformador de la Palabra de Dios.<\/p>\n","protected":false},"featured_media":52076,"comment_status":"open","ping_status":"closed","template":"","meta":{"_acf_changed":false},"product_brand":[],"product_cat":[872,463,868,464,884,879,710,741],"product_tag":[],"class_list":{"0":"post-52070","1":"product","2":"type-product","3":"status-publish","4":"has-post-thumbnail","6":"product_cat-biblias-10-11-puntos","7":"product_cat-biblias-estudio","8":"product_cat-biblias-grandes","9":"product_cat-biblias-mujeres","10":"product_cat-biblias-rvr1960","11":"product_cat-biblias-tapa-dura","12":"product_cat-escritores-elizabeth-george","13":"product_cat-editoriales-portavoz","15":"first","16":"instock","17":"purchasable","18":"product-type-simple"},"acf":[],"_links":{"self":[{"href":"https:\/\/bibliaherramientas.com\/libreria\/wp-json\/wp\/v2\/product\/52070","targetHints":{"allow":["GET"]}}],"collection":[{"href":"https:\/\/bibliaherramientas.com\/libreria\/wp-json\/wp\/v2\/product"}],"about":[{"href":"https:\/\/bibliaherramientas.com\/libreria\/wp-json\/wp\/v2\/types\/product"}],"replies":[{"embeddable":true,"href":"https:\/\/bibliaherramientas.com\/libreria\/wp-json\/wp\/v2\/comments?post=52070"}],"wp:featuredmedia":[{"embeddable":true,"href":"https:\/\/bibliaherramientas.com\/libreria\/wp-json\/wp\/v2\/media\/52076"}],"wp:attachment":[{"href":"https:\/\/bibliaherramientas.com\/libreria\/wp-json\/wp\/v2\/media?parent=52070"}],"wp:term":[{"taxonomy":"product_brand","embeddable":true,"href":"https:\/\/bibliaherramientas.com\/libreria\/wp-json\/wp\/v2\/product_brand?post=52070"},{"taxonomy":"product_cat","embeddable":true,"href":"https:\/\/bibliaherramientas.com\/libreria\/wp-json\/wp\/v2\/product_cat?post=52070"},{"taxonomy":"product_tag","embeddable":true,"href":"https:\/\/bibliaherramientas.com\/libreria\/wp-json\/wp\/v2\/product_tag?post=52070"}],"curies":[{"name":"wp","href":"https:\/\/api.w.org\/{rel}","templated":true}]}}