{"id":52052,"date":"2024-08-05T11:09:58","date_gmt":"2024-08-05T16:09:58","guid":{"rendered":"https:\/\/bibliaherramientas.com\/libreria\/?post_type=product&#038;p=52052"},"modified":"2026-01-06T13:31:52","modified_gmt":"2026-01-06T19:31:52","slug":"libro-una-mujer-sabia-wendy-bello-9781535997171","status":"publish","type":"product","link":"https:\/\/bibliaherramientas.com\/libreria\/producto\/libro-una-mujer-sabia-wendy-bello-9781535997171\/","title":{"rendered":"Libro Una Mujer Sabia &#8211; Wendy Bello"},"content":{"rendered":"<p>RECURSO NUEVO<\/p>\n<p>&#8211; Dimensiones: 21.6 \u00d7 14 \u00d7 1 cms.<br \/>\n&#8211; Tama\u00f1o de letra: Normal.<br \/>\n&#8211; Tipo de pasta: Suave.<br \/>\n&#8211; P\u00e1ginas: 164.<br \/>\n&#8211; Peso: 200 gr.<\/p>\n<p>Basado en principios del libro de Proverbios, aqu\u00ed encontrar\u00e1s una herramienta para vivir la vida de la mejor manera, como Dios la dise\u00f1\u00f3, y poder tomar decisiones sabias en los aspectos pr\u00e1cticos del d\u00eda a d\u00eda. Una mujer sabia puede usarse de manera individual o como material para estudio en grupo. Cada cap\u00edtulo termina con una secci\u00f3n de preguntas para profundizar. La meta de alcanzar la sabidur\u00eda pudiera parecer dif\u00edcil, pero en este libro descubrir\u00e1s que con la ayuda de Dios, y la disposici\u00f3n a seguir sus principios, s\u00ed puede lograrse.<\/p>\n<p>&#8212;&#8212;&#8212;&#8212;&#8212;&#8212;&#8212;&#8211;<\/p>\n<p>Wendy Bello es bloguera y conferencista. Su deseo es ense\u00f1ar a las mujeres la importancia de estudiar la palabra de Dios. Escribe para m\u00faltiples plataformas y es autora del estudio b\u00edblico &#8220;Decisiones que transforman&#8221;. Ha estado casada por 20 a\u00f1os y tiene 2 hijos.<\/p>\n<p>&#8212;&#8212;&#8212;&#8212;&#8212;&#8212;&#8212;&#8211;<\/p>\n<p>Cualquier duda estamos a tus \u00f3rdenes. Bendiciones!<\/p>\n","protected":false},"excerpt":{"rendered":"<p>Herramienta para vivir la vida de la mejor manera, como Dios la dise\u00f1\u00f3, y poder tomar decisiones sabias en los aspectos pr\u00e1cticos del d\u00eda a d\u00eda.<\/p>\n","protected":false},"featured_media":52054,"comment_status":"open","ping_status":"closed","template":"","meta":{"_acf_changed":false},"product_brand":[],"product_cat":[735,526,537],"product_tag":[],"class_list":{"0":"post-52052","1":"product","2":"type-product","3":"status-publish","4":"has-post-thumbnail","6":"product_cat-editoriales-bh-espanol","7":"product_cat-estudio-biblico","8":"product_cat-mujeres-libros","10":"first","11":"instock","12":"purchasable","13":"product-type-simple"},"acf":[],"_links":{"self":[{"href":"https:\/\/bibliaherramientas.com\/libreria\/wp-json\/wp\/v2\/product\/52052","targetHints":{"allow":["GET"]}}],"collection":[{"href":"https:\/\/bibliaherramientas.com\/libreria\/wp-json\/wp\/v2\/product"}],"about":[{"href":"https:\/\/bibliaherramientas.com\/libreria\/wp-json\/wp\/v2\/types\/product"}],"replies":[{"embeddable":true,"href":"https:\/\/bibliaherramientas.com\/libreria\/wp-json\/wp\/v2\/comments?post=52052"}],"wp:featuredmedia":[{"embeddable":true,"href":"https:\/\/bibliaherramientas.com\/libreria\/wp-json\/wp\/v2\/media\/52054"}],"wp:attachment":[{"href":"https:\/\/bibliaherramientas.com\/libreria\/wp-json\/wp\/v2\/media?parent=52052"}],"wp:term":[{"taxonomy":"product_brand","embeddable":true,"href":"https:\/\/bibliaherramientas.com\/libreria\/wp-json\/wp\/v2\/product_brand?post=52052"},{"taxonomy":"product_cat","embeddable":true,"href":"https:\/\/bibliaherramientas.com\/libreria\/wp-json\/wp\/v2\/product_cat?post=52052"},{"taxonomy":"product_tag","embeddable":true,"href":"https:\/\/bibliaherramientas.com\/libreria\/wp-json\/wp\/v2\/product_tag?post=52052"}],"curies":[{"name":"wp","href":"https:\/\/api.w.org\/{rel}","templated":true}]}}