{"id":52044,"date":"2024-08-01T14:51:06","date_gmt":"2024-08-01T19:51:06","guid":{"rendered":"https:\/\/bibliaherramientas.com\/libreria\/?post_type=product&#038;p=52044"},"modified":"2026-01-06T13:31:52","modified_gmt":"2026-01-06T19:31:52","slug":"biblia-rv1960-manual-letra-12-pts-imit-piel-lila-con-cierre-morado-9798885160179","status":"publish","type":"product","link":"https:\/\/bibliaherramientas.com\/libreria\/producto\/biblia-rv1960-manual-letra-12-pts-imit-piel-lila-con-cierre-morado-9798885160179\/","title":{"rendered":"Biblia Rv1960 Manual Letra 12 Pts Imit. Piel Lila Con Cierre Morado"},"content":{"rendered":"<p>Biblia Nueva<\/p>\n<p>Reina Valera 1960, tama\u00f1o manual (138&#215;212 mm), imitaci\u00f3n piel, canto dorado, con cierre, palabras de Jes\u00fas en rojo, concordancia, Concordancia de personajes b\u00edblicos, ayudas, referencias cruzadas, 32 p\u00e1ginas a todo color con ayudas y esquemas, 12 mapas a todo color, Letra 12 puntos.<\/p>\n<p>Adem\u00e1s, en todas las Biblias de la versi\u00f3n RVR 1960:<br \/>\n&#8211; Vers\u00edculos clave de cada libro.<br \/>\n&#8211; Genealog\u00eda de Jes\u00fas.<br \/>\n&#8211; Fiestas B\u00edblicas.<br \/>\n&#8211; Tipolog\u00eda de los salmos.<br \/>\n&#8211; Plano del templo.<br \/>\n&#8211; Cronolog\u00eda de Reyes y Profetas.<br \/>\n&#8211; Cuadro con las par\u00e1bolas de Jes\u00fas.<br \/>\n&#8211; Cuadro con los milagros de Jes\u00fas.<br \/>\n&#8211; Plan de salvaci\u00f3n.<br \/>\n&#8211; Promesas de Dios.<br \/>\n&#8211; Plan de lectura en un a\u00f1o.<br \/>\n&#8211; 12 mapas a todo color.<\/p>\n<p>&#8212;&#8212;&#8212;&#8212;&#8212;&#8212;&#8212;&#8212;&#8212;&#8211;<br \/>\nCualquier duda estamos a tus \u00f3rdenes. Bendiciones!<\/p>\n","protected":false},"excerpt":{"rendered":"<p>Biblia Reina Valera 1960, tama\u00f1o manual, imitaci\u00f3n piel, canto dorado, con cierre, palabras de Jes\u00fas en rojo, concordancia, Concordancia de personajes b\u00edblicos, ayudas, referencias cruzadas, 32 p\u00e1ginas a todo color con ayudas y esquemas, 12 mapas a todo color, Letra 12 puntos.<\/p>\n","protected":false},"featured_media":52045,"comment_status":"open","ping_status":"closed","template":"","meta":{"_acf_changed":false},"product_brand":[],"product_cat":[873,877,867,498,884,1003],"product_tag":[],"class_list":{"0":"post-52044","1":"product","2":"type-product","3":"status-publish","4":"has-post-thumbnail","6":"product_cat-biblias-12-13-puntos","7":"product_cat-biblias-imitacion-piel","8":"product_cat-biblias-medianas","9":"product_cat-biblias-personales","10":"product_cat-biblias-rvr1960","11":"product_cat-mundo-biblia","13":"first","14":"outofstock","15":"purchasable","16":"product-type-simple"},"acf":[],"_links":{"self":[{"href":"https:\/\/bibliaherramientas.com\/libreria\/wp-json\/wp\/v2\/product\/52044","targetHints":{"allow":["GET"]}}],"collection":[{"href":"https:\/\/bibliaherramientas.com\/libreria\/wp-json\/wp\/v2\/product"}],"about":[{"href":"https:\/\/bibliaherramientas.com\/libreria\/wp-json\/wp\/v2\/types\/product"}],"replies":[{"embeddable":true,"href":"https:\/\/bibliaherramientas.com\/libreria\/wp-json\/wp\/v2\/comments?post=52044"}],"wp:featuredmedia":[{"embeddable":true,"href":"https:\/\/bibliaherramientas.com\/libreria\/wp-json\/wp\/v2\/media\/52045"}],"wp:attachment":[{"href":"https:\/\/bibliaherramientas.com\/libreria\/wp-json\/wp\/v2\/media?parent=52044"}],"wp:term":[{"taxonomy":"product_brand","embeddable":true,"href":"https:\/\/bibliaherramientas.com\/libreria\/wp-json\/wp\/v2\/product_brand?post=52044"},{"taxonomy":"product_cat","embeddable":true,"href":"https:\/\/bibliaherramientas.com\/libreria\/wp-json\/wp\/v2\/product_cat?post=52044"},{"taxonomy":"product_tag","embeddable":true,"href":"https:\/\/bibliaherramientas.com\/libreria\/wp-json\/wp\/v2\/product_tag?post=52044"}],"curies":[{"name":"wp","href":"https:\/\/api.w.org\/{rel}","templated":true}]}}