{"id":52040,"date":"2024-08-01T14:39:26","date_gmt":"2024-08-01T19:39:26","guid":{"rendered":"https:\/\/bibliaherramientas.com\/libreria\/?post_type=product&#038;p=52040"},"modified":"2026-01-06T13:31:52","modified_gmt":"2026-01-06T19:31:52","slug":"libro-los-5-lenguajes-del-amor-de-los-jovenes-bolsillo-9780789923875","status":"publish","type":"product","link":"https:\/\/bibliaherramientas.com\/libreria\/producto\/libro-los-5-lenguajes-del-amor-de-los-jovenes-bolsillo-9780789923875\/","title":{"rendered":"Libro Los 5 Lenguajes Del Amor De Los J\u00f3venes (bolsillo)"},"content":{"rendered":"<p>RECURSO NUEVO<\/p>\n<p>\u00bfLUCHAS PARA CONECTARTE CON TU HIJO ADOLESCENTE?<\/p>\n<p>Nunca antes la crianza de los j\u00f3venes ha sido tan desconcertante. Si te preguntas qu\u00e9 est\u00e1s haciendo mal, no eres el \u00fanico. Sin embargo, hay esperanza. Al aprender a expresar de manera significativa el amor en medio de los muchos cambios de tu joven, puedes seguir conectado, mantener la influencia y ayudarlo a convertirse en un adulto sano.<\/p>\n<p>&#8211; Palabras de afirmaci\u00f3n.<br \/>\n&#8211; Actos de servicio.<br \/>\n&#8211; Regalos.<br \/>\n&#8211; Tiempo de calidad.<br \/>\n&#8211; Toque f\u00edsico.<\/p>\n<p>El Dr. Gary Chapman te ayudar\u00e1 a:<br \/>\n&#8211; Entender a los j\u00f3venes de hoy.<br \/>\n&#8211; Identificar el lenguaje primario del amor de tu joven.<br \/>\n&#8211; Descubrir como expresarle mejor el amor a tu joven.<br \/>\n&#8211; Abordar la necesidad de independencia y responsabilidad de tu joven.<br \/>\n&#8211; Responder con amor y sabidur\u00eda cuando tu joven falla.<\/p>\n<p>La crianza de los j\u00f3venes es dif\u00edcil, pero con la consejer\u00eda experta del Dr. Chapman y los ejemplos pr\u00e1cticos puedes hacerlo&#8230; y hacerlo bien.<\/p>\n<p>&#8212;&#8212;&#8212;&#8212;&#8212;&#8212;&#8212;&#8211;<\/p>\n<p>Gary Chapman, Ph.D., autor, orador y consejero, siente pasi\u00f3n por las personas y por ayudarlas a formar relaciones duraderas. Chapman es un conocido consejero matrimonial y director de seminarios matrimoniales. Los 5 lenguajes del amor es uno de los t\u00edtulos m\u00e1s populares de Chapman, encabezando varias listas de \u00e9xitos de ventas durante a\u00f1os, vendiendo m\u00e1s de doce millones de copias y ha estado en la lista de los m\u00e1s vendidos del New York Times desde 2007.<\/p>\n<p>Chapman ha estado directamente involucrado en la familia de la vida real. asesoramiento desde el comienzo de sus a\u00f1os de ministerio, y sus programas de radio sindicados a nivel nacional se transmiten a nivel nacional en Moody Radio Network y m\u00e1s de 400 estaciones afiliadas.<\/p>\n<p>&#8212;&#8212;&#8212;&#8212;&#8212;&#8212;&#8212;&#8212;&#8212;&#8211;<\/p>\n<p>Cualquier duda estamos a tus \u00f3rdenes. Bendiciones!<\/p>\n","protected":false},"excerpt":{"rendered":"<p>Nunca antes la crianza de los j\u00f3venes ha sido tan desconcertante. Si te preguntas qu\u00e9 est\u00e1s haciendo mal, no eres el \u00fanico.<\/p>\n","protected":false},"featured_media":52043,"comment_status":"open","ping_status":"closed","template":"","meta":{"_acf_changed":false},"product_brand":[],"product_cat":[515,523,711,532,743],"product_tag":[],"class_list":{"0":"post-52040","1":"product","2":"type-product","3":"status-publish","4":"has-post-thumbnail","6":"product_cat-libros-bolsillo","7":"product_cat-ensenanza","8":"product_cat-escritores-gary-chapman","9":"product_cat-jovenes-libros","10":"product_cat-editoriales-unilit","12":"first","13":"instock","14":"purchasable","15":"product-type-simple"},"acf":[],"_links":{"self":[{"href":"https:\/\/bibliaherramientas.com\/libreria\/wp-json\/wp\/v2\/product\/52040","targetHints":{"allow":["GET"]}}],"collection":[{"href":"https:\/\/bibliaherramientas.com\/libreria\/wp-json\/wp\/v2\/product"}],"about":[{"href":"https:\/\/bibliaherramientas.com\/libreria\/wp-json\/wp\/v2\/types\/product"}],"replies":[{"embeddable":true,"href":"https:\/\/bibliaherramientas.com\/libreria\/wp-json\/wp\/v2\/comments?post=52040"}],"wp:featuredmedia":[{"embeddable":true,"href":"https:\/\/bibliaherramientas.com\/libreria\/wp-json\/wp\/v2\/media\/52043"}],"wp:attachment":[{"href":"https:\/\/bibliaherramientas.com\/libreria\/wp-json\/wp\/v2\/media?parent=52040"}],"wp:term":[{"taxonomy":"product_brand","embeddable":true,"href":"https:\/\/bibliaherramientas.com\/libreria\/wp-json\/wp\/v2\/product_brand?post=52040"},{"taxonomy":"product_cat","embeddable":true,"href":"https:\/\/bibliaherramientas.com\/libreria\/wp-json\/wp\/v2\/product_cat?post=52040"},{"taxonomy":"product_tag","embeddable":true,"href":"https:\/\/bibliaherramientas.com\/libreria\/wp-json\/wp\/v2\/product_tag?post=52040"}],"curies":[{"name":"wp","href":"https:\/\/api.w.org\/{rel}","templated":true}]}}