{"id":52032,"date":"2024-08-01T14:03:09","date_gmt":"2024-08-01T19:03:09","guid":{"rendered":"https:\/\/bibliaherramientas.com\/libreria\/?post_type=product&#038;p=52032"},"modified":"2026-01-06T13:31:51","modified_gmt":"2026-01-06T19:31:51","slug":"biblia-rvr60-letra-grande-con-estudio-de-los-nombres-de-dios-azul-9781644735619","status":"publish","type":"product","link":"https:\/\/bibliaherramientas.com\/libreria\/producto\/biblia-rvr60-letra-grande-con-estudio-de-los-nombres-de-dios-azul-9781644735619\/","title":{"rendered":"Biblia Rvr60 Letra Grande Con Estudio De Los Nombres De Dios Azul"},"content":{"rendered":"<p>BIBLIA NUEVA<\/p>\n<p>Biblia tama\u00f1o manual, ultrafina y con letra grande. Simil Piel canela con cinta marcadora y un estudio concisa de los nombres de Dios.<\/p>\n<p>Su encuadernaci\u00f3n de lujo en simil piel, con p\u00e1gina para dedicatoria, y cinta marcadora, hacen que la Santa Biblia RVR 1960 sea ideal para el uso personal o para regalo. Esta edicion especial trae un estudio especial sobre los nombres de Dios. Descubre el significado Biblico de cada nombre de Dios tanto como su aplicaci\u00f3n en nuestro andar diario. Con letra grande y las palabras de Cristo destacadas en rojo, la Biblia incluye una guia para ayudarte a leer toda la Biblia en un a\u00f1o.<\/p>\n<p>Esta elegante edici\u00f3n conserva la belleza cl\u00e1sica y la elocuencia de la Reina Valera Revisada 1960. Liviana, pr\u00e1ctica y resistente, su encuadernaci\u00f3n la hace perfecta para acompa\u00f1arte a todas partes, para la lectura diaria y el uso en la iglesia cada domingo.<\/p>\n<p>EL TEXTO INCLUYE:<br \/>\n&#8211; Letra grande que facilita la lectura (10.5 pts).<br \/>\n&#8211; Concordancia.<br \/>\n&#8211; Palabras de Cristo en rojo.<br \/>\n&#8211; Encabezados visibles para encontrar f\u00e1cilmente las referencias.<br \/>\n&#8211; M\u00e1s de 10,000 referencias cruzadas.<br \/>\n&#8211; Plan de salvaci\u00f3n.<br \/>\n&#8211; Un estudio personal de los nombres de Dios.<br \/>\n&#8211; Una guia para leer la Biblia en un a\u00f1o.<\/p>\n<p>ADEM\u00c1S, ESTA EDICI\u00d3N RVR1960 OFRECE:<br \/>\n&#8211; Encuadernaci\u00f3n simili piel.<br \/>\n&#8211; Resistente y durable.<br \/>\n&#8211; Ultrafina.<br \/>\n&#8211; P\u00e1gina para dedicatoria.<br \/>\n&#8211; Cinta marcadora.<br \/>\n&#8211; Tama\u00f1o: 5 3\/8 x 8 3\/8 pulgadas (13.6 cm x 20.3 cm).<br \/>\n&#8212;&#8212;&#8212;&#8212;&#8212;&#8212;&#8212;&#8212;&#8212;&#8212;&#8212;-<br \/>\nCualquier duda estamos a tus \u00f3rdenes. Bendiciones!<\/p>\n","protected":false},"excerpt":{"rendered":"<p>Biblia tama\u00f1o manual, ultrafina y con letra grande. Simil Piel canela con cinta marcadora y un estudio concisa de los nombres de Dios.<\/p>\n","protected":false},"featured_media":52033,"comment_status":"open","ping_status":"closed","template":"","meta":{"_acf_changed":false},"product_brand":[],"product_cat":[872,877,867,498,884,1017],"product_tag":[],"class_list":{"0":"post-52032","1":"product","2":"type-product","3":"status-publish","4":"has-post-thumbnail","6":"product_cat-biblias-10-11-puntos","7":"product_cat-biblias-imitacion-piel","8":"product_cat-biblias-medianas","9":"product_cat-biblias-personales","10":"product_cat-biblias-rvr1960","11":"product_cat-origen","13":"first","14":"instock","15":"purchasable","16":"product-type-simple"},"acf":[],"_links":{"self":[{"href":"https:\/\/bibliaherramientas.com\/libreria\/wp-json\/wp\/v2\/product\/52032","targetHints":{"allow":["GET"]}}],"collection":[{"href":"https:\/\/bibliaherramientas.com\/libreria\/wp-json\/wp\/v2\/product"}],"about":[{"href":"https:\/\/bibliaherramientas.com\/libreria\/wp-json\/wp\/v2\/types\/product"}],"replies":[{"embeddable":true,"href":"https:\/\/bibliaherramientas.com\/libreria\/wp-json\/wp\/v2\/comments?post=52032"}],"wp:featuredmedia":[{"embeddable":true,"href":"https:\/\/bibliaherramientas.com\/libreria\/wp-json\/wp\/v2\/media\/52033"}],"wp:attachment":[{"href":"https:\/\/bibliaherramientas.com\/libreria\/wp-json\/wp\/v2\/media?parent=52032"}],"wp:term":[{"taxonomy":"product_brand","embeddable":true,"href":"https:\/\/bibliaherramientas.com\/libreria\/wp-json\/wp\/v2\/product_brand?post=52032"},{"taxonomy":"product_cat","embeddable":true,"href":"https:\/\/bibliaherramientas.com\/libreria\/wp-json\/wp\/v2\/product_cat?post=52032"},{"taxonomy":"product_tag","embeddable":true,"href":"https:\/\/bibliaherramientas.com\/libreria\/wp-json\/wp\/v2\/product_tag?post=52032"}],"curies":[{"name":"wp","href":"https:\/\/api.w.org\/{rel}","templated":true}]}}