{"id":52019,"date":"2024-08-01T13:32:58","date_gmt":"2024-08-01T18:32:58","guid":{"rendered":"https:\/\/bibliaherramientas.com\/libreria\/?post_type=product&#038;p=52019"},"modified":"2026-01-06T13:31:51","modified_gmt":"2026-01-06T19:31:51","slug":"libro-encontrando-el-camino-edyah-barragan-9789588867762","status":"publish","type":"product","link":"https:\/\/bibliaherramientas.com\/libreria\/producto\/libro-encontrando-el-camino-edyah-barragan-9789588867762\/","title":{"rendered":"Libro Encontrando El Camino &#8211; Edyah Barragan"},"content":{"rendered":"<p>LIBRO NUEVO<\/p>\n<p>\u00bfQui\u00e9n soy? \u00bfPor qu\u00e9 y para qu\u00e9 estoy en la tierra? \u00bfQu\u00e9<br \/>\nsucede si hoy muero?<\/p>\n<p>Estoy segura que en alg\u00fan momento te has hecho estas mismas preguntas. Yo<br \/>\ntambi\u00e9n las hice por muchos a\u00f1os, y para serte sincera no ten\u00eda las mejores<br \/>\nrespuestas. En mi b\u00fasqueda de identidad y prop\u00f3sito, me perd\u00ed y camin\u00e9 en la<br \/>\ndirecci\u00f3n opuesta llev\u00e1ndome a la ansiedad, miedo, inseguridad y dolor.<\/p>\n<p>En este libro abro mi coraz\u00f3n, y cuento mi historia, desde el punto m\u00e1s bajo,<br \/>\nhasta el como Dios me tomo y me ayud\u00f3 a encontrar mi camino. No es solamente<br \/>\nun libro sobre mi jornada, sino que, intento compartir contigo todas<br \/>\naquellas verdades que aprend\u00ed y continu\u00f3 aprendiendo en el camino. Mi mayor<br \/>\ndeseo es que t\u00fa puedas contestar con seguridad todas estas preguntas, y vivir<br \/>\nla vida que Dios, El Creador del universo dise\u00f1o para ti.<\/p>\n<p>Autora: Graduada con honores de Liberty University, con una licenciatura de Estudios B\u00edblicos y Teol\u00f3gicos, Edyah busca impactar a la juventud latinoamericana con el mensaje del evangelio.<\/p>\n<p>Desde 2015 ha usado las redes sociales como una plataforma para compartir sus conocimientos y as\u00ed instruir e influenciar a esta generaci\u00f3n. Ha viajado a trav\u00e9s de Estados Unidos y Am\u00e9rica Latina como conferencista, al igual que ha colaborado con plataformas como YouVersion para crear devocionales con los cuales puede seguir bendiciendo la vida de los j\u00f3venes.<\/p>\n<p>La misi\u00f3n de Edyah es impactar a su generaci\u00f3n con la revelaci\u00f3n de la palabra de Dios.<br \/>\n&#8212;&#8212;&#8212;&#8212;&#8212;&#8212;&#8212;&#8212;&#8212;<br \/>\nCualquier duda estamos a tus \u00f3rdenes. Bendiciones!<\/p>\n","protected":false},"excerpt":{"rendered":"<p>\u00bfQui\u00e9n soy? \u00bfPor qu\u00e9 y para qu\u00e9 estoy en la tierra? \u00bfQu\u00e9<br \/>\nsucede si hoy muero?<\/p>\n","protected":false},"featured_media":52020,"comment_status":"open","ping_status":"closed","template":"","meta":{"_acf_changed":false},"product_brand":[],"product_cat":[665,1019,533,743],"product_tag":[],"class_list":{"0":"post-52019","1":"product","2":"type-product","3":"status-publish","4":"has-post-thumbnail","6":"product_cat-ayuda","7":"product_cat-edyah-barragan","8":"product_cat-libros-general","9":"product_cat-editoriales-unilit","11":"first","12":"instock","13":"purchasable","14":"product-type-simple"},"acf":[],"_links":{"self":[{"href":"https:\/\/bibliaherramientas.com\/libreria\/wp-json\/wp\/v2\/product\/52019","targetHints":{"allow":["GET"]}}],"collection":[{"href":"https:\/\/bibliaherramientas.com\/libreria\/wp-json\/wp\/v2\/product"}],"about":[{"href":"https:\/\/bibliaherramientas.com\/libreria\/wp-json\/wp\/v2\/types\/product"}],"replies":[{"embeddable":true,"href":"https:\/\/bibliaherramientas.com\/libreria\/wp-json\/wp\/v2\/comments?post=52019"}],"wp:featuredmedia":[{"embeddable":true,"href":"https:\/\/bibliaherramientas.com\/libreria\/wp-json\/wp\/v2\/media\/52020"}],"wp:attachment":[{"href":"https:\/\/bibliaherramientas.com\/libreria\/wp-json\/wp\/v2\/media?parent=52019"}],"wp:term":[{"taxonomy":"product_brand","embeddable":true,"href":"https:\/\/bibliaherramientas.com\/libreria\/wp-json\/wp\/v2\/product_brand?post=52019"},{"taxonomy":"product_cat","embeddable":true,"href":"https:\/\/bibliaherramientas.com\/libreria\/wp-json\/wp\/v2\/product_cat?post=52019"},{"taxonomy":"product_tag","embeddable":true,"href":"https:\/\/bibliaherramientas.com\/libreria\/wp-json\/wp\/v2\/product_tag?post=52019"}],"curies":[{"name":"wp","href":"https:\/\/api.w.org\/{rel}","templated":true}]}}