{"id":52006,"date":"2024-08-01T12:51:11","date_gmt":"2024-08-01T17:51:11","guid":{"rendered":"https:\/\/bibliaherramientas.com\/libreria\/?post_type=product&#038;p=52006"},"modified":"2026-01-06T13:31:51","modified_gmt":"2026-01-06T19:31:51","slug":"biblia-rv1909-imitacion-piel-cafe-9781576979624","status":"publish","type":"product","link":"https:\/\/bibliaherramientas.com\/libreria\/producto\/biblia-rv1909-imitacion-piel-cafe-9781576979624\/","title":{"rendered":"Biblia Rv1909 Imitaci\u00f3n piel Caf\u00e9"},"content":{"rendered":"<p>BIBLIA NUEVA<\/p>\n<p>Biblia RVR1909 Imitaci\u00f3n Piel Caf\u00e9 Tama\u00f1o Mediano<\/p>\n<p>&#8212;&#8212;&#8212;&#8212;&#8212;&#8212;&#8212;&#8212;&#8212;&#8212;&#8212;-<br \/>\nCualquier duda estamos a tus \u00f3rdenes. Bendiciones!<\/p>\n","protected":false},"excerpt":{"rendered":"<p>Biblia RVR1909 Imitaci\u00f3n Piel Caf\u00e9 Tama\u00f1o Mediano<\/p>\n","protected":false},"featured_media":52007,"comment_status":"open","ping_status":"closed","template":"","meta":{"_acf_changed":false},"product_brand":[],"product_cat":[871,877,867,498,884,748],"product_tag":[],"class_list":{"0":"post-52006","1":"product","2":"type-product","3":"status-publish","4":"has-post-thumbnail","6":"product_cat-biblias-8-9-puntos","7":"product_cat-biblias-imitacion-piel","8":"product_cat-biblias-medianas","9":"product_cat-biblias-personales","10":"product_cat-biblias-rvr1960","11":"product_cat-editoriales-sociedades-biblicas-unidas","13":"first","14":"outofstock","15":"purchasable","16":"product-type-simple"},"acf":[],"_links":{"self":[{"href":"https:\/\/bibliaherramientas.com\/libreria\/wp-json\/wp\/v2\/product\/52006","targetHints":{"allow":["GET"]}}],"collection":[{"href":"https:\/\/bibliaherramientas.com\/libreria\/wp-json\/wp\/v2\/product"}],"about":[{"href":"https:\/\/bibliaherramientas.com\/libreria\/wp-json\/wp\/v2\/types\/product"}],"replies":[{"embeddable":true,"href":"https:\/\/bibliaherramientas.com\/libreria\/wp-json\/wp\/v2\/comments?post=52006"}],"wp:featuredmedia":[{"embeddable":true,"href":"https:\/\/bibliaherramientas.com\/libreria\/wp-json\/wp\/v2\/media\/52007"}],"wp:attachment":[{"href":"https:\/\/bibliaherramientas.com\/libreria\/wp-json\/wp\/v2\/media?parent=52006"}],"wp:term":[{"taxonomy":"product_brand","embeddable":true,"href":"https:\/\/bibliaherramientas.com\/libreria\/wp-json\/wp\/v2\/product_brand?post=52006"},{"taxonomy":"product_cat","embeddable":true,"href":"https:\/\/bibliaherramientas.com\/libreria\/wp-json\/wp\/v2\/product_cat?post=52006"},{"taxonomy":"product_tag","embeddable":true,"href":"https:\/\/bibliaherramientas.com\/libreria\/wp-json\/wp\/v2\/product_tag?post=52006"}],"curies":[{"name":"wp","href":"https:\/\/api.w.org\/{rel}","templated":true}]}}