{"id":51912,"date":"2024-07-30T16:32:22","date_gmt":"2024-07-30T21:32:22","guid":{"rendered":"https:\/\/bibliaherramientas.com\/libreria\/?post_type=product&#038;p=51912"},"modified":"2026-01-06T13:31:45","modified_gmt":"2026-01-06T19:31:45","slug":"biblia-rvr1960-letra-grande-con-imagenes-de-tierra-santa-t-d-9781644734599","status":"publish","type":"product","link":"https:\/\/bibliaherramientas.com\/libreria\/producto\/biblia-rvr1960-letra-grande-con-imagenes-de-tierra-santa-t-d-9781644734599\/","title":{"rendered":"Biblia Rvr1960 Letra Grande Con Im\u00e1genes De Tierra Santa T\/d Azul"},"content":{"rendered":"<p>BIBLIA NUEVA<\/p>\n<p>Biblia tama\u00f1o manual, ultrafina y con letra grande. Tapa dura con tela azul y flores, cinta marcadora y fotos a color de Tierra Santa.<\/p>\n<p>Su encuadernaci\u00f3n de lujo en tela azul y flores, con p\u00e1gina para dedicatoria, y cinta marcadora, hacen que la Santa Biblia RVR 1960 sea ideal para el uso personal o para regalo. Con letra grande y las palabras de Cristo destacadas en rojo, la Biblia incluye la esencia de Tierra Santa con preciosas im\u00e1genes a todo color, que nos invitan a orar por el pueblo de Israel.<\/p>\n<p>Esta elegante edici\u00f3n conserva la belleza cl\u00e1sica y la elocuencia de la Reina Valera Revisada 1960.<\/p>\n<p>Liviana, pr\u00e1ctica y resistente, su encuadernaci\u00f3n alegre y elegante la hace perfecta para acompa\u00f1arte a todas partes, para la lectura diaria y el uso en la iglesia cada domingo.<\/p>\n<p>EL TEXTO INCLUYE:<br \/>\n\u2022 Letra grande que facilita la lectura (10.5 pts).<br \/>\n\u2022 Concordancia.<br \/>\n\u2022 Palabras de Cristo en rojo.<br \/>\n\u2022 Encabezados visibles para encontrar f\u00e1cilmente las referencias.<br \/>\n\u2022 M\u00e1s de 10,000 referencias cruzadas.<br \/>\n\u2022 Plan de salvaci\u00f3n.<br \/>\n\u2022 16 p\u00e1ginas con im\u00e1genes a todo color de Tierra Santa.<br \/>\n\u2022 Cinco formas cristianas de apoyo a Israel.<\/p>\n<p>ADEM\u00c1S, ESTA VERSI\u00d3N RVR1960 OFRECE:<br \/>\n\u2022 Encuadernaci\u00f3n tapa dura con tela.<br \/>\n\u2022 Resistente y durable.<br \/>\n\u2022 Ultrafina.<br \/>\n\u2022 P\u00e1gina para dedicatoria.<br \/>\n\u2022 Cinta marcadora.<br \/>\n\u2022 Tama\u00f1o: 5 3\/8 x 8 3\/8 pulgadas (13.6 cm x 20.3 cm).<br \/>\n\u2022 1,216 p\u00e1ginas.<br \/>\n&#8212;&#8212;&#8212;&#8212;&#8212;&#8212;&#8212;&#8212;&#8212;&#8212;&#8212;-<br \/>\nCualquier duda estamos a tus \u00f3rdenes. Bendiciones!<\/p>\n","protected":false},"excerpt":{"rendered":"<p>Biblia tama\u00f1o manual, ultrafina y con letra grande. Tapa dura con tela azul y flores, cinta marcadora y fotos a color de Tierra Santa.<\/p>\n","protected":false},"featured_media":51913,"comment_status":"open","ping_status":"closed","template":"","meta":{"_acf_changed":false},"product_brand":[],"product_cat":[872,868,464,882,884,879,1017],"product_tag":[],"class_list":{"0":"post-51912","1":"product","2":"type-product","3":"status-publish","4":"has-post-thumbnail","6":"product_cat-biblias-10-11-puntos","7":"product_cat-biblias-grandes","8":"product_cat-biblias-mujeres","9":"product_cat-biblias-pasta-tela","10":"product_cat-biblias-rvr1960","11":"product_cat-biblias-tapa-dura","12":"product_cat-origen","14":"first","15":"instock","16":"purchasable","17":"product-type-simple"},"acf":[],"_links":{"self":[{"href":"https:\/\/bibliaherramientas.com\/libreria\/wp-json\/wp\/v2\/product\/51912","targetHints":{"allow":["GET"]}}],"collection":[{"href":"https:\/\/bibliaherramientas.com\/libreria\/wp-json\/wp\/v2\/product"}],"about":[{"href":"https:\/\/bibliaherramientas.com\/libreria\/wp-json\/wp\/v2\/types\/product"}],"replies":[{"embeddable":true,"href":"https:\/\/bibliaherramientas.com\/libreria\/wp-json\/wp\/v2\/comments?post=51912"}],"wp:featuredmedia":[{"embeddable":true,"href":"https:\/\/bibliaherramientas.com\/libreria\/wp-json\/wp\/v2\/media\/51913"}],"wp:attachment":[{"href":"https:\/\/bibliaherramientas.com\/libreria\/wp-json\/wp\/v2\/media?parent=51912"}],"wp:term":[{"taxonomy":"product_brand","embeddable":true,"href":"https:\/\/bibliaherramientas.com\/libreria\/wp-json\/wp\/v2\/product_brand?post=51912"},{"taxonomy":"product_cat","embeddable":true,"href":"https:\/\/bibliaherramientas.com\/libreria\/wp-json\/wp\/v2\/product_cat?post=51912"},{"taxonomy":"product_tag","embeddable":true,"href":"https:\/\/bibliaherramientas.com\/libreria\/wp-json\/wp\/v2\/product_tag?post=51912"}],"curies":[{"name":"wp","href":"https:\/\/api.w.org\/{rel}","templated":true}]}}