{"id":51900,"date":"2024-07-30T14:04:41","date_gmt":"2024-07-30T19:04:41","guid":{"rendered":"https:\/\/bibliaherramientas.com\/libreria\/?post_type=product&#038;p=51900"},"modified":"2026-01-06T13:31:45","modified_gmt":"2026-01-06T19:31:45","slug":"biblia-de-estudio-arcoiris-reina-valera-1960-tapa-dura-9781087706016","status":"publish","type":"product","link":"https:\/\/bibliaherramientas.com\/libreria\/producto\/biblia-de-estudio-arcoiris-reina-valera-1960-tapa-dura-9781087706016\/","title":{"rendered":"Biblia De Estudio Arcoiris &#8211; Reina Valera 1960 &#8211; Tapa Dura"},"content":{"rendered":"<p>RECURSO NUEVO<\/p>\n<p>La Biblia de Estudio Arcoiris cuenta con un sistema \u00fanico de \u00abc\u00f3digo de colores\u00bb que le permite al lector de manera f\u00e1cil y r\u00e1pida identificar 12 temas importantes en la Escritura: Dios, amor, discipulado, fe, pecado, Satan\u00e1s, salvaci\u00f3n, familia, testimonio, mandamientos, historia y profec\u00eda.<\/p>\n<p>CARACTER\u00cdSTICAS:<br \/>\n&#8211; Cada vers\u00edculo en su propio color de acuerdo con 12 temas clave.<br \/>\n&#8211; Edici\u00f3n con las palabras de la Trinidad subrayadas.<br \/>\n&#8211; Referencias en columna central.<br \/>\n&#8211; Encabezamientos y subt\u00edtulos en el texto b\u00edblico.<br \/>\n&#8211; 100 pasajes favoritos.<br \/>\n&#8211; Concordancia.<br \/>\n&#8211; Mapas a lo largo del texto b\u00edblico y en la secci\u00f3n final.<br \/>\n&#8211; Calendario para lectura b\u00edblica diaria.<br \/>\n&#8211; Plan para saber qu\u00e9 dice Dios.<br \/>\n&#8211; Plan de salvaci\u00f3n.<br \/>\n&#8211; Glosario.<br \/>\n&#8211; Canto blanco.<br \/>\n&#8211; Cinta separadora.<br \/>\n&#8211; Sin \u00edndice.<br \/>\n&#8212;&#8212;&#8212;&#8212;&#8212;&#8212;&#8212;&#8212;&#8212;<br \/>\nCualquier duda estamos a tus \u00f3rdenes. Bendiciones!<\/p>\n","protected":false},"excerpt":{"rendered":"<p>Biblia de Estudio Arco\u00edris cuenta con un sistema \u00fanico de \u00abc\u00f3digo de colores\u00bb que le permite al lector de manera f\u00e1cil y r\u00e1pida identificar 12 temas importantes en la Escritura.<\/p>\n","protected":false},"featured_media":51901,"comment_status":"open","ping_status":"closed","template":"","meta":{"_acf_changed":false},"product_brand":[],"product_cat":[872,463,868,884,879,753],"product_tag":[],"class_list":{"0":"post-51900","1":"product","2":"type-product","3":"status-publish","4":"has-post-thumbnail","6":"product_cat-biblias-10-11-puntos","7":"product_cat-biblias-estudio","8":"product_cat-biblias-grandes","9":"product_cat-biblias-rvr1960","10":"product_cat-biblias-tapa-dura","11":"product_cat-holman","13":"first","14":"instock","15":"purchasable","16":"product-type-simple"},"acf":[],"_links":{"self":[{"href":"https:\/\/bibliaherramientas.com\/libreria\/wp-json\/wp\/v2\/product\/51900","targetHints":{"allow":["GET"]}}],"collection":[{"href":"https:\/\/bibliaherramientas.com\/libreria\/wp-json\/wp\/v2\/product"}],"about":[{"href":"https:\/\/bibliaherramientas.com\/libreria\/wp-json\/wp\/v2\/types\/product"}],"replies":[{"embeddable":true,"href":"https:\/\/bibliaherramientas.com\/libreria\/wp-json\/wp\/v2\/comments?post=51900"}],"wp:featuredmedia":[{"embeddable":true,"href":"https:\/\/bibliaherramientas.com\/libreria\/wp-json\/wp\/v2\/media\/51901"}],"wp:attachment":[{"href":"https:\/\/bibliaherramientas.com\/libreria\/wp-json\/wp\/v2\/media?parent=51900"}],"wp:term":[{"taxonomy":"product_brand","embeddable":true,"href":"https:\/\/bibliaherramientas.com\/libreria\/wp-json\/wp\/v2\/product_brand?post=51900"},{"taxonomy":"product_cat","embeddable":true,"href":"https:\/\/bibliaherramientas.com\/libreria\/wp-json\/wp\/v2\/product_cat?post=51900"},{"taxonomy":"product_tag","embeddable":true,"href":"https:\/\/bibliaherramientas.com\/libreria\/wp-json\/wp\/v2\/product_tag?post=51900"}],"curies":[{"name":"wp","href":"https:\/\/api.w.org\/{rel}","templated":true}]}}