{"id":51896,"date":"2024-07-30T13:36:52","date_gmt":"2024-07-30T18:36:52","guid":{"rendered":"https:\/\/bibliaherramientas.com\/libreria\/?post_type=product&#038;p=51896"},"modified":"2026-01-06T13:31:44","modified_gmt":"2026-01-06T19:31:44","slug":"biblia-de-estudio-teologico-reina-valera-1960-imitacion-piel-7899938410950","status":"publish","type":"product","link":"https:\/\/bibliaherramientas.com\/libreria\/producto\/biblia-de-estudio-teologico-reina-valera-1960-imitacion-piel-7899938410950\/","title":{"rendered":"Biblia De Estudio Teol\u00f3gico Reina Valera 1960 Imitaci\u00f3n Piel"},"content":{"rendered":"<p>RECURSO NUEVO<\/p>\n<p>Elaborada por un equipo de caso 100 especialistas que incluyen eruditos, profesores y pastores; entre ellos Wayne Grudem, J. I. Packer, Iain Provan, David W. Chapman, Mark Dever y John Piper.<\/p>\n<p>La Biblia de Estudio Teol\u00f3gico RVR1960 es una de las Biblias de estudio m\u00e1s completas. Complementa la lectura del texto b\u00edblico con lo mejor del mundo acad\u00e9mico y los conocimientos m\u00e1s recientes en el campo de los estudios teol\u00f3gicos y cient\u00edficos sobre las Escrituras y su contexto original.<\/p>\n<p>Para esto, la Biblia cuenta con introducciones exhaustivas a cada libro y secci\u00f3n de las Escrituras, notas de estudio, tablas comparativas, esquemas explicativos, diagramas e ilustraciones, adem\u00e1s de mapas detallados. Todo elaborado para que los lectores puedan comprender mejor los matices del texto y del contexto de las Escrituras.<\/p>\n<p>La Biblia de Estudio Teol\u00f3gico RVR 1960 tambi\u00e9n compila una serie de art\u00edculos exclusivos sobre temas fundamentales para el cristianismo del siglo XXI, que abordan las relaciones entre las ense\u00f1anzas de la Palabra de Dios y cuestiones sociales e hist\u00f3ricas importantes de nuestro tiempo.<\/p>\n<p>As\u00ed la Biblia de Estudio Teol\u00f3gico RVR 1960 es una herramienta imprescindible para laicos y especialistas, y tambi\u00e9n para todos los que deseen conocer la Palabra de Dios y sus matices hist\u00f3ricos y sociales de la manera m\u00e1s profunda y detallada posible sin dejar de lado la precisi\u00f3n cient\u00edfica y el rigor t\u00e9cnico.<br \/>\nNOTA: Traducci\u00f3n y adaptaci\u00f3n de la ESV Study Bible.<\/p>\n<p>RECURSOS:<br \/>\n\u00b0 M\u00e1s de 44,000 notas de estudio esclarecedoras.<br \/>\n\u00b0 M\u00e1s de 200 mapas detallados.<br \/>\n\u00b0 M\u00e1s de 200 tablas comparativas.<br \/>\n\u00b0 M\u00e1s de 60 cuadros tem\u00e1ticos.<br \/>\n\u00b0 Art\u00edculos exclusivos sobre temas fundamentales para el cristianismo del siglo XXI.<br \/>\n\u00b0 Introducciones a los libros y a los bloques de libros.<br \/>\n\u00b0 Concordancia b\u00edblica.<br \/>\n\u00b0 Esquemas explicativos, diagramas e ilustraciones.<br \/>\n\u00b0 \u00cdndice manual para localizaci\u00f3n de los libros.<br \/>\n\u00b0 Doble cinta marcadora<\/p>\n<p>\u2014\u2014\u2014\u2014\u2014\u2014<br \/>\nCualquier duda estamos a tus \u00f3rdenes. Bendiciones!<\/p>\n","protected":false},"excerpt":{"rendered":"<p>Biblia de estudio con introducciones exhaustivas a cada libro y secci\u00f3n de las Escrituras, notas de estudio, tablas comparativas, esquemas explicativos, diagramas e ilustraciones, adem\u00e1s de mapas detallados.<\/p>\n","protected":false},"featured_media":51897,"comment_status":"open","ping_status":"closed","template":"","meta":{"_acf_changed":false},"product_brand":[],"product_cat":[872,463,868,877,884,748],"product_tag":[],"class_list":{"0":"post-51896","1":"product","2":"type-product","3":"status-publish","4":"has-post-thumbnail","6":"product_cat-biblias-10-11-puntos","7":"product_cat-biblias-estudio","8":"product_cat-biblias-grandes","9":"product_cat-biblias-imitacion-piel","10":"product_cat-biblias-rvr1960","11":"product_cat-editoriales-sociedades-biblicas-unidas","13":"first","14":"outofstock","15":"purchasable","16":"product-type-simple"},"acf":[],"_links":{"self":[{"href":"https:\/\/bibliaherramientas.com\/libreria\/wp-json\/wp\/v2\/product\/51896","targetHints":{"allow":["GET"]}}],"collection":[{"href":"https:\/\/bibliaherramientas.com\/libreria\/wp-json\/wp\/v2\/product"}],"about":[{"href":"https:\/\/bibliaherramientas.com\/libreria\/wp-json\/wp\/v2\/types\/product"}],"replies":[{"embeddable":true,"href":"https:\/\/bibliaherramientas.com\/libreria\/wp-json\/wp\/v2\/comments?post=51896"}],"wp:featuredmedia":[{"embeddable":true,"href":"https:\/\/bibliaherramientas.com\/libreria\/wp-json\/wp\/v2\/media\/51897"}],"wp:attachment":[{"href":"https:\/\/bibliaherramientas.com\/libreria\/wp-json\/wp\/v2\/media?parent=51896"}],"wp:term":[{"taxonomy":"product_brand","embeddable":true,"href":"https:\/\/bibliaherramientas.com\/libreria\/wp-json\/wp\/v2\/product_brand?post=51896"},{"taxonomy":"product_cat","embeddable":true,"href":"https:\/\/bibliaherramientas.com\/libreria\/wp-json\/wp\/v2\/product_cat?post=51896"},{"taxonomy":"product_tag","embeddable":true,"href":"https:\/\/bibliaherramientas.com\/libreria\/wp-json\/wp\/v2\/product_tag?post=51896"}],"curies":[{"name":"wp","href":"https:\/\/api.w.org\/{rel}","templated":true}]}}