{"id":51892,"date":"2024-07-30T13:22:26","date_gmt":"2024-07-30T18:22:26","guid":{"rendered":"https:\/\/bibliaherramientas.com\/libreria\/?post_type=product&#038;p=51892"},"modified":"2026-01-06T13:31:44","modified_gmt":"2026-01-06T19:31:44","slug":"libro-historias-breves-de-la-biblia-buenas-noches-dios-9780311380442","status":"publish","type":"product","link":"https:\/\/bibliaherramientas.com\/libreria\/producto\/libro-historias-breves-de-la-biblia-buenas-noches-dios-9780311380442\/","title":{"rendered":"Libro Historias Breves De La Biblia &#8211; Buenas Noches Dios"},"content":{"rendered":"<p>BIBLIA NUEVA<\/p>\n<p>&#8211; Pasta dura acolchada.<br \/>\n&#8211; P\u00e1ginas r\u00edgidas (tablitas).<\/p>\n<p>Este libro contiene nueve historias b\u00edblicas a todo color para leer cada noche a los ni\u00f1os de m\u00e1s de dos a\u00f1os.<\/p>\n<p>Cada p\u00e1gina es de textura gruesa y la cubierta acolchonada. La portada brilla en la oscuridad para ayudar al ni\u00f1o a dormir con su luz apagada.<\/p>\n<p>El libro tiene manija para que los ni\u00f1os lo puedan llevar sin problema. Buenas noches, Dios es la lectura perfecta para antes de dormir. Cada una de estas conocidas historias de la Biblia condensada en un texto de f\u00e1cil comprensi\u00f3n para los m\u00e1s peque\u00f1os del hogar, termina dando las buenas noches a todos los personajes que aparecen en ella.<br \/>\n&#8212;&#8212;&#8212;&#8212;&#8212;&#8212;-<br \/>\nCualquier duda estamos a tus \u00f3rdenes. Bendiciones!<\/p>\n","protected":false},"excerpt":{"rendered":"<p>El libro contiene nueve historias b\u00edblicas a todo color para leer cada noche a los ni\u00f1os de m\u00e1s de dos a\u00f1os.<\/p>\n","protected":false},"featured_media":51893,"comment_status":"open","ping_status":"closed","template":"","meta":{"_acf_changed":false},"product_brand":[],"product_cat":[740,538],"product_tag":[],"class_list":{"0":"post-51892","1":"product","2":"type-product","3":"status-publish","4":"has-post-thumbnail","6":"product_cat-editoriales-mundo-hispano","7":"product_cat-ninos-libros","9":"first","10":"instock","11":"purchasable","12":"product-type-simple"},"acf":[],"_links":{"self":[{"href":"https:\/\/bibliaherramientas.com\/libreria\/wp-json\/wp\/v2\/product\/51892","targetHints":{"allow":["GET"]}}],"collection":[{"href":"https:\/\/bibliaherramientas.com\/libreria\/wp-json\/wp\/v2\/product"}],"about":[{"href":"https:\/\/bibliaherramientas.com\/libreria\/wp-json\/wp\/v2\/types\/product"}],"replies":[{"embeddable":true,"href":"https:\/\/bibliaherramientas.com\/libreria\/wp-json\/wp\/v2\/comments?post=51892"}],"wp:featuredmedia":[{"embeddable":true,"href":"https:\/\/bibliaherramientas.com\/libreria\/wp-json\/wp\/v2\/media\/51893"}],"wp:attachment":[{"href":"https:\/\/bibliaherramientas.com\/libreria\/wp-json\/wp\/v2\/media?parent=51892"}],"wp:term":[{"taxonomy":"product_brand","embeddable":true,"href":"https:\/\/bibliaherramientas.com\/libreria\/wp-json\/wp\/v2\/product_brand?post=51892"},{"taxonomy":"product_cat","embeddable":true,"href":"https:\/\/bibliaherramientas.com\/libreria\/wp-json\/wp\/v2\/product_cat?post=51892"},{"taxonomy":"product_tag","embeddable":true,"href":"https:\/\/bibliaherramientas.com\/libreria\/wp-json\/wp\/v2\/product_tag?post=51892"}],"curies":[{"name":"wp","href":"https:\/\/api.w.org\/{rel}","templated":true}]}}