{"id":51855,"date":"2024-07-29T17:49:39","date_gmt":"2024-07-29T22:49:39","guid":{"rendered":"https:\/\/bibliaherramientas.com\/libreria\/?post_type=product&#038;p=51855"},"modified":"2026-03-12T10:22:57","modified_gmt":"2026-03-12T16:22:57","slug":"biblia-economica-ntv-edicion-semilla-tapa-rustica-verde-9781496486615","status":"publish","type":"product","link":"https:\/\/bibliaherramientas.com\/libreria\/producto\/biblia-economica-ntv-edicion-semilla-tapa-rustica-verde-9781496486615\/","title":{"rendered":"Biblia Econ\u00f3mica Ntv Edici\u00f3n Semilla Tapa R\u00fastica Verde"},"content":{"rendered":"<p>RECURSO NUEVO<\/p>\n<p>La Biblia econ\u00f3mica NTV, Edici\u00f3n Semilla es la versi\u00f3n econ\u00f3mica de la Nueva Traducci\u00f3n Viviente (NTV). La NTV es una traducci\u00f3n que transmita el mensaje de los textos originales de las Escrituras en un lenguaje contempor\u00e1neo y claro. Al hacerlo, tuvieron presente los intereses de las dos teor\u00edas generales de traducci\u00f3n: la equivalencia formal y la equivalencia din\u00e1mica. Su meta fue ser fieles a los textos antiguos y a la vez comprensibles. El resultado es una traducci\u00f3n que tiene precisi\u00f3n exeg\u00e9tica y fuerza idiom\u00e1tica.<\/p>\n<p>CARACTER\u00cdSTICAS:<br \/>\n-Tapas r\u00fasticas de dise\u00f1o \u00fanico.<br \/>\n-Tama\u00f1o ligero y f\u00e1cil de llevar.<br \/>\n-Ideal para distribuir, regalar, o usar en el evangelismo.<br \/>\n&#8212;&#8212;&#8212;&#8212;&#8212;&#8212;&#8212;&#8212;&#8212;&#8212;<br \/>\nCualquier duda estamos a tus \u00f3rdenes. Bendiciones!<\/p>\n","protected":false},"excerpt":{"rendered":"<p>Biblia econ\u00f3mica de tapa r\u00fastica, tama\u00f1o ligero y f\u00e1cil de llevar.<\/p>\n","protected":false},"featured_media":51856,"comment_status":"open","ping_status":"closed","template":"","meta":{"_acf_changed":false},"product_brand":[],"product_cat":[871,495,867,886,885,742],"product_tag":[],"class_list":{"0":"post-51855","1":"product","2":"type-product","3":"status-publish","4":"has-post-thumbnail","6":"product_cat-biblias-8-9-puntos","7":"product_cat-biblias-economicas","8":"product_cat-biblias-medianas","9":"product_cat-biblias-ntv","10":"product_cat-biblias-pasta-rustica","11":"product_cat-editoriales-tyndale","13":"first","14":"instock","15":"purchasable","16":"product-type-simple"},"acf":[],"_links":{"self":[{"href":"https:\/\/bibliaherramientas.com\/libreria\/wp-json\/wp\/v2\/product\/51855","targetHints":{"allow":["GET"]}}],"collection":[{"href":"https:\/\/bibliaherramientas.com\/libreria\/wp-json\/wp\/v2\/product"}],"about":[{"href":"https:\/\/bibliaherramientas.com\/libreria\/wp-json\/wp\/v2\/types\/product"}],"replies":[{"embeddable":true,"href":"https:\/\/bibliaherramientas.com\/libreria\/wp-json\/wp\/v2\/comments?post=51855"}],"wp:featuredmedia":[{"embeddable":true,"href":"https:\/\/bibliaherramientas.com\/libreria\/wp-json\/wp\/v2\/media\/51856"}],"wp:attachment":[{"href":"https:\/\/bibliaherramientas.com\/libreria\/wp-json\/wp\/v2\/media?parent=51855"}],"wp:term":[{"taxonomy":"product_brand","embeddable":true,"href":"https:\/\/bibliaherramientas.com\/libreria\/wp-json\/wp\/v2\/product_brand?post=51855"},{"taxonomy":"product_cat","embeddable":true,"href":"https:\/\/bibliaherramientas.com\/libreria\/wp-json\/wp\/v2\/product_cat?post=51855"},{"taxonomy":"product_tag","embeddable":true,"href":"https:\/\/bibliaherramientas.com\/libreria\/wp-json\/wp\/v2\/product_tag?post=51855"}],"curies":[{"name":"wp","href":"https:\/\/api.w.org\/{rel}","templated":true}]}}