{"id":51851,"date":"2024-07-29T17:32:53","date_gmt":"2024-07-29T22:32:53","guid":{"rendered":"https:\/\/bibliaherramientas.com\/libreria\/?post_type=product&#038;p=51851"},"modified":"2026-01-06T13:31:43","modified_gmt":"2026-01-06T19:31:43","slug":"biblia-mediana-rvc-imit-piel-azul-vino-con-cierre-e-indice-9789587453096","status":"publish","type":"product","link":"https:\/\/bibliaherramientas.com\/libreria\/producto\/biblia-mediana-rvc-imit-piel-azul-vino-con-cierre-e-indice-9789587453096\/","title":{"rendered":"Biblia Mediana Rvc Imit. Piel Azul\/vino Con Cierre E \u00cdndice"},"content":{"rendered":"<p>BIBLIA NUEVA<\/p>\n<p>Versi\u00f3n RVC<br \/>\nLa Biblia en versi\u00f3n Reina Valera contempor\u00e1nea. Una revisi\u00f3n del texto de Reina-Valera, que sin alejarse de la versi\u00f3n cl\u00e1sica puede leerse y disfrutarse con el mismo placer y la misma devoci\u00f3n que la traducci\u00f3n y revisi\u00f3n de hace m\u00e1s de cuatro siglos, en el lenguaje en castellano con el que se predica en Am\u00e9rica Latina. Con un dise\u00f1o moderno y practico de llevar a cualquier lugar, Con cierre que le permite mayor resistencia y durabilidad, resistente al agua y con \u00edndice que te permite llegar m\u00e1s r\u00e1pido al texto que deseas estudiar.<\/p>\n<p>Caracter\u00edsticas:<br \/>\n&#8211; Cierre.<br \/>\n&#8211; Palabras de Jes\u00fas en Rojo.<br \/>\n&#8211; Color Bicolor Azul Vino.<br \/>\n&#8211; Letra 8 Puntos.<br \/>\n&#8211; Canto Plateado.<br \/>\n&#8211; Recomendada para Adolescentes, J\u00f3venes y Se\u00f1oritas.<br \/>\n&#8212;&#8212;&#8212;&#8212;&#8212;&#8212;&#8212;&#8212;&#8212;&#8211;<br \/>\nCualquier duda estamos a tus \u00f3rdenes. Bendiciones!<\/p>\n","protected":false},"excerpt":{"rendered":"<p>Biblia con cierre, canto plateado, letra de 8 puntos y bicolor.<\/p>\n","protected":false},"featured_media":51852,"comment_status":"open","ping_status":"closed","template":"","meta":{"_acf_changed":false},"product_brand":[],"product_cat":[871,877,494,867,890,748],"product_tag":[],"class_list":{"0":"post-51851","1":"product","2":"type-product","3":"status-publish","4":"has-post-thumbnail","6":"product_cat-biblias-8-9-puntos","7":"product_cat-biblias-imitacion-piel","8":"product_cat-biblias-juveniles","9":"product_cat-biblias-medianas","10":"product_cat-biblias-rvc","11":"product_cat-editoriales-sociedades-biblicas-unidas","13":"first","14":"outofstock","15":"purchasable","16":"product-type-simple"},"acf":[],"_links":{"self":[{"href":"https:\/\/bibliaherramientas.com\/libreria\/wp-json\/wp\/v2\/product\/51851","targetHints":{"allow":["GET"]}}],"collection":[{"href":"https:\/\/bibliaherramientas.com\/libreria\/wp-json\/wp\/v2\/product"}],"about":[{"href":"https:\/\/bibliaherramientas.com\/libreria\/wp-json\/wp\/v2\/types\/product"}],"replies":[{"embeddable":true,"href":"https:\/\/bibliaherramientas.com\/libreria\/wp-json\/wp\/v2\/comments?post=51851"}],"wp:featuredmedia":[{"embeddable":true,"href":"https:\/\/bibliaherramientas.com\/libreria\/wp-json\/wp\/v2\/media\/51852"}],"wp:attachment":[{"href":"https:\/\/bibliaherramientas.com\/libreria\/wp-json\/wp\/v2\/media?parent=51851"}],"wp:term":[{"taxonomy":"product_brand","embeddable":true,"href":"https:\/\/bibliaherramientas.com\/libreria\/wp-json\/wp\/v2\/product_brand?post=51851"},{"taxonomy":"product_cat","embeddable":true,"href":"https:\/\/bibliaherramientas.com\/libreria\/wp-json\/wp\/v2\/product_cat?post=51851"},{"taxonomy":"product_tag","embeddable":true,"href":"https:\/\/bibliaherramientas.com\/libreria\/wp-json\/wp\/v2\/product_tag?post=51851"}],"curies":[{"name":"wp","href":"https:\/\/api.w.org\/{rel}","templated":true}]}}