{"id":51843,"date":"2024-07-29T17:05:05","date_gmt":"2024-07-29T22:05:05","guid":{"rendered":"https:\/\/bibliaherramientas.com\/libreria\/?post_type=product&#038;p=51843"},"modified":"2026-01-06T13:31:43","modified_gmt":"2026-01-06T19:31:43","slug":"biblia-leemela-historias-biblicas-para-los-pequenitos-9781433603624","status":"publish","type":"product","link":"https:\/\/bibliaherramientas.com\/libreria\/producto\/biblia-leemela-historias-biblicas-para-los-pequenitos-9781433603624\/","title":{"rendered":"Biblia L\u00e9emela &#8211; Historias B\u00edblicas Para Los Peque\u00f1itos"},"content":{"rendered":"<p>RECURSO NUEVO<br \/>\n&#8211; Dimensiones: 20.9 x 17.8 x 3 cms.<br \/>\n&#8211; Tama\u00f1o de letra: Normal.<br \/>\n&#8211; Tipo de pasta: Acolchada suave.<br \/>\n&#8211; P\u00e1ginas: 40.<\/p>\n<p>La \u201cBiblia L\u00e9emela\u201d es un libro de cart\u00f3n con tapa dura acojinada y con una manija de pl\u00e1stico para transportar. Incluye 20 relatos b\u00edblicos muy conocidos que hablan de Dios y su amor y promesas para nosotros a trav\u00e9s de Jes\u00fas. Este libro de relatos sencillos con hermosas ilustraciones ser\u00e1 el favorito entre los peque\u00f1itos y los lectores m\u00e1s j\u00f3venes a quienes les encantar\u00e1 llevar consigo su propia Biblia.<br \/>\nEntre los relatos se incluye: La creaci\u00f3n, El arca de No\u00e9, Una torre alta, Mois\u00e9s en la canasta, La salida de Egipto, Los diez mandamientos, Los muros de Jeric\u00f3, Sans\u00f3n, David y Goliat, Daniel y los leones, Jon\u00e1s y el gran pez, El nacimiento de Jes\u00fas, La gran pesca, Encuentro con Jes\u00fas a trav\u00e9s del techo, Jes\u00fas alimenta a la gente, Jes\u00fas calma la tormenta, \u00a1L\u00e1zaro, despierta!, Jes\u00fas es crucificado, \u00a1Jes\u00fas vive! y El regreso al cielo. Edades: de 0 a 4 a\u00f1os.<\/p>\n<p>&#8212;&#8212;&#8212;&#8212;&#8212;&#8212;&#8212;&#8212;&#8212;-<\/p>\n<p>Autor: En B&amp;H Espa\u00f1ol, nuestra visi\u00f3n es publicar libros de calidad que comunican la verdad del poder de Cristo para la vida de los lectores. Al leer estos libros en sus hogares y al difundirlos a trav\u00e9s del mundo, nuestra esperanza es que nuestros lectores se sientan animados y transformados para ser todo lo que Dios quiere de ellos.<\/p>\n<p>&#8212;&#8212;&#8212;&#8212;&#8212;&#8212;&#8212;&#8212;&#8212;-<br \/>\nCualquier duda estamos a tus \u00f3rdenes. Bendiciones!<\/p>\n","protected":false},"excerpt":{"rendered":"<p>Biblia para ni\u00f1os\u00a0es un libro de cart\u00f3n con tapa dura acojinada y con una manija de pl\u00e1stico para transportar. Incluye 20 relatos b\u00edblicos muy conocidos que hablan de Dios y su amor y promesas para nosotros a trav\u00e9s de Jes\u00fas.<\/p>\n","protected":false},"featured_media":51844,"comment_status":"open","ping_status":"closed","template":"","meta":{"_acf_changed":false},"product_brand":[],"product_cat":[735,874,867,492,972],"product_tag":[],"class_list":{"0":"post-51843","1":"product","2":"type-product","3":"status-publish","4":"has-post-thumbnail","6":"product_cat-editoriales-bh-espanol","7":"product_cat-biblias-14-16-puntos","8":"product_cat-biblias-medianas","9":"product_cat-biblias-ninos","10":"product_cat-biblias-tapa-dura-acolchada","12":"first","13":"instock","14":"purchasable","15":"product-type-simple"},"acf":[],"_links":{"self":[{"href":"https:\/\/bibliaherramientas.com\/libreria\/wp-json\/wp\/v2\/product\/51843","targetHints":{"allow":["GET"]}}],"collection":[{"href":"https:\/\/bibliaherramientas.com\/libreria\/wp-json\/wp\/v2\/product"}],"about":[{"href":"https:\/\/bibliaherramientas.com\/libreria\/wp-json\/wp\/v2\/types\/product"}],"replies":[{"embeddable":true,"href":"https:\/\/bibliaherramientas.com\/libreria\/wp-json\/wp\/v2\/comments?post=51843"}],"wp:featuredmedia":[{"embeddable":true,"href":"https:\/\/bibliaherramientas.com\/libreria\/wp-json\/wp\/v2\/media\/51844"}],"wp:attachment":[{"href":"https:\/\/bibliaherramientas.com\/libreria\/wp-json\/wp\/v2\/media?parent=51843"}],"wp:term":[{"taxonomy":"product_brand","embeddable":true,"href":"https:\/\/bibliaherramientas.com\/libreria\/wp-json\/wp\/v2\/product_brand?post=51843"},{"taxonomy":"product_cat","embeddable":true,"href":"https:\/\/bibliaherramientas.com\/libreria\/wp-json\/wp\/v2\/product_cat?post=51843"},{"taxonomy":"product_tag","embeddable":true,"href":"https:\/\/bibliaherramientas.com\/libreria\/wp-json\/wp\/v2\/product_tag?post=51843"}],"curies":[{"name":"wp","href":"https:\/\/api.w.org\/{rel}","templated":true}]}}