{"id":51836,"date":"2024-07-29T16:17:08","date_gmt":"2024-07-29T21:17:08","guid":{"rendered":"https:\/\/bibliaherramientas.com\/libreria\/?post_type=product&#038;p=51836"},"modified":"2026-01-06T13:31:43","modified_gmt":"2026-01-06T19:31:43","slug":"biblia-reina-valera-1960-recuerdo-de-boda-edicion-especia-9781535950923l","status":"publish","type":"product","link":"https:\/\/bibliaherramientas.com\/libreria\/producto\/biblia-reina-valera-1960-recuerdo-de-boda-edicion-especia-9781535950923l\/","title":{"rendered":"Biblia Reina Valera 1960 Recuerdo De Boda Edici\u00f3n Especial"},"content":{"rendered":"<p>RECURSO NUEVO<br \/>\n&#8211; Dimensiones: 12.3 x 18.8 x 2.7 cms.<br \/>\n&#8211; Tama\u00f1o de letra: 10 puntos.<br \/>\n&#8211; Tipo de pasta: Simil piel.<br \/>\n&#8211; Peso: 560 gr.<\/p>\n<p>La Biblia RVR 1960 Recuerdo de Boda es el regalo perfecto para un compromiso matrimonial, una lluvia de regalos para la novia o para el d\u00eda de casamiento. Es un dise\u00f1o innovador con cubierta de s\u00edmil piel, cantos y detalles \u00fanicos que lo har\u00e1n un gran tesoro.<\/p>\n<p>CARACTER\u00cdSTICAS:<br \/>\n&#8211; P\u00e1gina registro de matrimonio.<br \/>\n&#8211; Plan de salvaci\u00f3n.<br \/>\n&#8211; Palabras de Cristo en rojo.<br \/>\n&#8211; Plan de lectura en un a\u00f1o.<br \/>\n&#8211; Panorama hist\u00f3rico de la Biblia.<br \/>\n&#8211; Introducci\u00f3n a los libros de la Biblia.<br \/>\n&#8211; Armon\u00eda de los evangelios.<br \/>\n&#8211; Nombres y atributos de Jes\u00fas.<br \/>\n&#8211; Palabras de aliento para tu caminar con Dios.<br \/>\n&#8211; Tabla de pesos y medidas.<br \/>\n&#8211; Concordancia.<br \/>\n&#8211; Cinta marcadora.<br \/>\n&#8211; Canto plateado.<br \/>\n&#8211; Sin \u00edndice.<br \/>\n&#8211; Caja de regalo.<\/p>\n<p>&#8212;&#8212;&#8212;&#8212;&#8212;&#8212;&#8212;&#8212;&#8212;&#8212;-<br \/>\nCualquier duda estamos a tus \u00f3rdenes. Bendiciones!<\/p>\n","protected":false},"excerpt":{"rendered":"<p>Esta biblia es un regalo de boda perfecto para un compromiso matrimonial, una lluvia de regalos para la novia o para el d\u00eda de casamiento.<\/p>\n","protected":false},"featured_media":51837,"comment_status":"open","ping_status":"closed","template":"","meta":{"_acf_changed":false},"product_brand":[],"product_cat":[872,877,867,496,884,753],"product_tag":[],"class_list":{"0":"post-51836","1":"product","2":"type-product","3":"status-publish","4":"has-post-thumbnail","6":"product_cat-biblias-10-11-puntos","7":"product_cat-biblias-imitacion-piel","8":"product_cat-biblias-medianas","9":"product_cat-biblias-para-eventos-especiales","10":"product_cat-biblias-rvr1960","11":"product_cat-holman","13":"first","14":"instock","15":"purchasable","16":"product-type-simple"},"acf":[],"_links":{"self":[{"href":"https:\/\/bibliaherramientas.com\/libreria\/wp-json\/wp\/v2\/product\/51836","targetHints":{"allow":["GET"]}}],"collection":[{"href":"https:\/\/bibliaherramientas.com\/libreria\/wp-json\/wp\/v2\/product"}],"about":[{"href":"https:\/\/bibliaherramientas.com\/libreria\/wp-json\/wp\/v2\/types\/product"}],"replies":[{"embeddable":true,"href":"https:\/\/bibliaherramientas.com\/libreria\/wp-json\/wp\/v2\/comments?post=51836"}],"wp:featuredmedia":[{"embeddable":true,"href":"https:\/\/bibliaherramientas.com\/libreria\/wp-json\/wp\/v2\/media\/51837"}],"wp:attachment":[{"href":"https:\/\/bibliaherramientas.com\/libreria\/wp-json\/wp\/v2\/media?parent=51836"}],"wp:term":[{"taxonomy":"product_brand","embeddable":true,"href":"https:\/\/bibliaherramientas.com\/libreria\/wp-json\/wp\/v2\/product_brand?post=51836"},{"taxonomy":"product_cat","embeddable":true,"href":"https:\/\/bibliaherramientas.com\/libreria\/wp-json\/wp\/v2\/product_cat?post=51836"},{"taxonomy":"product_tag","embeddable":true,"href":"https:\/\/bibliaherramientas.com\/libreria\/wp-json\/wp\/v2\/product_tag?post=51836"}],"curies":[{"name":"wp","href":"https:\/\/api.w.org\/{rel}","templated":true}]}}