{"id":51806,"date":"2024-07-29T12:14:36","date_gmt":"2024-07-29T17:14:36","guid":{"rendered":"https:\/\/bibliaherramientas.com\/libreria\/?post_type=product&#038;p=51806"},"modified":"2026-01-06T13:31:41","modified_gmt":"2026-01-06T19:31:41","slug":"biblia-ntv-letra-grande-ed-personal-fiusha-flores-imit-piel-9781496446923","status":"publish","type":"product","link":"https:\/\/bibliaherramientas.com\/libreria\/producto\/biblia-ntv-letra-grande-ed-personal-fiusha-flores-imit-piel-9781496446923\/","title":{"rendered":"Biblia Ntv Letra Grande Ed. Personal Fiusha Flores Imit Piel"},"content":{"rendered":"<p>RECURSO NUEVO<br \/>\n&#8211; Dimensiones: 22 \u00d7 14.2 \u00d7 4.6 cms.<br \/>\n&#8211; Tama\u00f1o de letra: Grande.<br \/>\n&#8211; Tipo de pasta: Senti piel.<br \/>\n&#8211; P\u00e1ginas: 1704.<br \/>\n&#8211; Peso: 850 g.<\/p>\n<p>La Edici\u00f3n personal, letra grande ofrece el texto claro y comprensible de la Nueva Traducci\u00f3n Viviente en un formato accesible y f\u00e1cil de leer. Esta Biblia de tama\u00f1o mediano contiene introducciones informativas a cada libro, una concordancia y mapas a todo color. Adem\u00e1s, tiene las palabras de Cristo en rojo, una p\u00e1gina de presentaci\u00f3n y canto plateado.<\/p>\n<p>CONTENIDO:<br \/>\n&#8211; Introducci\u00f3n a la Nueva Traducci\u00f3n Viviente.<br \/>\n&#8211; Introducci\u00f3n a los libros de la Biblia.<br \/>\n&#8211; Notas a pie de p\u00e1gina.<br \/>\n&#8211; Palabras de Jes\u00fas en rojo.<br \/>\n&#8211; Concordancia.<br \/>\n&#8211; Mapas a color.<br \/>\n&#8211; Canto plateado.<br \/>\n&#8211; Cinta separadora.<\/p>\n<p>&#8212;&#8212;&#8212;&#8212;&#8212;&#8212;&#8212;&#8212;&#8212;&#8212;-<br \/>\nCualquier duda estamos a tus \u00f3rdenes. Bendiciones!<\/p>\n","protected":false},"excerpt":{"rendered":"<p>Biblia de tama\u00f1o mediano que contiene introducciones informativas a cada libro, una concordancia y mapas a todo color.<\/p>\n","protected":false},"featured_media":51807,"comment_status":"open","ping_status":"closed","template":"","meta":{"_acf_changed":false},"product_brand":[],"product_cat":[872,877,867,464,498,884,742],"product_tag":[],"class_list":{"0":"post-51806","1":"product","2":"type-product","3":"status-publish","4":"has-post-thumbnail","6":"product_cat-biblias-10-11-puntos","7":"product_cat-biblias-imitacion-piel","8":"product_cat-biblias-medianas","9":"product_cat-biblias-mujeres","10":"product_cat-biblias-personales","11":"product_cat-biblias-rvr1960","12":"product_cat-editoriales-tyndale","14":"first","15":"outofstock","16":"purchasable","17":"product-type-simple"},"acf":[],"_links":{"self":[{"href":"https:\/\/bibliaherramientas.com\/libreria\/wp-json\/wp\/v2\/product\/51806","targetHints":{"allow":["GET"]}}],"collection":[{"href":"https:\/\/bibliaherramientas.com\/libreria\/wp-json\/wp\/v2\/product"}],"about":[{"href":"https:\/\/bibliaherramientas.com\/libreria\/wp-json\/wp\/v2\/types\/product"}],"replies":[{"embeddable":true,"href":"https:\/\/bibliaherramientas.com\/libreria\/wp-json\/wp\/v2\/comments?post=51806"}],"wp:featuredmedia":[{"embeddable":true,"href":"https:\/\/bibliaherramientas.com\/libreria\/wp-json\/wp\/v2\/media\/51807"}],"wp:attachment":[{"href":"https:\/\/bibliaherramientas.com\/libreria\/wp-json\/wp\/v2\/media?parent=51806"}],"wp:term":[{"taxonomy":"product_brand","embeddable":true,"href":"https:\/\/bibliaherramientas.com\/libreria\/wp-json\/wp\/v2\/product_brand?post=51806"},{"taxonomy":"product_cat","embeddable":true,"href":"https:\/\/bibliaherramientas.com\/libreria\/wp-json\/wp\/v2\/product_cat?post=51806"},{"taxonomy":"product_tag","embeddable":true,"href":"https:\/\/bibliaherramientas.com\/libreria\/wp-json\/wp\/v2\/product_tag?post=51806"}],"curies":[{"name":"wp","href":"https:\/\/api.w.org\/{rel}","templated":true}]}}