{"id":51799,"date":"2024-07-29T11:43:16","date_gmt":"2024-07-29T16:43:16","guid":{"rendered":"https:\/\/bibliaherramientas.com\/libreria\/?post_type=product&#038;p=51799"},"modified":"2026-01-06T13:31:41","modified_gmt":"2026-01-06T19:31:41","slug":"libro-cautivante-revelando-el-misterio-del-alma-de-una-mujer-9781400332823","status":"publish","type":"product","link":"https:\/\/bibliaherramientas.com\/libreria\/producto\/libro-cautivante-revelando-el-misterio-del-alma-de-una-mujer-9781400332823\/","title":{"rendered":"Libro Cautivante Revelando El Misterio Del Alma De Una Mujer"},"content":{"rendered":"<p>RECURSO NUEVO<\/p>\n<p>Toda mujer fue una ni\u00f1a alguna vez. Y toda ni\u00f1a guarda en su coraz\u00f3n sus m\u00e1s preciosos sue\u00f1os. Anhela que la enamoren, ans\u00eda jugar un rol irremplazable en una gran aventura y desea ser la Bella de la historia. Esos anhelos son mucho m\u00e1s que un juego infantil. Son el secreto hacia el coraz\u00f3n de una mujer.<\/p>\n<p>Sin embargo, \u00bfCu\u00e1ntas mujeres conoces que hayan descubierto esa vida alguna vez? Seg\u00fan pasan los a\u00f1os, el coraz\u00f3n de la mujer va quedando a un lado, herido, enterrado. Ella solo encuentra romance en las novelas, solo vive aventuras en la televisi\u00f3n y duda much\u00edsimo que alguna vez pueda llegar a ser la Bella de cualquier historia.<\/p>\n<p>La mayor\u00eda de las mujeres piensan que tienen que conformarse con una vida de rendimiento y obligaciones, tareas y diligencias; esforz\u00e1ndose por ser la mujer que &#8220;debe&#8221; ser pero con frecuencia sintiendo que han fracasado en la encomienda. Lamentablemente, demasiados mensajes para las mujeres cristianas a\u00f1aden m\u00e1s presi\u00f3n. &#8220;Sigue estos diez pasos y ser\u00e1s una buena cristiana&#8221;. El efecto en el alma femenina no ha sido bueno.<\/p>\n<p>Pero su coraz\u00f3n todav\u00eda est\u00e1 all\u00ed. En ocasiones cuando ve una pel\u00edcula, algunas veces en la madrugada, su coraz\u00f3n comienza a hablar otra vez. Comienza a sentir una gran sed interior por encontrar la vida que se supon\u00eda que viviera; la vida que so\u00f1\u00f3 cuando era ni\u00f1a.<\/p>\n<p>El mensaje de &#8220;Cautivante&#8221; es este: tu coraz\u00f3n importa m\u00e1s que cualquier otra cosa en toda la creaci\u00f3n. Los anhelos que ten\u00edas cuando eras ni\u00f1a y los deseos que todav\u00eda sientes como mujer te est\u00e1n hablando de la vida que Dios cre\u00f3 para ti. El te ofrece convertirse en el H\u00e9roe de tu historia, rescatar tu coraz\u00f3n y liberarte para que vivas como un mujer completamente femenina y llena de vida. Una mujer que es verdaderamente cautivante.<\/p>\n<p>Lo mismo que &#8220;Salvaje de coraz\u00f3n&#8221; hizo por los hombres, &#8220;Cautivante&#8221; lo har\u00e1 por ti.<br \/>\n&#8212;&#8212;&#8212;&#8212;&#8212;&#8212;&#8212;&#8212;&#8212;&#8212;&#8212;-<br \/>\nCualquier duda estamos a tus \u00f3rdenes. Bendiciones!<\/p>\n","protected":false},"excerpt":{"rendered":"<p>Libro para mujeres: tu coraz\u00f3n importa m\u00e1s que cualquier otra cosa en toda la creaci\u00f3n.<\/p>\n","protected":false},"featured_media":51800,"comment_status":"open","ping_status":"closed","template":"","meta":{"_acf_changed":false},"product_brand":[],"product_cat":[737,537],"product_tag":[],"class_list":{"0":"post-51799","1":"product","2":"type-product","3":"status-publish","4":"has-post-thumbnail","6":"product_cat-editoriales-grupo-nelson","7":"product_cat-mujeres-libros","9":"first","10":"instock","11":"purchasable","12":"product-type-simple"},"acf":[],"_links":{"self":[{"href":"https:\/\/bibliaherramientas.com\/libreria\/wp-json\/wp\/v2\/product\/51799","targetHints":{"allow":["GET"]}}],"collection":[{"href":"https:\/\/bibliaherramientas.com\/libreria\/wp-json\/wp\/v2\/product"}],"about":[{"href":"https:\/\/bibliaherramientas.com\/libreria\/wp-json\/wp\/v2\/types\/product"}],"replies":[{"embeddable":true,"href":"https:\/\/bibliaherramientas.com\/libreria\/wp-json\/wp\/v2\/comments?post=51799"}],"wp:featuredmedia":[{"embeddable":true,"href":"https:\/\/bibliaherramientas.com\/libreria\/wp-json\/wp\/v2\/media\/51800"}],"wp:attachment":[{"href":"https:\/\/bibliaherramientas.com\/libreria\/wp-json\/wp\/v2\/media?parent=51799"}],"wp:term":[{"taxonomy":"product_brand","embeddable":true,"href":"https:\/\/bibliaherramientas.com\/libreria\/wp-json\/wp\/v2\/product_brand?post=51799"},{"taxonomy":"product_cat","embeddable":true,"href":"https:\/\/bibliaherramientas.com\/libreria\/wp-json\/wp\/v2\/product_cat?post=51799"},{"taxonomy":"product_tag","embeddable":true,"href":"https:\/\/bibliaherramientas.com\/libreria\/wp-json\/wp\/v2\/product_tag?post=51799"}],"curies":[{"name":"wp","href":"https:\/\/api.w.org\/{rel}","templated":true}]}}