{"id":51796,"date":"2024-07-29T11:19:59","date_gmt":"2024-07-29T16:19:59","guid":{"rendered":"https:\/\/bibliaherramientas.com\/libreria\/?post_type=product&#038;p=51796"},"modified":"2026-01-06T13:31:41","modified_gmt":"2026-01-06T19:31:41","slug":"libro-amor-y-respeto-dr-emerson-eggerichs","status":"publish","type":"product","link":"https:\/\/bibliaherramientas.com\/libreria\/producto\/libro-amor-y-respeto-dr-emerson-eggerichs\/","title":{"rendered":"Libro Amor Y Respeto &#8211; Dr. Emerson Eggerichs"},"content":{"rendered":"<p>RECURSO NUEVO<\/p>\n<p>DESCUBRA EL SECRETO M\u00c1S GRANDE PARA UN MATRIMONIO EXITOSO<\/p>\n<p>La esposa tiene una necesidad que la impulsa: sentirse amada. Un esposo tiene una necesidad que lo impulsa: sentirse respetado. Cuando no se satisface una de estas necesidades, las cosas enloquecen. Amor y respeto revela por qu\u00e9 los c\u00f3nyuges reaccionan negativamente entre s\u00ed, y c\u00f3mo pueden tratar este conflicto r\u00e1pida, f\u00e1cil y b\u00edblicamente.<\/p>\n<p>Hoy, usted y su pareja pueden comenzar de nuevo con la gu\u00eda que provee el Dr. Emerson Eggerichs en este libro. Su mensaje revolucionario es para cualquiera que est\u00e9: en una crisis conyugal&#8230; deseando seguir felizmente casado&#8230; sinti\u00e9ndose solo. Es para parejas interesadas&#8230; v\u00edctimas de aventuras amorosas&#8230; pastores y consejeros que buscan material que pueda salvar un matrimonio.<\/p>\n<p>Al usar estas t\u00e9cnicas innovadoras, las parejas alcanzar\u00e1n un nivel de intimidad totalmente nuevo y aprender\u00e1n c\u00f3mo:<\/p>\n<p>&#8211; Detener el ciclo Alienante del conflicto.<br \/>\n&#8211; Iniciar el ciclo Energizante del cambio.<br \/>\n&#8211; Disfrutar el ciclo Gratificante de la nueva pasi\u00f3n.<\/p>\n<p>\u00bfQu\u00e9 quiere usted para su matrimonio? \u00bfQuiere tener paz? \u00bfQuiere sentir intimidad? \u00bfQuiere sentirse valorado? Entonces por qu\u00e9 no prueba un poco de &#8220;Amor y Respeto&#8221;.<\/p>\n<p>&#8212;&#8212;&#8212;&#8212;&#8212;&#8212;&#8212;&#8212;&#8212;&#8212;&#8212;-<\/p>\n<p>Dr. Emerson Eggerichs quien tiene un Doctorado en Filosof\u00eda con especialidad en Ecolog\u00eda Infantil y Familiar otorgado por la Universidad del Estado de Michigan, se gan\u00f3 los testimonios de miles de madres despu\u00e9s del lanzamiento de su obra best seller del New York Times Amor y Respeto. Estas madres reportaron consistentemente que cuando aplicaban a sus hijos varones el aspecto de respeto que conten\u00eda el mensaje obtuvieron unos resultados significativos. Emerson y su esposa Sarah presentan en distintos lugares de la naci\u00f3n una serie de Conferencias sobre Amor y Respeto en el matrimonio y en la educaci\u00f3n de los hijos. Emerson tambi\u00e9n ha dado conferencias a grupos de la NFL, la NBA, la PGA, los Navy Seals y miembros del Congreso. Durante casi veinte a\u00f1os, fue el Pastor Principal de la iglesia Trinity, en East Lansing, MI. \u00c9l y Sarah han estado casados desde 1973 y tienen tres hijos adultos. Emerson tambi\u00e9n cuenta con una Licenciatura en Artes con especialidad en Estudios B\u00edblicos, otorgada por el Wheaton College, una Maestr\u00eda en Artes con especialidad en Comunicaci\u00f3n, otorgada por la Escuela Graduada del Wheaton College y una Maestr\u00eda en Divinidades otorgada por el Seminario Teol\u00f3gico de la Universidad de Dubuque.<br \/>\n&#8212;&#8212;&#8212;&#8212;&#8212;&#8212;&#8212;&#8212;&#8212;&#8212;&#8212;-<br \/>\nCualquier duda estamos a tus \u00f3rdenes. Bendiciones!<\/p>\n","protected":false},"excerpt":{"rendered":"<p>Libro gu\u00eda para matrimonios.<\/p>\n","protected":false},"featured_media":51797,"comment_status":"open","ping_status":"closed","template":"","meta":{"_acf_changed":false},"product_brand":[],"product_cat":[665,684,734,528,737],"product_tag":[],"class_list":{"0":"post-51796","1":"product","2":"type-product","3":"status-publish","4":"has-post-thumbnail","6":"product_cat-ayuda","7":"product_cat-libros-emerson-eggerichs","8":"product_cat-escritores-emerson-eggerichs","9":"product_cat-familia-matrimonio","10":"product_cat-editoriales-grupo-nelson","12":"first","13":"instock","14":"purchasable","15":"product-type-simple"},"acf":[],"_links":{"self":[{"href":"https:\/\/bibliaherramientas.com\/libreria\/wp-json\/wp\/v2\/product\/51796","targetHints":{"allow":["GET"]}}],"collection":[{"href":"https:\/\/bibliaherramientas.com\/libreria\/wp-json\/wp\/v2\/product"}],"about":[{"href":"https:\/\/bibliaherramientas.com\/libreria\/wp-json\/wp\/v2\/types\/product"}],"replies":[{"embeddable":true,"href":"https:\/\/bibliaherramientas.com\/libreria\/wp-json\/wp\/v2\/comments?post=51796"}],"wp:featuredmedia":[{"embeddable":true,"href":"https:\/\/bibliaherramientas.com\/libreria\/wp-json\/wp\/v2\/media\/51797"}],"wp:attachment":[{"href":"https:\/\/bibliaherramientas.com\/libreria\/wp-json\/wp\/v2\/media?parent=51796"}],"wp:term":[{"taxonomy":"product_brand","embeddable":true,"href":"https:\/\/bibliaherramientas.com\/libreria\/wp-json\/wp\/v2\/product_brand?post=51796"},{"taxonomy":"product_cat","embeddable":true,"href":"https:\/\/bibliaherramientas.com\/libreria\/wp-json\/wp\/v2\/product_cat?post=51796"},{"taxonomy":"product_tag","embeddable":true,"href":"https:\/\/bibliaherramientas.com\/libreria\/wp-json\/wp\/v2\/product_tag?post=51796"}],"curies":[{"name":"wp","href":"https:\/\/api.w.org\/{rel}","templated":true}]}}