{"id":51768,"date":"2024-07-27T12:32:44","date_gmt":"2024-07-27T17:32:44","guid":{"rendered":"https:\/\/bibliaherramientas.com\/libreria\/?post_type=product&#038;p=51768"},"modified":"2026-01-06T13:31:37","modified_gmt":"2026-01-06T19:31:37","slug":"biblia-economica-holman-reina-valera-1960-tapa-vinil-colores-9781087719832","status":"publish","type":"product","link":"https:\/\/bibliaherramientas.com\/libreria\/producto\/biblia-economica-holman-reina-valera-1960-tapa-vinil-colores-9781087719832\/","title":{"rendered":"Biblia Econ\u00f3mica Holman Reina Valera 1960 Tapa Vinil Negro"},"content":{"rendered":"<p>BIBLIA NUEVA<br \/>\n&#8211; Dimensiones: 22 \u00d7 15 \u00d7 3.5 cms.<br \/>\n&#8211; Tama\u00f1o de letra: Mediana 12 puntos.<br \/>\n&#8211; Tipo de pasta: Vinil.<br \/>\n&#8211; P\u00e1ginas: 1696.<br \/>\n&#8211; Peso: 800 gr.<\/p>\n<p>El tama\u00f1o de Biblia m\u00e1s popular, por combinar un dise\u00f1o legible con un tama\u00f1o pr\u00e1ctico. El tipo de letra, creado exclusivamente para Biblias Holman, es est\u00e9tico y c\u00f3modo para el lector.Las referencias y ayudas adicionales son el complemento perfecto al texto de la Reina Valera 1960, la versi\u00f3n preferida en espa\u00f1ol.Con esta Biblia podr\u00e1 llevar la Palabra consigo y atesorarla en su coraz\u00f3n.<\/p>\n<p>CARACTER\u00cdSITCAS:<br \/>\n&#8211; Introducci\u00f3n a cada libro.<br \/>\n&#8211; Palabras de Jes\u00fas en Rojo.<br \/>\n&#8211; Concordancia tem\u00e1tica.<br \/>\n&#8211; Nombres y atributos de Jes\u00fas.<br \/>\n&#8211; Palabras de aliento.<br \/>\n&#8211; Referencias en cadena.<br \/>\n&#8211; Panorama hist\u00f3rico de la Biblia.<br \/>\n&#8211; Plan de lectura anual, buenas nuevas de salvaci\u00f3n.<br \/>\n&#8211; Mapas.<br \/>\n&#8211; Armon\u00eda de los Evangelios.<br \/>\n&#8211; P\u00e1gina de presentaci\u00f3n<br \/>\n&#8212;&#8212;&#8212;&#8212;&#8212;&#8212;&#8212;&#8212;&#8212;&#8211;<br \/>\nCualquier duda estamos a tus \u00f3rdenes. Bendiciones!<\/p>\n","protected":false},"excerpt":{"rendered":"<p>Biblia econ\u00f3mica de vinil con introducci\u00f3n a cada libro, palabras de Jes\u00fas en rojo, versi\u00f3n RVR 1960 y letra mediana.<\/p>\n","protected":false},"featured_media":51771,"comment_status":"open","ping_status":"closed","template":"","meta":{"_acf_changed":false},"product_brand":[],"product_cat":[873,878,495,867,498,884,753],"product_tag":[],"class_list":{"0":"post-51768","1":"product","2":"type-product","3":"status-publish","4":"has-post-thumbnail","6":"product_cat-biblias-12-13-puntos","7":"product_cat-biblias-de-vinil","8":"product_cat-biblias-economicas","9":"product_cat-biblias-medianas","10":"product_cat-biblias-personales","11":"product_cat-biblias-rvr1960","12":"product_cat-holman","14":"first","15":"outofstock","16":"purchasable","17":"product-type-simple"},"acf":[],"_links":{"self":[{"href":"https:\/\/bibliaherramientas.com\/libreria\/wp-json\/wp\/v2\/product\/51768","targetHints":{"allow":["GET"]}}],"collection":[{"href":"https:\/\/bibliaherramientas.com\/libreria\/wp-json\/wp\/v2\/product"}],"about":[{"href":"https:\/\/bibliaherramientas.com\/libreria\/wp-json\/wp\/v2\/types\/product"}],"replies":[{"embeddable":true,"href":"https:\/\/bibliaherramientas.com\/libreria\/wp-json\/wp\/v2\/comments?post=51768"}],"wp:featuredmedia":[{"embeddable":true,"href":"https:\/\/bibliaherramientas.com\/libreria\/wp-json\/wp\/v2\/media\/51771"}],"wp:attachment":[{"href":"https:\/\/bibliaherramientas.com\/libreria\/wp-json\/wp\/v2\/media?parent=51768"}],"wp:term":[{"taxonomy":"product_brand","embeddable":true,"href":"https:\/\/bibliaherramientas.com\/libreria\/wp-json\/wp\/v2\/product_brand?post=51768"},{"taxonomy":"product_cat","embeddable":true,"href":"https:\/\/bibliaherramientas.com\/libreria\/wp-json\/wp\/v2\/product_cat?post=51768"},{"taxonomy":"product_tag","embeddable":true,"href":"https:\/\/bibliaherramientas.com\/libreria\/wp-json\/wp\/v2\/product_tag?post=51768"}],"curies":[{"name":"wp","href":"https:\/\/api.w.org\/{rel}","templated":true}]}}