{"id":51727,"date":"2024-07-26T18:02:58","date_gmt":"2024-07-26T23:02:58","guid":{"rendered":"https:\/\/bibliaherramientas.com\/libreria\/?post_type=product&#038;p=51727"},"modified":"2026-01-06T13:31:36","modified_gmt":"2026-01-06T19:31:36","slug":"biblia-rvr1960-letra-gigante-14-pts-imit-piel-con-cierre-9798885163262","status":"publish","type":"product","link":"https:\/\/bibliaherramientas.com\/libreria\/producto\/biblia-rvr1960-letra-gigante-14-pts-imit-piel-con-cierre-9798885163262\/","title":{"rendered":"Biblia Rvr1960 Letra Gigante 14 Pts. Imit. Piel Con Cierre"},"content":{"rendered":"<p>BIBLIA NUEVA<\/p>\n<p>Reina Valera 1960, tama\u00f1o Gigante (138&#215;212 mm), Letra gigante 14 puntos, Imitaci\u00f3n piel, con cierre, palabras de Jes\u00fas en rojo, concordancia, Concordancia de personajes b\u00edblicos, ayudas, referencias cruzadas, 32 p\u00e1ginas a todo color con ayudas y esquemas, 12 mapas a todo color.<\/p>\n<p>Adem\u00e1s, en todas las Biblias de la versi\u00f3n RVR 1960:<br \/>\n&#8211; Vers\u00edculos clave de cada libro.<br \/>\n&#8211; Genealog\u00eda de Jes\u00fas.<br \/>\n&#8211; Fiestas B\u00edblicas.<br \/>\n&#8211; Tipolog\u00eda de los salmos.<br \/>\n&#8211; Plano del templo.<br \/>\n&#8211; Cronolog\u00eda de Reyes y Profetas.<br \/>\n&#8211; Cuadro con las par\u00e1bolas de Jes\u00fas.<br \/>\n&#8211; Cuadro con los milagros de Jes\u00fas.<br \/>\n&#8211; Plan de salvaci\u00f3n.<br \/>\n&#8211; Promesas de Dios.<br \/>\n&#8211; Plan de lectura en un a\u00f1o.<br \/>\n&#8211; 12 mapas a todo color.<br \/>\n&#8212;&#8212;&#8212;&#8212;&#8212;&#8212;&#8212;&#8212;&#8212;&#8212;<br \/>\nCualquier duda estamos a tus \u00f3rdenes. Bendiciones!<\/p>\n","protected":false},"excerpt":{"rendered":"<p>Biblia de flores con cierre, versi\u00f3n Reina Valera 1960, letra gigante y concordancia.<\/p>\n","protected":false},"featured_media":51728,"comment_status":"open","ping_status":"closed","template":"","meta":{"_acf_changed":false},"product_brand":[],"product_cat":[874,877,867,464,498,884,1003],"product_tag":[],"class_list":{"0":"post-51727","1":"product","2":"type-product","3":"status-publish","4":"has-post-thumbnail","6":"product_cat-biblias-14-16-puntos","7":"product_cat-biblias-imitacion-piel","8":"product_cat-biblias-medianas","9":"product_cat-biblias-mujeres","10":"product_cat-biblias-personales","11":"product_cat-biblias-rvr1960","12":"product_cat-mundo-biblia","14":"first","15":"instock","16":"purchasable","17":"product-type-simple"},"acf":[],"_links":{"self":[{"href":"https:\/\/bibliaherramientas.com\/libreria\/wp-json\/wp\/v2\/product\/51727","targetHints":{"allow":["GET"]}}],"collection":[{"href":"https:\/\/bibliaherramientas.com\/libreria\/wp-json\/wp\/v2\/product"}],"about":[{"href":"https:\/\/bibliaherramientas.com\/libreria\/wp-json\/wp\/v2\/types\/product"}],"replies":[{"embeddable":true,"href":"https:\/\/bibliaherramientas.com\/libreria\/wp-json\/wp\/v2\/comments?post=51727"}],"wp:featuredmedia":[{"embeddable":true,"href":"https:\/\/bibliaherramientas.com\/libreria\/wp-json\/wp\/v2\/media\/51728"}],"wp:attachment":[{"href":"https:\/\/bibliaherramientas.com\/libreria\/wp-json\/wp\/v2\/media?parent=51727"}],"wp:term":[{"taxonomy":"product_brand","embeddable":true,"href":"https:\/\/bibliaherramientas.com\/libreria\/wp-json\/wp\/v2\/product_brand?post=51727"},{"taxonomy":"product_cat","embeddable":true,"href":"https:\/\/bibliaherramientas.com\/libreria\/wp-json\/wp\/v2\/product_cat?post=51727"},{"taxonomy":"product_tag","embeddable":true,"href":"https:\/\/bibliaherramientas.com\/libreria\/wp-json\/wp\/v2\/product_tag?post=51727"}],"curies":[{"name":"wp","href":"https:\/\/api.w.org\/{rel}","templated":true}]}}