{"id":51707,"date":"2024-07-26T17:08:46","date_gmt":"2024-07-26T22:08:46","guid":{"rendered":"https:\/\/bibliaherramientas.com\/libreria\/?post_type=product&#038;p=51707"},"modified":"2026-01-06T13:31:35","modified_gmt":"2026-01-06T19:31:35","slug":"biblia-letra-supergigante-19-pts-reina-valera-1960-imit-piel-cafe","status":"publish","type":"product","link":"https:\/\/bibliaherramientas.com\/libreria\/producto\/biblia-letra-supergigante-19-pts-reina-valera-1960-imit-piel-cafe\/","title":{"rendered":"Biblia Letra Supergigante 19 Pts Reina Valera 1960 Imit Piel Caf\u00e9"},"content":{"rendered":"<p>RECURSO NUEVO<br \/>\n&#8211; Dimensiones: 25 \u00d7 17 cms.<br \/>\n&#8211; Tama\u00f1o de letra: Supergigante.<br \/>\n&#8211; Tipo de pasta: Suave.<br \/>\n&#8211; Peso: 1.5 aprox.<br \/>\n&#8211; P\u00e1ginas: 1984.<\/p>\n<p>BIBLIA LETRA SUPERGIGANTE<br \/>\n19pt con referencias.<br \/>\nPalabras de Jes\u00fas en rojo y concordancia.<\/p>\n<p>Con un dise\u00f1o elegante y moderno, esta Biblia con letra supergigante ofrece un look din\u00e1mico y muy c\u00f3modo para leer. Paginas amplias con referencias al final del vers\u00edculo.<\/p>\n<p>CARACTER\u00cdSTICAS:<br \/>\n&#8211; Letra supergigante, f\u00e1cil de leer.<br \/>\n&#8211; Tama\u00f1o de letra: 19 puntos.<br \/>\n&#8211; Dedicatoria.<br \/>\n&#8211; Plan para leer la Biblia en un a\u00f1o.<br \/>\n&#8211; Palabras de Cristo en rojo.<br \/>\n&#8211; \u00cdndice digital.<br \/>\n&#8211; 8 mapas a todo color.<br \/>\n&#8211; 2 cintas marcadoras.<br \/>\n&#8211; Mas de 5.000 referencias cruzadas.<br \/>\n&#8212;&#8212;&#8212;&#8212;&#8212;&#8212;&#8212;&#8212;&#8212;&#8211;<br \/>\nCualquier duda estamos a tus \u00f3rdenes. Bendiciones!<\/p>\n","protected":false},"excerpt":{"rendered":"<p>Biblia caf\u00e9 con letra supergigante, versi\u00f3n Reina Valera 1960, con cierre e \u00edndice.<\/p>\n","protected":false},"featured_media":51709,"comment_status":"open","ping_status":"closed","template":"","meta":{"_acf_changed":false},"product_brand":[],"product_cat":[875,868,877,498,884,748],"product_tag":[],"class_list":{"0":"post-51707","1":"product","2":"type-product","3":"status-publish","4":"has-post-thumbnail","6":"product_cat-biblias-17-19-puntos","7":"product_cat-biblias-grandes","8":"product_cat-biblias-imitacion-piel","9":"product_cat-biblias-personales","10":"product_cat-biblias-rvr1960","11":"product_cat-editoriales-sociedades-biblicas-unidas","13":"first","14":"outofstock","15":"purchasable","16":"product-type-simple"},"acf":[],"_links":{"self":[{"href":"https:\/\/bibliaherramientas.com\/libreria\/wp-json\/wp\/v2\/product\/51707","targetHints":{"allow":["GET"]}}],"collection":[{"href":"https:\/\/bibliaherramientas.com\/libreria\/wp-json\/wp\/v2\/product"}],"about":[{"href":"https:\/\/bibliaherramientas.com\/libreria\/wp-json\/wp\/v2\/types\/product"}],"replies":[{"embeddable":true,"href":"https:\/\/bibliaherramientas.com\/libreria\/wp-json\/wp\/v2\/comments?post=51707"}],"wp:featuredmedia":[{"embeddable":true,"href":"https:\/\/bibliaherramientas.com\/libreria\/wp-json\/wp\/v2\/media\/51709"}],"wp:attachment":[{"href":"https:\/\/bibliaherramientas.com\/libreria\/wp-json\/wp\/v2\/media?parent=51707"}],"wp:term":[{"taxonomy":"product_brand","embeddable":true,"href":"https:\/\/bibliaherramientas.com\/libreria\/wp-json\/wp\/v2\/product_brand?post=51707"},{"taxonomy":"product_cat","embeddable":true,"href":"https:\/\/bibliaherramientas.com\/libreria\/wp-json\/wp\/v2\/product_cat?post=51707"},{"taxonomy":"product_tag","embeddable":true,"href":"https:\/\/bibliaherramientas.com\/libreria\/wp-json\/wp\/v2\/product_tag?post=51707"}],"curies":[{"name":"wp","href":"https:\/\/api.w.org\/{rel}","templated":true}]}}