{"id":51703,"date":"2024-07-26T16:53:19","date_gmt":"2024-07-26T21:53:19","guid":{"rendered":"https:\/\/bibliaherramientas.com\/libreria\/?post_type=product&#038;p=51703"},"modified":"2026-01-06T13:31:35","modified_gmt":"2026-01-06T19:31:35","slug":"biblia-reina-valera-1960-letra-grande-concordancia-amplia-negro-7899938408018","status":"publish","type":"product","link":"https:\/\/bibliaherramientas.com\/libreria\/producto\/biblia-reina-valera-1960-letra-grande-concordancia-amplia-negro-7899938408018\/","title":{"rendered":"Biblia Reina Valera 1960 Letra Grande Concordancia Amplia Negro"},"content":{"rendered":"<p>RECURSO NUEVO<\/p>\n<p>En 1946 las Sociedades B\u00edblicas Unidas observ\u00f3 que surge la necesidad de realizar una revisi\u00f3n de la Biblia Reina Valera dada la necesidad de facilitar el lenguaje para los pa\u00edses de habla hispana.<\/p>\n<p>BENEFICIOS:<br \/>\n&#8211; Conserva el estilo tradicional de la lengua espa\u00f1ola.<br \/>\n&#8211; Simplifica la escritura de los nombres propios.<br \/>\n&#8211; Suprimi\u00f3 eventos obsoletos y t\u00e9rminos desconocidos que pudieran ser mal interpretados.<\/p>\n<p>CARACTER\u00cdSTICAS:<br \/>\n&#8211; Palabras de Jes\u00fas en rojo.<br \/>\n&#8211; Referencias a pasaje b\u00edblico.<br \/>\n&#8211; Tabla de pesos y medidas.<br \/>\n&#8211; Glosario.<br \/>\n&#8211; Descripci\u00f3n general de la Biblia.<br \/>\n&#8211; El contenido de la Biblia.<br \/>\n&#8211; Como leer la Biblia.<br \/>\n&#8211; Lea la Biblia en un A\u00f1o.<br \/>\n&#8211; Lecturas para d\u00edas especiales.<br \/>\n&#8211; Pasajes famosos de la Biblia.<br \/>\n&#8211; Canciones en la Biblia.<br \/>\n&#8211; Oraciones en la Biblia.<br \/>\n&#8211; Bendiciones en la Biblia.<br \/>\n&#8211; Como encontrar ayuda en la Biblia.<br \/>\n&#8211; Lo que dice la Biblia acerca del perd\u00f3n de Dios.<br \/>\n&#8211; Concordancia amplia.<br \/>\n&#8211; Mapas.<br \/>\n&#8211; \u00cdndice.<br \/>\n&#8211; Canto Rojo.<br \/>\n&#8211; Cinta separadora.<br \/>\n&#8212;&#8212;&#8212;&#8212;&#8212;&#8212;&#8212;&#8212;&#8212;&#8212;<br \/>\nCualquier duda estamos a tus \u00f3rdenes. Bendiciones!<\/p>\n","protected":false},"excerpt":{"rendered":"<p>Biblia negra letra grande con concordancia amplia, palabras de Jes\u00fas en rojo y canto rojo e \u00edndice.<\/p>\n","protected":false},"featured_media":51712,"comment_status":"open","ping_status":"closed","template":"","meta":{"_acf_changed":false},"product_brand":[],"product_cat":[874,878,867,498,884,748],"product_tag":[],"class_list":{"0":"post-51703","1":"product","2":"type-product","3":"status-publish","4":"has-post-thumbnail","6":"product_cat-biblias-14-16-puntos","7":"product_cat-biblias-de-vinil","8":"product_cat-biblias-medianas","9":"product_cat-biblias-personales","10":"product_cat-biblias-rvr1960","11":"product_cat-editoriales-sociedades-biblicas-unidas","13":"first","14":"instock","15":"purchasable","16":"product-type-simple"},"acf":[],"_links":{"self":[{"href":"https:\/\/bibliaherramientas.com\/libreria\/wp-json\/wp\/v2\/product\/51703","targetHints":{"allow":["GET"]}}],"collection":[{"href":"https:\/\/bibliaherramientas.com\/libreria\/wp-json\/wp\/v2\/product"}],"about":[{"href":"https:\/\/bibliaherramientas.com\/libreria\/wp-json\/wp\/v2\/types\/product"}],"replies":[{"embeddable":true,"href":"https:\/\/bibliaherramientas.com\/libreria\/wp-json\/wp\/v2\/comments?post=51703"}],"wp:featuredmedia":[{"embeddable":true,"href":"https:\/\/bibliaherramientas.com\/libreria\/wp-json\/wp\/v2\/media\/51712"}],"wp:attachment":[{"href":"https:\/\/bibliaherramientas.com\/libreria\/wp-json\/wp\/v2\/media?parent=51703"}],"wp:term":[{"taxonomy":"product_brand","embeddable":true,"href":"https:\/\/bibliaherramientas.com\/libreria\/wp-json\/wp\/v2\/product_brand?post=51703"},{"taxonomy":"product_cat","embeddable":true,"href":"https:\/\/bibliaherramientas.com\/libreria\/wp-json\/wp\/v2\/product_cat?post=51703"},{"taxonomy":"product_tag","embeddable":true,"href":"https:\/\/bibliaherramientas.com\/libreria\/wp-json\/wp\/v2\/product_tag?post=51703"}],"curies":[{"name":"wp","href":"https:\/\/api.w.org\/{rel}","templated":true}]}}