{"id":51691,"date":"2024-07-26T12:32:14","date_gmt":"2024-07-26T17:32:14","guid":{"rendered":"https:\/\/bibliaherramientas.com\/libreria\/?post_type=product&#038;p=51691"},"modified":"2026-01-06T13:31:34","modified_gmt":"2026-01-06T19:31:34","slug":"biblia-reina-valera-1960-compacta-letra-supergigante-11-pts-rosa-cafe-7899938412602","status":"publish","type":"product","link":"https:\/\/bibliaherramientas.com\/libreria\/producto\/biblia-reina-valera-1960-compacta-letra-supergigante-11-pts-rosa-cafe-7899938412602\/","title":{"rendered":"Biblia Reina Valera 1960 Compacta Letra Supergigante 11 Pts Rosa\/Caf\u00e9"},"content":{"rendered":"<p>BIBLIA NUEVA<\/p>\n<p>*NOTA IMPORTANTE: ES UNA BIBLIA COMPACTA, AUNQUE DICE LETRA SUPERGIGANTE REVISAR QUE ES DE 11 PUNTOS*<\/p>\n<p>DESCRIPCI\u00d3N:<br \/>\n&#8211; Biblia Reina Valera 1960.<br \/>\n&#8211; Tama\u00f1o compacto.<br \/>\n&#8211; Palabras de Jes\u00fas en rojo.<br \/>\n&#8211; Tama\u00f1o de letra de 11 puntos (Letra grande para el tama\u00f1o de Biblia).<br \/>\n&#8211; 2 cintas marcadoras.<br \/>\n&#8211; Concordancia breve.<br \/>\n&#8211; Mapas a color.<br \/>\n&#8211; Canto floreado.<br \/>\n&#8211; \u00cdndice digital.<br \/>\n&#8212;&#8212;&#8212;&#8212;&#8212;&#8212;&#8212;&#8212;&#8212;&#8212;<br \/>\nCualquier duda estamos a tus \u00f3rdenes. Bendiciones!<\/p>\n","protected":false},"excerpt":{"rendered":"<p>Biblia compacta versi\u00f3n Reina Valera 1960 con 2 cintas marcadores, palabras de Jes\u00fas en rojo, letra tama\u00f1o 11.<\/p>\n","protected":false},"featured_media":51692,"comment_status":"open","ping_status":"closed","template":"","meta":{"_acf_changed":false},"product_brand":[],"product_cat":[872,866,877,494,498,884,748],"product_tag":[],"class_list":{"0":"post-51691","1":"product","2":"type-product","3":"status-publish","4":"has-post-thumbnail","6":"product_cat-biblias-10-11-puntos","7":"product_cat-biblias-compactas","8":"product_cat-biblias-imitacion-piel","9":"product_cat-biblias-juveniles","10":"product_cat-biblias-personales","11":"product_cat-biblias-rvr1960","12":"product_cat-editoriales-sociedades-biblicas-unidas","14":"first","15":"outofstock","16":"purchasable","17":"product-type-simple"},"acf":[],"_links":{"self":[{"href":"https:\/\/bibliaherramientas.com\/libreria\/wp-json\/wp\/v2\/product\/51691","targetHints":{"allow":["GET"]}}],"collection":[{"href":"https:\/\/bibliaherramientas.com\/libreria\/wp-json\/wp\/v2\/product"}],"about":[{"href":"https:\/\/bibliaherramientas.com\/libreria\/wp-json\/wp\/v2\/types\/product"}],"replies":[{"embeddable":true,"href":"https:\/\/bibliaherramientas.com\/libreria\/wp-json\/wp\/v2\/comments?post=51691"}],"wp:featuredmedia":[{"embeddable":true,"href":"https:\/\/bibliaherramientas.com\/libreria\/wp-json\/wp\/v2\/media\/51692"}],"wp:attachment":[{"href":"https:\/\/bibliaherramientas.com\/libreria\/wp-json\/wp\/v2\/media?parent=51691"}],"wp:term":[{"taxonomy":"product_brand","embeddable":true,"href":"https:\/\/bibliaherramientas.com\/libreria\/wp-json\/wp\/v2\/product_brand?post=51691"},{"taxonomy":"product_cat","embeddable":true,"href":"https:\/\/bibliaherramientas.com\/libreria\/wp-json\/wp\/v2\/product_cat?post=51691"},{"taxonomy":"product_tag","embeddable":true,"href":"https:\/\/bibliaherramientas.com\/libreria\/wp-json\/wp\/v2\/product_tag?post=51691"}],"curies":[{"name":"wp","href":"https:\/\/api.w.org\/{rel}","templated":true}]}}