{"id":51670,"date":"2024-07-25T17:13:51","date_gmt":"2024-07-25T22:13:51","guid":{"rendered":"https:\/\/bibliaherramientas.com\/libreria\/?post_type=product&#038;p=51670"},"modified":"2026-01-06T13:31:34","modified_gmt":"2026-01-06T19:31:34","slug":"biblia-nueva-traduccion-viviente-ntv-nuestra-boda-tapa-dura-9781496488039","status":"publish","type":"product","link":"https:\/\/bibliaherramientas.com\/libreria\/producto\/biblia-nueva-traduccion-viviente-ntv-nuestra-boda-tapa-dura-9781496488039\/","title":{"rendered":"Biblia Nueva Traducci\u00f3n Viviente Ntv Nuestra Boda Tapa Dura"},"content":{"rendered":"<p>BIBLIA NUEVA<\/p>\n<p>La Edici\u00f3n personal, letra grande ofrece el texto claro y comprensible de la Nueva Traducci\u00f3n Viviente en un formato accesible y f\u00e1cil de leer. Esta Biblia de tama\u00f1o mediano contiene introducciones informativas a cada libro, una concordancia y mapas a todo color.<\/p>\n<p>La NTV es una traducci\u00f3n excepcional de la Biblia, redactada en un espa\u00f1ol f\u00e1cil de comprender, y fiel a los idiomas originales. La NTV es el fruto del trabajo de un equipo de m\u00e1s de cincuenta destacados eruditos de la Biblia. La erudici\u00f3n y la claridad de la NTV le dan vida aun a los pasajes m\u00e1s dif\u00edciles de comprender. Por eso la llamamos \u00abLa verdad con claridad\u00bb.<\/p>\n<p>CARACTER\u00cdSTICAS:<br \/>\n&#8211; Introducci\u00f3n a cada libro.<br \/>\n&#8211; Palabras de Cristo en rojo.<br \/>\n&#8211; Concordancia.<br \/>\n&#8211; Mapas a todo color.<br \/>\n&#8211; P\u00e1gina de presentaci\u00f3n.<br \/>\n&#8211; Cinta marcadora.<br \/>\n&#8211; Dise\u00f1o elegante.<br \/>\n&#8211; Encuadernaci\u00f3n duradera.<br \/>\n&#8211; Tama\u00f1o de letra: 10 puntos.<br \/>\n&#8212;&#8212;&#8212;&#8212;&#8212;&#8212;&#8212;&#8212;&#8212;&#8212;&#8212;&#8212;&#8212;&#8212;&#8211;<br \/>\nCualquier duda, estamos para servirte!<\/p>\n","protected":false},"excerpt":{"rendered":"<p>Biblia <em>Nuestra Boda\u00a0<\/em>color blanca, versi\u00f3n NTV y dise\u00f1o elegante.<\/p>\n","protected":false},"featured_media":51671,"comment_status":"open","ping_status":"closed","template":"","meta":{"_acf_changed":false},"product_brand":[],"product_cat":[873,867,886,496,879,742],"product_tag":[],"class_list":{"0":"post-51670","1":"product","2":"type-product","3":"status-publish","4":"has-post-thumbnail","6":"product_cat-biblias-12-13-puntos","7":"product_cat-biblias-medianas","8":"product_cat-biblias-ntv","9":"product_cat-biblias-para-eventos-especiales","10":"product_cat-biblias-tapa-dura","11":"product_cat-editoriales-tyndale","13":"first","14":"outofstock","15":"purchasable","16":"product-type-simple"},"acf":[],"_links":{"self":[{"href":"https:\/\/bibliaherramientas.com\/libreria\/wp-json\/wp\/v2\/product\/51670","targetHints":{"allow":["GET"]}}],"collection":[{"href":"https:\/\/bibliaherramientas.com\/libreria\/wp-json\/wp\/v2\/product"}],"about":[{"href":"https:\/\/bibliaherramientas.com\/libreria\/wp-json\/wp\/v2\/types\/product"}],"replies":[{"embeddable":true,"href":"https:\/\/bibliaherramientas.com\/libreria\/wp-json\/wp\/v2\/comments?post=51670"}],"wp:featuredmedia":[{"embeddable":true,"href":"https:\/\/bibliaherramientas.com\/libreria\/wp-json\/wp\/v2\/media\/51671"}],"wp:attachment":[{"href":"https:\/\/bibliaherramientas.com\/libreria\/wp-json\/wp\/v2\/media?parent=51670"}],"wp:term":[{"taxonomy":"product_brand","embeddable":true,"href":"https:\/\/bibliaherramientas.com\/libreria\/wp-json\/wp\/v2\/product_brand?post=51670"},{"taxonomy":"product_cat","embeddable":true,"href":"https:\/\/bibliaherramientas.com\/libreria\/wp-json\/wp\/v2\/product_cat?post=51670"},{"taxonomy":"product_tag","embeddable":true,"href":"https:\/\/bibliaherramientas.com\/libreria\/wp-json\/wp\/v2\/product_tag?post=51670"}],"curies":[{"name":"wp","href":"https:\/\/api.w.org\/{rel}","templated":true}]}}