{"id":51657,"date":"2024-07-25T14:14:35","date_gmt":"2024-07-25T19:14:35","guid":{"rendered":"https:\/\/bibliaherramientas.com\/libreria\/?post_type=product&#038;p=51657"},"modified":"2026-01-06T13:31:33","modified_gmt":"2026-01-06T19:31:33","slug":"biblia-reina-valera-1960-blanca-economica-para-regalo-o-boda-9781535987998","status":"publish","type":"product","link":"https:\/\/bibliaherramientas.com\/libreria\/producto\/biblia-reina-valera-1960-blanca-economica-para-regalo-o-boda-9781535987998\/","title":{"rendered":"Biblia Reina Valera 1960 Blanca Econ\u00f3mica Para Regalo O Boda"},"content":{"rendered":"<p>RECURSO NUEVO<\/p>\n<p>La Biblia para Regalos y Premios es la Biblia perfecta para ayudar a que cualquier ocasi\u00f3n especial sea extra especial. Esta Biblia tiene un precio econ\u00f3mico y se puede comprar al por mayor. Es un gran obsequio para graduaciones, bautismos, y cumplea\u00f1os, o como regalos para nuevos miembros de la iglesia.<\/p>\n<p>CARACTER\u00cdSTICAS:<br \/>\n&#8211; Palabras de Cristo en rojo.<br \/>\n&#8211; Plan de salvaci\u00f3n.<br \/>\n&#8211; Notas y referencias a pie de p\u00e1gina.<br \/>\n&#8211; C\u00f3mo leer toda la Biblia.<br \/>\n&#8211; S\u00edntesis de cada libro de la Biblia.<br \/>\n&#8211; Qu\u00e9 leer cuando\u2026<br \/>\n&#8211; Concordancia.<br \/>\n&#8211; Mapas a color.<br \/>\n&#8211; Canto blanco.<br \/>\n&#8211; Sin \u00edndice.<br \/>\n&#8212;&#8212;&#8212;&#8212;&#8212;&#8212;&#8212;&#8212;-<br \/>\nCualquier duda estamos a tus \u00f3rdenes. Bendiciones!<\/p>\n","protected":false},"excerpt":{"rendered":"<p>La Biblia blanca, versi\u00f3n Reina Valera 1960, perfecta para que cualquier ocasi\u00f3n especial sea extra especial.<\/p>\n","protected":false},"featured_media":51658,"comment_status":"open","ping_status":"closed","template":"","meta":{"_acf_changed":false},"product_brand":[],"product_cat":[871,877,867,496,884,753],"product_tag":[],"class_list":{"0":"post-51657","1":"product","2":"type-product","3":"status-publish","4":"has-post-thumbnail","6":"product_cat-biblias-8-9-puntos","7":"product_cat-biblias-imitacion-piel","8":"product_cat-biblias-medianas","9":"product_cat-biblias-para-eventos-especiales","10":"product_cat-biblias-rvr1960","11":"product_cat-holman","13":"first","14":"instock","15":"purchasable","16":"product-type-simple"},"acf":[],"_links":{"self":[{"href":"https:\/\/bibliaherramientas.com\/libreria\/wp-json\/wp\/v2\/product\/51657","targetHints":{"allow":["GET"]}}],"collection":[{"href":"https:\/\/bibliaherramientas.com\/libreria\/wp-json\/wp\/v2\/product"}],"about":[{"href":"https:\/\/bibliaherramientas.com\/libreria\/wp-json\/wp\/v2\/types\/product"}],"replies":[{"embeddable":true,"href":"https:\/\/bibliaherramientas.com\/libreria\/wp-json\/wp\/v2\/comments?post=51657"}],"wp:featuredmedia":[{"embeddable":true,"href":"https:\/\/bibliaherramientas.com\/libreria\/wp-json\/wp\/v2\/media\/51658"}],"wp:attachment":[{"href":"https:\/\/bibliaherramientas.com\/libreria\/wp-json\/wp\/v2\/media?parent=51657"}],"wp:term":[{"taxonomy":"product_brand","embeddable":true,"href":"https:\/\/bibliaherramientas.com\/libreria\/wp-json\/wp\/v2\/product_brand?post=51657"},{"taxonomy":"product_cat","embeddable":true,"href":"https:\/\/bibliaherramientas.com\/libreria\/wp-json\/wp\/v2\/product_cat?post=51657"},{"taxonomy":"product_tag","embeddable":true,"href":"https:\/\/bibliaherramientas.com\/libreria\/wp-json\/wp\/v2\/product_tag?post=51657"}],"curies":[{"name":"wp","href":"https:\/\/api.w.org\/{rel}","templated":true}]}}