{"id":51639,"date":"2024-07-25T12:29:25","date_gmt":"2024-07-25T17:29:25","guid":{"rendered":"https:\/\/bibliaherramientas.com\/libreria\/?post_type=product&#038;p=51639"},"modified":"2026-01-06T13:31:28","modified_gmt":"2026-01-06T19:31:28","slug":"biblia-reina-valera-1960-compacta-fuente-de-bendiciones-7898521818234","status":"publish","type":"product","link":"https:\/\/bibliaherramientas.com\/libreria\/producto\/biblia-reina-valera-1960-compacta-fuente-de-bendiciones-7898521818234\/","title":{"rendered":"Biblia Reina Valera 1960 Compacta Fuente De Bendiciones"},"content":{"rendered":"<p>BIBLIA NUEVA<\/p>\n<p>Fuente de Bendiciones es un \u00edndice de pasajes b\u00edblicos que tratan de cuatro aspectos de la vida cristiana: la relaci\u00f3n con Dios, la relaci\u00f3n con las personas, la relaci\u00f3n con la Palabra de Dios y las bendiciones de la vida cristiana. Los vers\u00edculos incluidos en la lista est\u00e1n destacados a lo largo del texto b\u00edblico. Biblia Letra grande, revisi\u00f3n Reina-Valera 1960. Gracias al tama\u00f1o de letra, ayuda a descansar la vista durante la lectura y el estudio de las Escrituras. Contiene concordancia con palabras clave y los pasajes en que \u00e9stas aparecen, lo cual facilita el estudio de las Escrituras.<\/p>\n<p>CONTENIDO<br \/>\n&#8211; Lista de Bendiciones.<br \/>\n&#8211; Bendiciones marcadas de la Biblia en color.<br \/>\n&#8211; Referencias a pie de p\u00e1gina.<br \/>\n&#8211; Introducci\u00f3n a la Biblia.<br \/>\n&#8211; Descripci\u00f3n general de la Biblia.<br \/>\n&#8211; Contenido de la Biblia.<br \/>\n&#8211; Diferentes estilos literarios en la Biblia.<br \/>\n&#8211; Tres enfoques de la lectura de la Biblia.<br \/>\n&#8211; Aprovecha al m\u00e1ximo la lectura de la Biblia.<br \/>\n&#8211; Como encontrar una referencia b\u00edblica.<br \/>\n&#8211; Gu\u00eda de los acontecimientos, personajes y temas principales de la Biblia.<br \/>\n&#8211; Lectura de un a\u00f1o con la Biblia.<br \/>\n&#8211; Como encontrar ayuda en la Biblia.<br \/>\n&#8211; Canto Plateado.<br \/>\n&#8211; Concordancia.<br \/>\n&#8211; Separador.<br \/>\n&#8212;&#8212;&#8212;&#8212;&#8212;&#8212;&#8212;&#8212;&#8212;&#8212;<br \/>\nCualquier duda estamos a tus \u00f3rdenes. Bendiciones!<\/p>\n","protected":false},"excerpt":{"rendered":"<p>Biblia Fuente de Bendiciones color roja con canto plateado, separador y letra de 11 puntos (mediana).<\/p>\n","protected":false},"featured_media":51640,"comment_status":"open","ping_status":"closed","template":"","meta":{"_acf_changed":false},"product_brand":[],"product_cat":[872,866,493,877,464,498,884,748],"product_tag":[],"class_list":{"0":"post-51639","1":"product","2":"type-product","3":"status-publish","4":"has-post-thumbnail","6":"product_cat-biblias-10-11-puntos","7":"product_cat-biblias-compactas","8":"product_cat-biblias-promesas","9":"product_cat-biblias-imitacion-piel","10":"product_cat-biblias-mujeres","11":"product_cat-biblias-personales","12":"product_cat-biblias-rvr1960","13":"product_cat-editoriales-sociedades-biblicas-unidas","15":"first","16":"outofstock","17":"purchasable","18":"product-type-simple"},"acf":[],"_links":{"self":[{"href":"https:\/\/bibliaherramientas.com\/libreria\/wp-json\/wp\/v2\/product\/51639","targetHints":{"allow":["GET"]}}],"collection":[{"href":"https:\/\/bibliaherramientas.com\/libreria\/wp-json\/wp\/v2\/product"}],"about":[{"href":"https:\/\/bibliaherramientas.com\/libreria\/wp-json\/wp\/v2\/types\/product"}],"replies":[{"embeddable":true,"href":"https:\/\/bibliaherramientas.com\/libreria\/wp-json\/wp\/v2\/comments?post=51639"}],"wp:featuredmedia":[{"embeddable":true,"href":"https:\/\/bibliaherramientas.com\/libreria\/wp-json\/wp\/v2\/media\/51640"}],"wp:attachment":[{"href":"https:\/\/bibliaherramientas.com\/libreria\/wp-json\/wp\/v2\/media?parent=51639"}],"wp:term":[{"taxonomy":"product_brand","embeddable":true,"href":"https:\/\/bibliaherramientas.com\/libreria\/wp-json\/wp\/v2\/product_brand?post=51639"},{"taxonomy":"product_cat","embeddable":true,"href":"https:\/\/bibliaherramientas.com\/libreria\/wp-json\/wp\/v2\/product_cat?post=51639"},{"taxonomy":"product_tag","embeddable":true,"href":"https:\/\/bibliaherramientas.com\/libreria\/wp-json\/wp\/v2\/product_tag?post=51639"}],"curies":[{"name":"wp","href":"https:\/\/api.w.org\/{rel}","templated":true}]}}