{"id":51572,"date":"2024-07-23T17:55:27","date_gmt":"2024-07-23T22:55:27","guid":{"rendered":"https:\/\/bibliaherramientas.com\/libreria\/?post_type=product&#038;p=51572"},"modified":"2026-01-06T13:31:27","modified_gmt":"2026-01-06T19:31:27","slug":"biblia-reina-valera-1960-compacta-economica-pasta-vinil-2-7899938400906","status":"publish","type":"product","link":"https:\/\/bibliaherramientas.com\/libreria\/producto\/biblia-reina-valera-1960-compacta-economica-pasta-vinil-2-7899938400906\/","title":{"rendered":"Biblia Reina Valera 1960 Compacta Econ\u00f3mica Pasta Vinil"},"content":{"rendered":"<p>BIBLIA NUEVA<\/p>\n<p>Fuente de Bendiciones es un \u00edndice de pasajes b\u00edblicos que tratan de cuatro aspectos de la vida cristiana: la relaci\u00f3n con Dios, la relaci\u00f3n con las personas, la relaci\u00f3n con la Palabra de Dios y las bendiciones de la vida cristiana.<\/p>\n<p>Los vers\u00edculos incluidos en la lista est\u00e1n destacados a lo largo del texto b\u00edblico. Contiene concordancia con palabras clave y los pasajes en que \u00e9stas aparecen, lo cual facilita el estudio de las Escrituras.<\/p>\n<p>CONTENIDO:<br \/>\n&#8211; Lista de Bendiciones.<br \/>\n&#8211; Bendiciones marcadas de la Biblia en color.<br \/>\n&#8211; Referencias a pie de p\u00e1gina.<br \/>\n&#8211; Introducci\u00f3n a la Biblia.<br \/>\n&#8211; Descripci\u00f3n general de la Biblia.<br \/>\n&#8211; Contenido de la Biblia.<br \/>\n&#8211; Diferentes estilos literarios en la Biblia.<br \/>\n&#8211; Tres enfoques de la lectura de la Biblia.<br \/>\n&#8211; Aprovecha al m\u00e1ximo la lectura de la Biblia.<br \/>\n&#8211; Como encontrar una referencia b\u00edblica.<br \/>\n&#8211; Gu\u00eda de los acontecimientos, personajes y temas principales de la Biblia.<br \/>\n&#8211; Lectura de un a\u00f1o con la Biblia.<br \/>\n&#8211; Como encontrar ayuda en la Biblia.<br \/>\n&#8211; Canto rojo.<br \/>\n&#8211; Concordancia.<br \/>\n&#8211; Separador.<br \/>\n&#8212;&#8212;&#8212;&#8212;&#8212;&#8212;&#8212;&#8212;&#8212;&#8212;&#8212;-<br \/>\nCualquier duda estamos a tus \u00f3rdenes. Bendiciones!<\/p>\n","protected":false},"excerpt":{"rendered":"<p>Biblia Reina Valera 1960 Compacta Econ\u00f3mica Pasta Vinil.<\/p>\n","protected":false},"featured_media":51585,"comment_status":"open","ping_status":"closed","template":"","meta":{"_acf_changed":false},"product_brand":[],"product_cat":[462,866,871,884,748],"product_tag":[],"class_list":{"0":"post-51572","1":"product","2":"type-product","3":"status-publish","4":"has-post-thumbnail","6":"product_cat-biblias","7":"product_cat-biblias-compactas","8":"product_cat-biblias-8-9-puntos","9":"product_cat-biblias-rvr1960","10":"product_cat-editoriales-sociedades-biblicas-unidas","12":"first","13":"outofstock","14":"taxable","15":"shipping-taxable","16":"purchasable","17":"product-type-simple"},"acf":[],"_links":{"self":[{"href":"https:\/\/bibliaherramientas.com\/libreria\/wp-json\/wp\/v2\/product\/51572","targetHints":{"allow":["GET"]}}],"collection":[{"href":"https:\/\/bibliaherramientas.com\/libreria\/wp-json\/wp\/v2\/product"}],"about":[{"href":"https:\/\/bibliaherramientas.com\/libreria\/wp-json\/wp\/v2\/types\/product"}],"replies":[{"embeddable":true,"href":"https:\/\/bibliaherramientas.com\/libreria\/wp-json\/wp\/v2\/comments?post=51572"}],"wp:featuredmedia":[{"embeddable":true,"href":"https:\/\/bibliaherramientas.com\/libreria\/wp-json\/wp\/v2\/media\/51585"}],"wp:attachment":[{"href":"https:\/\/bibliaherramientas.com\/libreria\/wp-json\/wp\/v2\/media?parent=51572"}],"wp:term":[{"taxonomy":"product_brand","embeddable":true,"href":"https:\/\/bibliaherramientas.com\/libreria\/wp-json\/wp\/v2\/product_brand?post=51572"},{"taxonomy":"product_cat","embeddable":true,"href":"https:\/\/bibliaherramientas.com\/libreria\/wp-json\/wp\/v2\/product_cat?post=51572"},{"taxonomy":"product_tag","embeddable":true,"href":"https:\/\/bibliaherramientas.com\/libreria\/wp-json\/wp\/v2\/product_tag?post=51572"}],"curies":[{"name":"wp","href":"https:\/\/api.w.org\/{rel}","templated":true}]}}