{"id":51539,"date":"2024-07-23T14:11:45","date_gmt":"2024-07-23T19:11:45","guid":{"rendered":"https:\/\/bibliaherramientas.com\/libreria\/?post_type=product&#038;p=51539"},"modified":"2026-01-06T13:31:27","modified_gmt":"2026-01-06T19:31:27","slug":"biblia-para-la-predicacion-reina-valera-1960-letra-grande","status":"publish","type":"product","link":"https:\/\/bibliaherramientas.com\/libreria\/producto\/biblia-para-la-predicacion-reina-valera-1960-letra-grande\/","title":{"rendered":"Biblia Para La Predicaci\u00f3n Reina Valera 1960 Letra Grande"},"content":{"rendered":"<p>RECURSO NUEVO<\/p>\n<p>Esta Biblia usa el texto de la versi\u00f3n Reina-Valera 1960. La misma es conocida por su claridad para la lectura publica o privada, memorizaci\u00f3n, predicaci\u00f3n y ense\u00f1anza. Este texto es fiel a los originales en Hebreo y Griego, de los cuales fue directamente traducida.<\/p>\n<p>Cada libro b\u00edblico comienza con una breve rese\u00f1a y estructura de su contenido y presenta un recuadro con \u00abtemas sugeridos para la predicaci\u00f3n\u00bb; destacando los temas principales para la predicaci\u00f3n en cada libro.<\/p>\n<p>Contiene art\u00edculos sobre la predicaci\u00f3n b\u00edblica, colocados en el Antiguo Testamento y Nuevo Testamento. El Manual de homil\u00e9tica b\u00e1sica incluido constituye una herramienta valiosa para todo aquel que quiere profundizar en el arte de la preparaci\u00f3n de sermones, con numerosos temas clave y ejercicios tales como:<\/p>\n<p>&#8211; Predicaci\u00f3n y homil\u00e9tica.<br \/>\n&#8211; El estudio del texto b\u00edblico: explicaci\u00f3n y contextualizaci\u00f3n.<br \/>\n&#8211; La interpretaci\u00f3n del texto b\u00edblico.<br \/>\n&#8211; Los rudimentos de la predicaci\u00f3n.<br \/>\n&#8211; Consejos para la redacci\u00f3n del serm\u00f3n.<br \/>\n&#8211; Los cuatros tipos b\u00e1sicos de serm\u00f3n.<br \/>\n&#8211; Preguntas para evaluar el contenido del serm\u00f3n.<br \/>\n&#8211; C\u00f3mo planificar la predicaci\u00f3n.<br \/>\n&#8211; Modelos de sermones, \u00fatiles para 120 textos b\u00edblicos esenciales.<\/p>\n<p>M\u00e1s de 1600 recuadros con bosquejos de sermones, ubicados al lado del texto b\u00edblico correspondiente y un art\u00edculo explicativo para saber c\u00f3mo usarlos.<\/p>\n<p>Ejemplos de bosquejos de sermones homil\u00e9ticos, tales como: expositivo narrativo, tem\u00e1tico-doctrinal, de ocasiones especiales, y otros.<br \/>\n&#8212;&#8212;&#8212;&#8212;&#8212;&#8212;&#8212;&#8212;&#8212;&#8212;<br \/>\nCualquier duda estamos a tus \u00f3rdenes. Bendiciones!<\/p>\n","protected":false},"excerpt":{"rendered":"<p>RECURSO NUEVO Esta Biblia usa el texto de la versi\u00f3n Reina-Valera 1960. La misma es conocida por su claridad para la lectura publica o privada, memorizaci\u00f3n, predicaci\u00f3n y ense\u00f1anza. Este texto es fiel a los originales en Hebreo y Griego, de los cuales fue directamente traducida. Cada libro b\u00edblico comienza con una breve rese\u00f1a y [&#8230;]\n","protected":false},"featured_media":51543,"comment_status":"open","ping_status":"closed","template":"","meta":{"_acf_changed":false},"product_brand":[],"product_cat":[348],"product_tag":[],"class_list":{"0":"post-51539","1":"product","2":"type-product","3":"status-publish","4":"has-post-thumbnail","6":"product_cat-sin-categorizar","8":"first","9":"instock","10":"purchasable","11":"product-type-simple"},"acf":[],"_links":{"self":[{"href":"https:\/\/bibliaherramientas.com\/libreria\/wp-json\/wp\/v2\/product\/51539","targetHints":{"allow":["GET"]}}],"collection":[{"href":"https:\/\/bibliaherramientas.com\/libreria\/wp-json\/wp\/v2\/product"}],"about":[{"href":"https:\/\/bibliaherramientas.com\/libreria\/wp-json\/wp\/v2\/types\/product"}],"replies":[{"embeddable":true,"href":"https:\/\/bibliaherramientas.com\/libreria\/wp-json\/wp\/v2\/comments?post=51539"}],"wp:featuredmedia":[{"embeddable":true,"href":"https:\/\/bibliaherramientas.com\/libreria\/wp-json\/wp\/v2\/media\/51543"}],"wp:attachment":[{"href":"https:\/\/bibliaherramientas.com\/libreria\/wp-json\/wp\/v2\/media?parent=51539"}],"wp:term":[{"taxonomy":"product_brand","embeddable":true,"href":"https:\/\/bibliaherramientas.com\/libreria\/wp-json\/wp\/v2\/product_brand?post=51539"},{"taxonomy":"product_cat","embeddable":true,"href":"https:\/\/bibliaherramientas.com\/libreria\/wp-json\/wp\/v2\/product_cat?post=51539"},{"taxonomy":"product_tag","embeddable":true,"href":"https:\/\/bibliaherramientas.com\/libreria\/wp-json\/wp\/v2\/product_tag?post=51539"}],"curies":[{"name":"wp","href":"https:\/\/api.w.org\/{rel}","templated":true}]}}