{"id":51533,"date":"2024-07-23T13:43:39","date_gmt":"2024-07-23T18:43:39","guid":{"rendered":"https:\/\/bibliaherramientas.com\/libreria\/?post_type=product&#038;p=51533"},"modified":"2026-01-06T13:31:27","modified_gmt":"2026-01-06T19:31:27","slug":"biblia-para-ninas-amigos-por-siempre-rvr1960-pasta-dura","status":"publish","type":"product","link":"https:\/\/bibliaherramientas.com\/libreria\/producto\/biblia-para-ninas-amigos-por-siempre-rvr1960-pasta-dura\/","title":{"rendered":"Biblia Para Ni\u00f1as Amigos Por Siempre Rvr1960 &#8211; Pasta Dura"},"content":{"rendered":"<p>BIBLIA NUEVA<\/p>\n<p>Descubre la Palabra de Dios y comp\u00e1rtela con tus amiguitos. \u00a1Jes\u00fas ser\u00e1 tu amigo por siempre!<\/p>\n<p>Biblia compacta para ni\u00f1as color rosa.<\/p>\n<p>CONTENIDO:<br \/>\n&#8211; Pagina dedicatoria.<br \/>\n&#8211; Glosario.<br \/>\n&#8211; C\u00f3mo leer la Biblia.<br \/>\n&#8211; Lecturas para d\u00edas especiales.<br \/>\n&#8211; Qu\u00e9 dice la Biblia acerca del perd\u00f3n de Dios.<br \/>\n&#8211; Mapas.<br \/>\n&#8211; Concordancia.<br \/>\n&#8212;&#8212;&#8212;&#8212;&#8212;&#8212;&#8212;&#8212;&#8212;&#8211;<br \/>\nCualquier duda estamos a tus \u00f3rdenes. Bendiciones!<\/p>\n","protected":false},"excerpt":{"rendered":"<p>BIBLIA NUEVA Descubre la Palabra de Dios y comp\u00e1rtela con tus amiguitos. \u00a1Jes\u00fas ser\u00e1 tu amigo por siempre! Biblia compacta para ni\u00f1as color rosa. CONTENIDO: &#8211; Pagina dedicatoria. &#8211; Glosario. &#8211; C\u00f3mo leer la Biblia. &#8211; Lecturas para d\u00edas especiales. &#8211; Qu\u00e9 dice la Biblia acerca del perd\u00f3n de Dios. &#8211; Mapas. &#8211; Concordancia. &#8212;&#8212;&#8212;&#8212;&#8212;&#8212;&#8212;&#8212;&#8212;&#8211; [&#8230;]\n","protected":false},"featured_media":51535,"comment_status":"open","ping_status":"closed","template":"","meta":{"_acf_changed":false},"product_brand":[],"product_cat":[462,866,871,492,884,879,748],"product_tag":[],"class_list":{"0":"post-51533","1":"product","2":"type-product","3":"status-publish","4":"has-post-thumbnail","6":"product_cat-biblias","7":"product_cat-biblias-compactas","8":"product_cat-biblias-8-9-puntos","9":"product_cat-biblias-ninos","10":"product_cat-biblias-rvr1960","11":"product_cat-biblias-tapa-dura","12":"product_cat-editoriales-sociedades-biblicas-unidas","14":"first","15":"outofstock","16":"purchasable","17":"product-type-simple"},"acf":[],"_links":{"self":[{"href":"https:\/\/bibliaherramientas.com\/libreria\/wp-json\/wp\/v2\/product\/51533","targetHints":{"allow":["GET"]}}],"collection":[{"href":"https:\/\/bibliaherramientas.com\/libreria\/wp-json\/wp\/v2\/product"}],"about":[{"href":"https:\/\/bibliaherramientas.com\/libreria\/wp-json\/wp\/v2\/types\/product"}],"replies":[{"embeddable":true,"href":"https:\/\/bibliaherramientas.com\/libreria\/wp-json\/wp\/v2\/comments?post=51533"}],"wp:featuredmedia":[{"embeddable":true,"href":"https:\/\/bibliaherramientas.com\/libreria\/wp-json\/wp\/v2\/media\/51535"}],"wp:attachment":[{"href":"https:\/\/bibliaherramientas.com\/libreria\/wp-json\/wp\/v2\/media?parent=51533"}],"wp:term":[{"taxonomy":"product_brand","embeddable":true,"href":"https:\/\/bibliaherramientas.com\/libreria\/wp-json\/wp\/v2\/product_brand?post=51533"},{"taxonomy":"product_cat","embeddable":true,"href":"https:\/\/bibliaherramientas.com\/libreria\/wp-json\/wp\/v2\/product_cat?post=51533"},{"taxonomy":"product_tag","embeddable":true,"href":"https:\/\/bibliaherramientas.com\/libreria\/wp-json\/wp\/v2\/product_tag?post=51533"}],"curies":[{"name":"wp","href":"https:\/\/api.w.org\/{rel}","templated":true}]}}