{"id":51529,"date":"2024-07-23T13:56:47","date_gmt":"2024-07-23T18:56:47","guid":{"rendered":"https:\/\/bibliaherramientas.com\/libreria\/?post_type=product&#038;p=51529"},"modified":"2026-01-06T13:31:27","modified_gmt":"2026-01-06T19:31:27","slug":"biblia-mis-quince-reina-valera-1960-para-xv-anos-9781535950947","status":"publish","type":"product","link":"https:\/\/bibliaherramientas.com\/libreria\/producto\/biblia-mis-quince-reina-valera-1960-para-xv-anos-9781535950947\/","title":{"rendered":"Biblia Mis Quince Reina Valera 1960 Para Xv A\u00f1os"},"content":{"rendered":"<p>RECURSO NUEVO<\/p>\n<p>La Biblia Mis Quince RVR 1960 engalana la tradici\u00f3n de celebrar de manera especial el cumplea\u00f1os de quince de una jovencita. Esta edici\u00f3n ofrece una cubierta en s\u00edmil piel y cantos plateados. Incluye una adorable caja de regalo, y cuenta con una secci\u00f3n para registrar recuerdos especiales.<\/p>\n<p>CARACTER\u00cdSTICAS:<br \/>\n&#8211; P\u00e1gina dedicatoria.<br \/>\n&#8211; Plan de salvaci\u00f3n.<br \/>\n&#8211; Palabras de Cristo en rojo.<br \/>\n&#8211; Plan de lectura en un a\u00f1o.<br \/>\n&#8211; Panorama hist\u00f3rico de la Biblia.<br \/>\n&#8211; Introducci\u00f3n a los libros de la Biblia.<br \/>\n&#8211; Armon\u00eda de los evangelios.<br \/>\n&#8211; Nombres y atributos de Jes\u00fas.<br \/>\n&#8211; Palabras de aliento para tu caminar con Dios.<br \/>\n&#8211; Tabla de pesos y medidas.<br \/>\n&#8211; Concordancia.<br \/>\n&#8211; Cinta marcadora.<br \/>\n&#8211; Canto plateado.<br \/>\n&#8211; Sin \u00edndice.<br \/>\n&#8211; Caja de regalo.<br \/>\n&#8212;&#8212;&#8212;&#8212;&#8212;&#8212;&#8212;&#8212;-<br \/>\nCualquier duda estamos a tus \u00f3rdenes. Bendiciones!<\/p>\n","protected":false},"excerpt":{"rendered":"<p>Biblia rosa y blanco Mis quince en versi\u00f3n Reina Valera 1960, imitaci\u00f3n piel y canto plateado.<\/p>\n","protected":false},"featured_media":51545,"comment_status":"open","ping_status":"closed","template":"","meta":{"_acf_changed":false},"product_brand":[],"product_cat":[735,871,877,867,496,884],"product_tag":[],"class_list":{"0":"post-51529","1":"product","2":"type-product","3":"status-publish","4":"has-post-thumbnail","6":"product_cat-editoriales-bh-espanol","7":"product_cat-biblias-8-9-puntos","8":"product_cat-biblias-imitacion-piel","9":"product_cat-biblias-medianas","10":"product_cat-biblias-para-eventos-especiales","11":"product_cat-biblias-rvr1960","13":"first","14":"instock","15":"purchasable","16":"product-type-simple"},"acf":[],"_links":{"self":[{"href":"https:\/\/bibliaherramientas.com\/libreria\/wp-json\/wp\/v2\/product\/51529","targetHints":{"allow":["GET"]}}],"collection":[{"href":"https:\/\/bibliaherramientas.com\/libreria\/wp-json\/wp\/v2\/product"}],"about":[{"href":"https:\/\/bibliaherramientas.com\/libreria\/wp-json\/wp\/v2\/types\/product"}],"replies":[{"embeddable":true,"href":"https:\/\/bibliaherramientas.com\/libreria\/wp-json\/wp\/v2\/comments?post=51529"}],"wp:featuredmedia":[{"embeddable":true,"href":"https:\/\/bibliaherramientas.com\/libreria\/wp-json\/wp\/v2\/media\/51545"}],"wp:attachment":[{"href":"https:\/\/bibliaherramientas.com\/libreria\/wp-json\/wp\/v2\/media?parent=51529"}],"wp:term":[{"taxonomy":"product_brand","embeddable":true,"href":"https:\/\/bibliaherramientas.com\/libreria\/wp-json\/wp\/v2\/product_brand?post=51529"},{"taxonomy":"product_cat","embeddable":true,"href":"https:\/\/bibliaherramientas.com\/libreria\/wp-json\/wp\/v2\/product_cat?post=51529"},{"taxonomy":"product_tag","embeddable":true,"href":"https:\/\/bibliaherramientas.com\/libreria\/wp-json\/wp\/v2\/product_tag?post=51529"}],"curies":[{"name":"wp","href":"https:\/\/api.w.org\/{rel}","templated":true}]}}