{"id":51524,"date":"2024-07-23T13:26:09","date_gmt":"2024-07-23T18:26:09","guid":{"rendered":"https:\/\/bibliaherramientas.com\/libreria\/?post_type=product&#038;p=51524"},"modified":"2026-01-06T13:31:26","modified_gmt":"2026-01-06T19:31:26","slug":"biblia-reina-valera-1960-compacta-economica-pasta-vinil","status":"publish","type":"product","link":"https:\/\/bibliaherramientas.com\/libreria\/producto\/biblia-reina-valera-1960-compacta-economica-pasta-vinil\/","title":{"rendered":"Biblia Reina Valera 1960 Compacta Econ\u00f3mica Pasta Vinil"},"content":{"rendered":"<p>La Biblia Reina Valera 1960 Compacta Econ\u00f3mica Pasta Vinil es el libro perfecto para aquellos que buscan una versi\u00f3n compacta y econ\u00f3mica de la Biblia. Con su tapa blanda de vinil texturizado, esta edici\u00f3n de la Sociedades B\u00edblicas Unidas es ideal para llevar a todas partes. La Biblia Reina Valera 1960 es una de las versiones m\u00e1s reconocidas y utilizadas en el mundo hispanohablante, y esta edici\u00f3n compacta ofrece la comodidad de tenerla siempre a mano. Con su tama\u00f1o compacto y su edici\u00f3n en espa\u00f1ol, esta Biblia es adecuada para personas de todas las edades, desde los 16 a\u00f1os hasta los 99 a\u00f1os. Adem\u00e1s, su contenido se centra en la ense\u00f1anza b\u00edblica y cristiana, lo que la convierte en una herramienta invaluable para el crecimiento espiritual. No importa si eres un estudiante de la Biblia o simplemente alguien que busca una gu\u00eda espiritual, la Biblia Reina Valera 1960 Compacta Econ\u00f3mica Pasta Vinil es el libro perfecto para ti.<\/p>\n","protected":false},"excerpt":{"rendered":"<p>La Biblia Reina Valera 1960 Compacta Econ\u00f3mica Pasta Vinil es el libro perfecto para aquellos que buscan una versi\u00f3n compacta y econ\u00f3mica de la Biblia. Con su tapa blanda de vinil texturizado, esta edici\u00f3n de la Sociedades B\u00edblicas Unidas es ideal para llevar a todas partes. La Biblia Reina Valera 1960 es una de las [&#8230;]\n","protected":false},"featured_media":51530,"comment_status":"open","ping_status":"closed","template":"","meta":{"_acf_changed":false},"product_brand":[],"product_cat":[462,872,866,877,884,748],"product_tag":[],"class_list":{"0":"post-51524","1":"product","2":"type-product","3":"status-publish","4":"has-post-thumbnail","6":"product_cat-biblias","7":"product_cat-biblias-10-11-puntos","8":"product_cat-biblias-compactas","9":"product_cat-biblias-imitacion-piel","10":"product_cat-biblias-rvr1960","11":"product_cat-editoriales-sociedades-biblicas-unidas","13":"first","14":"outofstock","15":"purchasable","16":"product-type-simple"},"acf":[],"_links":{"self":[{"href":"https:\/\/bibliaherramientas.com\/libreria\/wp-json\/wp\/v2\/product\/51524","targetHints":{"allow":["GET"]}}],"collection":[{"href":"https:\/\/bibliaherramientas.com\/libreria\/wp-json\/wp\/v2\/product"}],"about":[{"href":"https:\/\/bibliaherramientas.com\/libreria\/wp-json\/wp\/v2\/types\/product"}],"replies":[{"embeddable":true,"href":"https:\/\/bibliaherramientas.com\/libreria\/wp-json\/wp\/v2\/comments?post=51524"}],"wp:featuredmedia":[{"embeddable":true,"href":"https:\/\/bibliaherramientas.com\/libreria\/wp-json\/wp\/v2\/media\/51530"}],"wp:attachment":[{"href":"https:\/\/bibliaherramientas.com\/libreria\/wp-json\/wp\/v2\/media?parent=51524"}],"wp:term":[{"taxonomy":"product_brand","embeddable":true,"href":"https:\/\/bibliaherramientas.com\/libreria\/wp-json\/wp\/v2\/product_brand?post=51524"},{"taxonomy":"product_cat","embeddable":true,"href":"https:\/\/bibliaherramientas.com\/libreria\/wp-json\/wp\/v2\/product_cat?post=51524"},{"taxonomy":"product_tag","embeddable":true,"href":"https:\/\/bibliaherramientas.com\/libreria\/wp-json\/wp\/v2\/product_tag?post=51524"}],"curies":[{"name":"wp","href":"https:\/\/api.w.org\/{rel}","templated":true}]}}