{"id":51502,"date":"2024-07-23T13:21:13","date_gmt":"2024-07-23T18:21:13","guid":{"rendered":"https:\/\/bibliaherramientas.com\/libreria\/?post_type=product&#038;p=51502"},"modified":"2026-01-06T13:31:26","modified_gmt":"2026-01-06T19:31:26","slug":"biblia-reina-valera-1960-letra-supergigante-19-puntos-indice-7899938412589","status":"publish","type":"product","link":"https:\/\/bibliaherramientas.com\/libreria\/producto\/biblia-reina-valera-1960-letra-supergigante-19-puntos-indice-7899938412589\/","title":{"rendered":"Biblia Reina Valera 1960 Letra Supergigante 19 Puntos \u00cdndice"},"content":{"rendered":"<p>BIBLIA NUEVA<\/p>\n<p>Con un dise\u00f1o elegante y moderno, esta Biblia con letra supergigante ofrece un look din\u00e1mico y muy c\u00f3modo para leer. Paginas amplias con referencias al final del vers\u00edculo.<\/p>\n<p>CARACTER\u00cdSTICAS:<br \/>\n&#8211; Versi\u00f3n Reina Valera 1960.<br \/>\n&#8211; Letra supergigante, f\u00e1cil de leer.<br \/>\n&#8211; Letra de 19 pts.<br \/>\n&#8211; Dedicatoria.<br \/>\n&#8211; Plan para leer la biblia en un a\u00f1o.<br \/>\n&#8211; Palabras de Jes\u00fas en rojo.<br \/>\n&#8211; \u00cdndice digital.<br \/>\n&#8211; 8 mapas a todo color.<br \/>\n&#8211; 2 cintas marcadoras.<br \/>\n&#8211; M\u00e1s de 5000 referencias cruzadas.<br \/>\n&#8212;&#8212;&#8212;&#8212;&#8212;&#8212;&#8212;&#8212;&#8212;&#8212;<br \/>\nCualquier duda estamos a tus \u00f3rdenes. Bendiciones!<\/p>\n","protected":false},"excerpt":{"rendered":"<p>Biblia negra RVR 1960 nueva con letra supergigante, palabras de Jes\u00fas en rojo e \u00edndice en el canto para ubicar con rapidez cada libro.<\/p>\n","protected":false},"featured_media":51558,"comment_status":"open","ping_status":"closed","template":"","meta":{"_acf_changed":false},"product_brand":[],"product_cat":[875,878,868,498,884,748],"product_tag":[],"class_list":{"0":"post-51502","1":"product","2":"type-product","3":"status-publish","4":"has-post-thumbnail","6":"product_cat-biblias-17-19-puntos","7":"product_cat-biblias-de-vinil","8":"product_cat-biblias-grandes","9":"product_cat-biblias-personales","10":"product_cat-biblias-rvr1960","11":"product_cat-editoriales-sociedades-biblicas-unidas","13":"first","14":"instock","15":"purchasable","16":"product-type-simple"},"acf":[],"_links":{"self":[{"href":"https:\/\/bibliaherramientas.com\/libreria\/wp-json\/wp\/v2\/product\/51502","targetHints":{"allow":["GET"]}}],"collection":[{"href":"https:\/\/bibliaherramientas.com\/libreria\/wp-json\/wp\/v2\/product"}],"about":[{"href":"https:\/\/bibliaherramientas.com\/libreria\/wp-json\/wp\/v2\/types\/product"}],"replies":[{"embeddable":true,"href":"https:\/\/bibliaherramientas.com\/libreria\/wp-json\/wp\/v2\/comments?post=51502"}],"wp:featuredmedia":[{"embeddable":true,"href":"https:\/\/bibliaherramientas.com\/libreria\/wp-json\/wp\/v2\/media\/51558"}],"wp:attachment":[{"href":"https:\/\/bibliaherramientas.com\/libreria\/wp-json\/wp\/v2\/media?parent=51502"}],"wp:term":[{"taxonomy":"product_brand","embeddable":true,"href":"https:\/\/bibliaherramientas.com\/libreria\/wp-json\/wp\/v2\/product_brand?post=51502"},{"taxonomy":"product_cat","embeddable":true,"href":"https:\/\/bibliaherramientas.com\/libreria\/wp-json\/wp\/v2\/product_cat?post=51502"},{"taxonomy":"product_tag","embeddable":true,"href":"https:\/\/bibliaherramientas.com\/libreria\/wp-json\/wp\/v2\/product_tag?post=51502"}],"curies":[{"name":"wp","href":"https:\/\/api.w.org\/{rel}","templated":true}]}}