{"id":51501,"date":"2024-07-23T12:52:54","date_gmt":"2024-07-23T17:52:54","guid":{"rendered":"https:\/\/bibliaherramientas.com\/libreria\/?post_type=product&#038;p=51501"},"modified":"2026-01-06T13:31:26","modified_gmt":"2026-01-06T19:31:26","slug":"biblia-reina-valera-1960-letra-grande-simil-piel-para-mujer","status":"publish","type":"product","link":"https:\/\/bibliaherramientas.com\/libreria\/producto\/biblia-reina-valera-1960-letra-grande-simil-piel-para-mujer\/","title":{"rendered":"Biblia Reina Valera 1960 Letra Grande S\u00edmil Piel Para Mujer"},"content":{"rendered":"<p>BIBLIA NUEVA<\/p>\n<p>Biblia Letra grande, revisi\u00f3n Reina-Valera 1960. Gracias al tama\u00f1o de letra grande, ayuda a descansar la vista durante la lectura y el estudio de las Escrituras. Contiene concordancia con palabras clave y los pasajes en que \u00e9stas aparecen, lo cual facilita el estudio de las Escrituras.<\/p>\n<p>AYUDAS ESPECIALES PARA EL LECTOR:<\/p>\n<p>QR CON VIDEOS EXPLICATIVOS:<br \/>\n&#8211; Qu\u00e9 es la Biblia.<br \/>\n&#8211; Su Estructura general.<br \/>\n&#8211; Mensaje principal.<br \/>\n&#8211; Buscar un personaje.<br \/>\n&#8211; Idiomas en los que se escribi\u00f3.<br \/>\n&#8211; Formaci\u00f3n de la Biblia.<br \/>\n&#8211; Beneficios de leerla.<br \/>\n&#8211; Interpretaci\u00f3n de Jes\u00fas hac\u00eda las Escrituras.<\/p>\n<p>QR PARA PROFUNDIZAR EN LAS ESCRITURAS:<br \/>\n&#8211; Introducci\u00f3n al Antiguo Testamento y Pentateuco.<br \/>\n&#8211; Al Nuevo Testamento y Evangelios.<br \/>\n&#8211; Panorama general de los libros de la Biblia.<br \/>\n&#8211; Divisi\u00f3n del d\u00eda.<br \/>\n&#8211; Calendario Hebreo (incluido fiestas).<br \/>\n&#8211; Tabla de pesos, medidas y monedas.<br \/>\n&#8211; C\u00f3mo encontrar ayuda por temas.<br \/>\n&#8211; Mapas interactivos.<\/p>\n<p>AYUDAS IMPRESAS:<br \/>\n&#8211; Biblia en un A\u00f1o (Plan de lectura)<br \/>\n&#8211; Pasajes famosos.<br \/>\n&#8211; Concordancia de consulta y referencia.<br \/>\n&#8211; 17 mapas a todo color.<br \/>\n&#8212;&#8212;&#8212;&#8212;&#8212;&#8212;&#8212;&#8212;&#8212;&#8212;<br \/>\nCualquier duda estamos a tus \u00f3rdenes. Bendiciones!<\/p>\n","protected":false},"excerpt":{"rendered":"<p>BIBLIA NUEVA Biblia Letra grande, revisi\u00f3n Reina-Valera 1960. Gracias al tama\u00f1o de letra grande, ayuda a descansar la vista durante la lectura y el estudio de las Escrituras. Contiene concordancia con palabras clave y los pasajes en que \u00e9stas aparecen, lo cual facilita el estudio de las Escrituras. AYUDAS ESPECIALES PARA EL LECTOR: QR CON [&#8230;]\n","protected":false},"featured_media":51515,"comment_status":"open","ping_status":"closed","template":"","meta":{"_acf_changed":false},"product_brand":[],"product_cat":[873,877,867,464,884,748],"product_tag":[],"class_list":{"0":"post-51501","1":"product","2":"type-product","3":"status-publish","4":"has-post-thumbnail","6":"product_cat-biblias-12-13-puntos","7":"product_cat-biblias-imitacion-piel","8":"product_cat-biblias-medianas","9":"product_cat-biblias-mujeres","10":"product_cat-biblias-rvr1960","11":"product_cat-editoriales-sociedades-biblicas-unidas","13":"first","14":"instock","15":"purchasable","16":"product-type-simple"},"acf":[],"_links":{"self":[{"href":"https:\/\/bibliaherramientas.com\/libreria\/wp-json\/wp\/v2\/product\/51501","targetHints":{"allow":["GET"]}}],"collection":[{"href":"https:\/\/bibliaherramientas.com\/libreria\/wp-json\/wp\/v2\/product"}],"about":[{"href":"https:\/\/bibliaherramientas.com\/libreria\/wp-json\/wp\/v2\/types\/product"}],"replies":[{"embeddable":true,"href":"https:\/\/bibliaherramientas.com\/libreria\/wp-json\/wp\/v2\/comments?post=51501"}],"wp:featuredmedia":[{"embeddable":true,"href":"https:\/\/bibliaherramientas.com\/libreria\/wp-json\/wp\/v2\/media\/51515"}],"wp:attachment":[{"href":"https:\/\/bibliaherramientas.com\/libreria\/wp-json\/wp\/v2\/media?parent=51501"}],"wp:term":[{"taxonomy":"product_brand","embeddable":true,"href":"https:\/\/bibliaherramientas.com\/libreria\/wp-json\/wp\/v2\/product_brand?post=51501"},{"taxonomy":"product_cat","embeddable":true,"href":"https:\/\/bibliaherramientas.com\/libreria\/wp-json\/wp\/v2\/product_cat?post=51501"},{"taxonomy":"product_tag","embeddable":true,"href":"https:\/\/bibliaherramientas.com\/libreria\/wp-json\/wp\/v2\/product_tag?post=51501"}],"curies":[{"name":"wp","href":"https:\/\/api.w.org\/{rel}","templated":true}]}}