{"id":51016,"date":"2021-08-16T00:14:06","date_gmt":"2021-08-16T05:14:06","guid":{"rendered":"https:\/\/bibliaherramientas.com\/libreria\/?post_type=product&#038;p=51016"},"modified":"2026-01-06T13:30:37","modified_gmt":"2026-01-06T19:30:37","slug":"biblia-reina-valera-1960-letra-grande-imitacion-piel-7898521808549","status":"publish","type":"product","link":"https:\/\/bibliaherramientas.com\/libreria\/producto\/biblia-reina-valera-1960-letra-grande-imitacion-piel-7898521808549\/","title":{"rendered":"Biblia Reina Valera 1960 Letra Grande Imitaci\u00f3n Piel Gris"},"content":{"rendered":"<p>CONTENIDO:<br \/>\n&#8211; Glosario.<br \/>\n&#8211; Los libros de la Biblia en s\u00edntesis.<br \/>\n&#8211; C\u00f3mo leer la Biblia.<br \/>\n&#8211; Referencias cruzadas.<br \/>\n&#8211; Plan para leer la Biblia en 1 a\u00f1o.<br \/>\n&#8211; Lecturas para d\u00edas especiales.<br \/>\n&#8211; C\u00f3mo encontrar ayuda en la Biblia.<br \/>\n&#8211; Qu\u00e9 dice la Biblia acerca del perd\u00f3n de Dios.<br \/>\n&#8211; Concordancia.<br \/>\n&#8211; Mapas.<\/p>\n","protected":false},"excerpt":{"rendered":"<p>\u00a1Una de las biblias econ\u00f3micas m\u00e1s vendidas en M\u00e9xico!<\/p>\n","protected":false},"featured_media":50749,"comment_status":"open","ping_status":"closed","template":"","meta":{"_acf_changed":false},"product_brand":[],"product_cat":[873,495,877,867,498,884,748],"product_tag":[910,911],"class_list":{"0":"post-51016","1":"product","2":"type-product","3":"status-publish","4":"has-post-thumbnail","6":"product_cat-biblias-12-13-puntos","7":"product_cat-biblias-economicas","8":"product_cat-biblias-imitacion-piel","9":"product_cat-biblias-medianas","10":"product_cat-biblias-personales","11":"product_cat-biblias-rvr1960","12":"product_cat-editoriales-sociedades-biblicas-unidas","13":"product_tag-biblias-economicas","14":"product_tag-biblias-letra-grande","16":"first","17":"instock","18":"purchasable","19":"product-type-simple"},"acf":[],"_links":{"self":[{"href":"https:\/\/bibliaherramientas.com\/libreria\/wp-json\/wp\/v2\/product\/51016","targetHints":{"allow":["GET"]}}],"collection":[{"href":"https:\/\/bibliaherramientas.com\/libreria\/wp-json\/wp\/v2\/product"}],"about":[{"href":"https:\/\/bibliaherramientas.com\/libreria\/wp-json\/wp\/v2\/types\/product"}],"replies":[{"embeddable":true,"href":"https:\/\/bibliaherramientas.com\/libreria\/wp-json\/wp\/v2\/comments?post=51016"}],"wp:featuredmedia":[{"embeddable":true,"href":"https:\/\/bibliaherramientas.com\/libreria\/wp-json\/wp\/v2\/media\/50749"}],"wp:attachment":[{"href":"https:\/\/bibliaherramientas.com\/libreria\/wp-json\/wp\/v2\/media?parent=51016"}],"wp:term":[{"taxonomy":"product_brand","embeddable":true,"href":"https:\/\/bibliaherramientas.com\/libreria\/wp-json\/wp\/v2\/product_brand?post=51016"},{"taxonomy":"product_cat","embeddable":true,"href":"https:\/\/bibliaherramientas.com\/libreria\/wp-json\/wp\/v2\/product_cat?post=51016"},{"taxonomy":"product_tag","embeddable":true,"href":"https:\/\/bibliaherramientas.com\/libreria\/wp-json\/wp\/v2\/product_tag?post=51016"}],"curies":[{"name":"wp","href":"https:\/\/api.w.org\/{rel}","templated":true}]}}