{"id":51005,"date":"2021-08-12T21:27:28","date_gmt":"2021-08-13T02:27:28","guid":{"rendered":"https:\/\/bibliaherramientas.com\/libreria\/?post_type=product&#038;p=51005"},"modified":"2026-01-06T13:30:33","modified_gmt":"2026-01-06T19:30:33","slug":"libro-asombro-por-paul-david-tripp-9781944586836","status":"publish","type":"product","link":"https:\/\/bibliaherramientas.com\/libreria\/producto\/libro-asombro-por-paul-david-tripp-9781944586836\/","title":{"rendered":"Libro Asombro por Paul David Tripp"},"content":{"rendered":"<p>RECOMENDACIONES:<\/p>\n<p>\u201cEste libro es brillante\u201d.<br \/>\n<strong>&#8211; Francis Chan;<\/strong>\u00a0autor de\u00a0<em>Loco amor<\/em>, bestseller de The New York Times.<\/p>\n<p>\u201cEs evidente que Tripp medit\u00f3 profundamente en este tema. Lee este libro y ser\u00e1s retado y animado a asombrarte por la realidad de Dios, y a tomarle en serio por ello\u201d.<br \/>\n<strong>&#8211; Eric M. Mason,\u00a0<\/strong>pastor; autor de\u00a0<em>Hombre restaurado.<\/em><\/p>\n<p>\u201cEn pocas palabras, leo todo lo que escribe Paul Tripp. No puedo perderme una sola palabra\u201d.<br \/>\n<strong>&#8211; Ann Voskamp,<\/strong>\u00a0autora bestseller de The New York Times,\u00a0<em>Un millar de obsequios.<br \/>\n<\/em>&#8212;&#8212;&#8212;&#8212;&#8212;&#8212;&#8212;&#8212;&#8212;&#8212;&#8212;&#8212;&#8212;&#8212;&#8212;&#8211;<br \/>\nEl Dr. Paul David Tripp es pastor, conferencista en eventos y autor galardonado y de mayor venta. Con m\u00e1s de 30 libros y series de videos sobre la vida cristiana, la pasi\u00f3n que impulsa a Paul es conectar el poder transformador de Jesucristo con la vida cotidiana.<\/p>\n<p>Paul naci\u00f3 en Toledo, Ohio, y sus padres hab\u00edan llegado recientemente a la fe en Cristo y estaban muy emocionados por ser padres como creyentes. A pesar de que los Tripp estaban comprometidos a tener un culto familiar diario y asistir a la iglesia siempre que las puertas estuvieran abiertas, la familia de Paul no estuvo exenta de luchas significativas. Dios us\u00f3 estas experiencias para construir en Paul el deseo de ver el Evangelio aplicado a las realidades de la vida en un mundo ca\u00eddo.<\/p>\n<p>Paul asisti\u00f3 al Columbia Bible College (ahora Columbia International University) y se especializ\u00f3 en Biblia y Educaci\u00f3n Cristiana. Luego recibi\u00f3 su maestr\u00eda en Div del Seminario Reformado y su maestr\u00eda en Consejer\u00eda B\u00edblica del Seminario Teol\u00f3gico de Westminster.<\/p>\n<p>A lo largo de su vida, Paul ha plantado una iglesia, fund\u00f3 una escuela cristiana, escribi\u00f3 canciones de adoraci\u00f3n y realiz\u00f3 giras con una banda cristiana. Fue miembro de la facultad de la Christian Counseling and Educational Foundation (CCEF) durante muchos a\u00f1os, profesor de consejer\u00eda b\u00edblica en el Westminster Theological Seminary, profesor visitante en el Southern Baptist Theological Seminary y pastor en la D\u00e9cima Iglesia Presbiteriana.<\/p>\n<p>Paul lanz\u00f3 su propio ministerio en 2006. Vive en Filadelfia y est\u00e1 perdidamente enamorado de su esposa, Luella. Tienen cuatro hijos adultos.<\/p>\n","protected":false},"excerpt":{"rendered":"<p>\u00bfAlguna vez te has preguntado qu\u00e9 tipo de asombro moldea tus pensamientos, deseos, palabras, decisiones y acciones en las situaciones y relaciones que hacen parte de tu vida diaria?<\/p>\n<p>En este libro, Paul Tripp expone la realidad acerca del asombro a trav\u00e9s de temas como el materialismo, la crianza, la iglesia y el trabajo, y concluye que el asombro dedicado a estas cosas es devastador. En cambio, como fuimos creados para ser asombrados por Dios, este asombro afecta lo m\u00e1s profundo de nuestros corazones, y nos llena totalmente.<\/p>\n","protected":false},"featured_media":51007,"comment_status":"open","ping_status":"closed","template":"","meta":{"_acf_changed":false},"product_brand":[],"product_cat":[666,836,837,745],"product_tag":[853],"class_list":{"0":"post-51005","1":"product","2":"type-product","3":"status-publish","4":"has-post-thumbnail","6":"product_cat-crecimiento-espiritual","7":"product_cat-paul-david-tripp","8":"product_cat-paul-david-tripp-por-escritores","9":"product_cat-editoriales-poiema","10":"product_tag-crecimiento-espiritual","12":"first","13":"instock","14":"purchasable","15":"product-type-simple"},"acf":[],"_links":{"self":[{"href":"https:\/\/bibliaherramientas.com\/libreria\/wp-json\/wp\/v2\/product\/51005","targetHints":{"allow":["GET"]}}],"collection":[{"href":"https:\/\/bibliaherramientas.com\/libreria\/wp-json\/wp\/v2\/product"}],"about":[{"href":"https:\/\/bibliaherramientas.com\/libreria\/wp-json\/wp\/v2\/types\/product"}],"replies":[{"embeddable":true,"href":"https:\/\/bibliaherramientas.com\/libreria\/wp-json\/wp\/v2\/comments?post=51005"}],"wp:featuredmedia":[{"embeddable":true,"href":"https:\/\/bibliaherramientas.com\/libreria\/wp-json\/wp\/v2\/media\/51007"}],"wp:attachment":[{"href":"https:\/\/bibliaherramientas.com\/libreria\/wp-json\/wp\/v2\/media?parent=51005"}],"wp:term":[{"taxonomy":"product_brand","embeddable":true,"href":"https:\/\/bibliaherramientas.com\/libreria\/wp-json\/wp\/v2\/product_brand?post=51005"},{"taxonomy":"product_cat","embeddable":true,"href":"https:\/\/bibliaherramientas.com\/libreria\/wp-json\/wp\/v2\/product_cat?post=51005"},{"taxonomy":"product_tag","embeddable":true,"href":"https:\/\/bibliaherramientas.com\/libreria\/wp-json\/wp\/v2\/product_tag?post=51005"}],"curies":[{"name":"wp","href":"https:\/\/api.w.org\/{rel}","templated":true}]}}