{"id":50875,"date":"2020-10-14T00:17:30","date_gmt":"2020-10-14T05:17:30","guid":{"rendered":"https:\/\/bibliaherramientas.com\/libreria\/?post_type=product&#038;p=50875"},"modified":"2026-01-06T13:30:27","modified_gmt":"2026-01-06T19:30:27","slug":"libro-las-grandes-doctrinas-de-la-biblia","status":"publish","type":"product","link":"https:\/\/bibliaherramientas.com\/libreria\/producto\/libro-las-grandes-doctrinas-de-la-biblia\/","title":{"rendered":"Libro Las grandes doctrinas de la Biblia"},"content":{"rendered":"<p>BIBLIA NUEVA<\/p>\n<p>En esta obra, Sproul analiza, en un conjunto organizado y detallado, las doctrinas b\u00edblicas para un mayor entendimiento. Ahora, pastores y legados podr\u00e1n nutrirse de esta gu\u00eda para perfeccionar su conocimiento y mensaje de las grandes doctrinas.<\/p>\n<p>&#8212;&#8212;&#8212;&#8212;&#8212;&#8212;&#8212;&#8212;&#8212;&#8212;-<br \/>\nCualquier duda estamos a tus \u00f3rdenes. Bendiciones!<\/p>\n","protected":false},"excerpt":{"rendered":"<p>Sproul analiza las doctrinas b\u00edblicas para un mayor entendimiento.<\/p>\n","protected":false},"featured_media":50876,"comment_status":"open","ping_status":"closed","template":"","meta":{"_acf_changed":false},"product_brand":[],"product_cat":[520,717,653],"product_tag":[],"class_list":{"0":"post-50875","1":"product","2":"type-product","3":"status-publish","4":"has-post-thumbnail","6":"product_cat-doctrina-teologia","7":"product_cat-escritores-r-c-sproul","8":"product_cat-libros-r-c-sproul","10":"first","11":"instock","12":"purchasable","13":"product-type-simple"},"acf":[],"_links":{"self":[{"href":"https:\/\/bibliaherramientas.com\/libreria\/wp-json\/wp\/v2\/product\/50875","targetHints":{"allow":["GET"]}}],"collection":[{"href":"https:\/\/bibliaherramientas.com\/libreria\/wp-json\/wp\/v2\/product"}],"about":[{"href":"https:\/\/bibliaherramientas.com\/libreria\/wp-json\/wp\/v2\/types\/product"}],"replies":[{"embeddable":true,"href":"https:\/\/bibliaherramientas.com\/libreria\/wp-json\/wp\/v2\/comments?post=50875"}],"wp:featuredmedia":[{"embeddable":true,"href":"https:\/\/bibliaherramientas.com\/libreria\/wp-json\/wp\/v2\/media\/50876"}],"wp:attachment":[{"href":"https:\/\/bibliaherramientas.com\/libreria\/wp-json\/wp\/v2\/media?parent=50875"}],"wp:term":[{"taxonomy":"product_brand","embeddable":true,"href":"https:\/\/bibliaherramientas.com\/libreria\/wp-json\/wp\/v2\/product_brand?post=50875"},{"taxonomy":"product_cat","embeddable":true,"href":"https:\/\/bibliaherramientas.com\/libreria\/wp-json\/wp\/v2\/product_cat?post=50875"},{"taxonomy":"product_tag","embeddable":true,"href":"https:\/\/bibliaherramientas.com\/libreria\/wp-json\/wp\/v2\/product_tag?post=50875"}],"curies":[{"name":"wp","href":"https:\/\/api.w.org\/{rel}","templated":true}]}}