{"id":50865,"date":"2020-10-09T02:37:42","date_gmt":"2020-10-09T07:37:42","guid":{"rendered":"https:\/\/bibliaherramientas.com\/libreria\/?post_type=product&#038;p=50865"},"modified":"2026-01-06T13:30:25","modified_gmt":"2026-01-06T19:30:25","slug":"libro-la-crianza-de-los-hijos-por-david-pual-tripp-9781629460321","status":"publish","type":"product","link":"https:\/\/bibliaherramientas.com\/libreria\/producto\/libro-la-crianza-de-los-hijos-por-david-pual-tripp-9781629460321\/","title":{"rendered":"Libro La crianza de los hijos por David Paul Tripp"},"content":{"rendered":"<p>En medio de doblar la ropa sucia, coordinar los horarios del viaje compartido y romper las peleas, muchos padres se pierden. Sintiendo la presi\u00f3n de hacer todo &#8220;bien&#8221; y criar hijos &#8220;buenos&#8221;, es f\u00e1cil perder de vista nuestro prop\u00f3sito final como padres en la b\u00fasqueda de consejos pr\u00e1cticos y f\u00f3rmulas garantizadas.<\/p>\n<p>En este libro vivificante, Paul Tripp ofrece a los padres mucho m\u00e1s que una lista de tareas pendientes. En cambio, nos presenta una visi\u00f3n general del plan de Dios para nosotros como padres. Al esbozar 14 principios fundamentales centrados en el evangelio, muestra que necesitamos m\u00e1s que la \u00faltima estrategia para padres o una lista de t\u00e9cnicas. M\u00e1s bien, necesitamos la gracia salvadora de Dios, la gracia que tiene el poder de moldear c\u00f3mo vemos todo lo que hacemos como padres.<\/p>\n<p>Liberados de la carga de intentar fabricar un cambio de vida en el coraz\u00f3n de nuestros hijos, podemos adoptar una gran perspectiva de la paternidad llena de visi\u00f3n, prop\u00f3sito y alegr\u00eda.<\/p>\n<p>&#8212;&#8212;&#8212;&#8212;&#8212;&#8212;&#8212;&#8212;&#8212;&#8212;&#8212;&#8212;&#8212;&#8212;&#8212;&#8211;<\/p>\n<p>El Dr. Paul David Tripp es pastor, conferencista en eventos y autor galardonado y de mayor venta. Con m\u00e1s de 30 libros y series de videos sobre la vida cristiana, la pasi\u00f3n que impulsa a Paul es conectar el poder transformador de Jesucristo con la vida cotidiana.<\/p>\n<p>Paul naci\u00f3 en Toledo, Ohio, y sus padres hab\u00edan llegado recientemente a la fe en Cristo y estaban muy emocionados por ser padres como creyentes. A pesar de que los Tripp estaban comprometidos a tener un culto familiar diario y asistir a la iglesia siempre que las puertas estuvieran abiertas, la familia de Paul no estuvo exenta de luchas significativas. Dios us\u00f3 estas experiencias para construir en Paul el deseo de ver el Evangelio aplicado a las realidades de la vida en un mundo ca\u00eddo.<\/p>\n<p>Paul asisti\u00f3 al Columbia Bible College (ahora Columbia International University) y se especializ\u00f3 en Biblia y Educaci\u00f3n Cristiana. Luego recibi\u00f3 su maestr\u00eda en Div del Seminario Reformado y su maestr\u00eda en Consejer\u00eda B\u00edblica del Seminario Teol\u00f3gico de Westminster.<\/p>\n<p>A lo largo de su vida, Paul ha plantado una iglesia, fund\u00f3 una escuela cristiana, escribi\u00f3 canciones de adoraci\u00f3n y realiz\u00f3 giras con una banda cristiana. Fue miembro de la facultad de la Christian Counseling and Educational Foundation (CCEF) durante muchos a\u00f1os, profesor de consejer\u00eda b\u00edblica en el Westminster Theological Seminary, profesor visitante en el Southern Baptist Theological Seminary y pastor en la D\u00e9cima Iglesia Presbiteriana.<\/p>\n<p>Paul lanz\u00f3 su propio ministerio en 2006. Vive en Filadelfia y est\u00e1 perdidamente enamorado de su esposa, Luella. Tienen cuatro hijos adultos.<\/p>\n","protected":false},"excerpt":{"rendered":"<p>14 Principios del evangelio que pueden cambiar radicalmente a tu familia<\/p>\n","protected":false},"featured_media":50867,"comment_status":"open","ping_status":"closed","template":"","meta":{"_acf_changed":false},"product_brand":[],"product_cat":[665,528,835,538,836,837,541],"product_tag":[850,914,915,916],"class_list":{"0":"post-50865","1":"product","2":"type-product","3":"status-publish","4":"has-post-thumbnail","6":"product_cat-ayuda","7":"product_cat-familia-matrimonio","8":"product_cat-faro-de-gracia","9":"product_cat-ninos-libros","10":"product_cat-paul-david-tripp","11":"product_cat-paul-david-tripp-por-escritores","12":"product_cat-vida-cristiana","13":"product_tag-familia","14":"product_tag-hijos","15":"product_tag-ninos","16":"product_tag-padres","18":"first","19":"instock","20":"purchasable","21":"product-type-simple"},"acf":[],"_links":{"self":[{"href":"https:\/\/bibliaherramientas.com\/libreria\/wp-json\/wp\/v2\/product\/50865","targetHints":{"allow":["GET"]}}],"collection":[{"href":"https:\/\/bibliaherramientas.com\/libreria\/wp-json\/wp\/v2\/product"}],"about":[{"href":"https:\/\/bibliaherramientas.com\/libreria\/wp-json\/wp\/v2\/types\/product"}],"replies":[{"embeddable":true,"href":"https:\/\/bibliaherramientas.com\/libreria\/wp-json\/wp\/v2\/comments?post=50865"}],"wp:featuredmedia":[{"embeddable":true,"href":"https:\/\/bibliaherramientas.com\/libreria\/wp-json\/wp\/v2\/media\/50867"}],"wp:attachment":[{"href":"https:\/\/bibliaherramientas.com\/libreria\/wp-json\/wp\/v2\/media?parent=50865"}],"wp:term":[{"taxonomy":"product_brand","embeddable":true,"href":"https:\/\/bibliaherramientas.com\/libreria\/wp-json\/wp\/v2\/product_brand?post=50865"},{"taxonomy":"product_cat","embeddable":true,"href":"https:\/\/bibliaherramientas.com\/libreria\/wp-json\/wp\/v2\/product_cat?post=50865"},{"taxonomy":"product_tag","embeddable":true,"href":"https:\/\/bibliaherramientas.com\/libreria\/wp-json\/wp\/v2\/product_tag?post=50865"}],"curies":[{"name":"wp","href":"https:\/\/api.w.org\/{rel}","templated":true}]}}