{"id":50808,"date":"2020-09-23T17:14:51","date_gmt":"2020-09-23T22:14:51","guid":{"rendered":"https:\/\/bibliaherramientas.com\/libreria\/?post_type=product&#038;p=50808"},"modified":"2026-01-06T13:29:43","modified_gmt":"2026-01-06T19:29:43","slug":"biblia-para-ninos-ilustrada-epica-biblia-para-ninos-ilustrada-epica-9781535997164","status":"publish","type":"product","link":"https:\/\/bibliaherramientas.com\/libreria\/producto\/biblia-para-ninos-ilustrada-epica-biblia-para-ninos-ilustrada-epica-9781535997164\/","title":{"rendered":"Libro Historias b\u00edblicas para ni\u00f1os &#8220;\u00c9pica&#8221; La historia que cambi\u00f3 al mundo"},"content":{"rendered":"<p>Lleno de ilustraciones, este libro cautivador permite que los lectores de 8 a 12 a\u00f1os redescubran 40 relatos b\u00edblicos, desde la creaci\u00f3n hasta la cruz, y desde la resurrecci\u00f3n hasta el apocalipsis. Cada cap\u00edtulo incluye una pregunta de aplicaci\u00f3n pr\u00e1ctica para que los lectores reflexionen y entiendan c\u00f3mo todas las partes de la Biblia encajan para crear una historia incre\u00edble sobre el H\u00e9roe m\u00e1s grande de todos.<\/p>\n<p>PREP\u00c1RATE PARA LA HISTORIA M\u00c1S \u00c9PICA QUE JAM\u00c1S SE HAYA ESCRITO. Y QUE TE LLEVAR\u00c1N HACIA JES\u00daS.<\/p>\n<p>* Contada por Aaron Armstrong, Ilustrada por Heath McPherson.<\/p>\n","protected":false},"excerpt":{"rendered":"<p>LA BIBLIA NO ES SOLAMENTE EMOCIONANTE. ES \u00c9PICA.<\/p>\n<p>\u00bfEst\u00e1s listo para la historia que cambi\u00f3 al mundo?<\/p>\n","protected":false},"featured_media":50816,"comment_status":"open","ping_status":"closed","template":"","meta":{"_acf_changed":false},"product_brand":[],"product_cat":[735,492],"product_tag":[924,925,927,926],"class_list":{"0":"post-50808","1":"product","2":"type-product","3":"status-publish","4":"has-post-thumbnail","6":"product_cat-editoriales-bh-espanol","7":"product_cat-biblias-ninos","8":"product_tag-historias-biblicas","9":"product_tag-libros-ilustrados","10":"product_tag-libros-infantiles","11":"product_tag-libros-para-ninos","13":"first","14":"instock","15":"purchasable","16":"product-type-simple"},"acf":[],"_links":{"self":[{"href":"https:\/\/bibliaherramientas.com\/libreria\/wp-json\/wp\/v2\/product\/50808","targetHints":{"allow":["GET"]}}],"collection":[{"href":"https:\/\/bibliaherramientas.com\/libreria\/wp-json\/wp\/v2\/product"}],"about":[{"href":"https:\/\/bibliaherramientas.com\/libreria\/wp-json\/wp\/v2\/types\/product"}],"replies":[{"embeddable":true,"href":"https:\/\/bibliaherramientas.com\/libreria\/wp-json\/wp\/v2\/comments?post=50808"}],"wp:featuredmedia":[{"embeddable":true,"href":"https:\/\/bibliaherramientas.com\/libreria\/wp-json\/wp\/v2\/media\/50816"}],"wp:attachment":[{"href":"https:\/\/bibliaherramientas.com\/libreria\/wp-json\/wp\/v2\/media?parent=50808"}],"wp:term":[{"taxonomy":"product_brand","embeddable":true,"href":"https:\/\/bibliaherramientas.com\/libreria\/wp-json\/wp\/v2\/product_brand?post=50808"},{"taxonomy":"product_cat","embeddable":true,"href":"https:\/\/bibliaherramientas.com\/libreria\/wp-json\/wp\/v2\/product_cat?post=50808"},{"taxonomy":"product_tag","embeddable":true,"href":"https:\/\/bibliaherramientas.com\/libreria\/wp-json\/wp\/v2\/product_tag?post=50808"}],"curies":[{"name":"wp","href":"https:\/\/api.w.org\/{rel}","templated":true}]}}